{"id":15664,"date":"2022-06-07T10:20:06","date_gmt":"2022-06-07T07:20:06","guid":{"rendered":"https:\/\/www.hygeiaivf.gr\/?page_id=15664"},"modified":"2022-06-08T14:50:31","modified_gmt":"2022-06-08T11:50:31","slug":"unsere-klinik","status":"publish","type":"page","link":"https:\/\/www.hygeiaivf.gr\/de\/unsere-klinik\/","title":{"rendered":"Unsere Klinik"},"content":{"rendered":"\t\t<div data-elementor-type=\"wp-page\" data-elementor-id=\"15664\" class=\"elementor elementor-15664\" data-elementor-post-type=\"page\">\n\t\t\t\t\t\t<section class=\"elementor-section elementor-top-section elementor-element elementor-element-4b5342e2 elementor-section-full_width elementor-section-height-default elementor-section-height-default qodef-elementor-content-no\" data-id=\"4b5342e2\" data-element_type=\"section\">\n\t\t\t\t\t\t<div class=\"elementor-container elementor-column-gap-default\">\n\t\t\t\t\t<div class=\"elementor-column elementor-col-100 elementor-top-column elementor-element elementor-element-167b2ae1\" data-id=\"167b2ae1\" data-element_type=\"column\">\n\t\t\t<div class=\"elementor-widget-wrap elementor-element-populated\">\n\t\t\t\t\t\t<div class=\"elementor-element elementor-element-6909952 elementor-widget elementor-widget-text-editor\" data-id=\"6909952\" data-element_type=\"widget\" data-widget_type=\"text-editor.default\">\n\t\t\t\t<div class=\"elementor-widget-container\">\n\t\t\t\t\t\t\t<div class=\"monada-top\" style=\"margin-top: -50px;\">\n\n<img decoding=\"async\" src=\"https:\/\/www.hygeiaivf.gr\/files\/2021\/12\/monada.jpg\" alt=\"\" \/>\n<div style=\"position: absolute; bottom: 0; left: 0; background: linear-gradient(to top,rgba(0,0,0,1) 0,rgba(0,0,0,.5) 44%,transparent 100%); height: 35%; width: 100%;\"><\/div>\n<p style=\"position: absolute; bottom: 23px; left: 170px; width: 470px; max-width: 100%; color: #fff; font-size: 26px; line-height: 1.4; font-weight: 500;\">Mit der Kinderwunschklinik YGEIA IVF Embryogenesis m\u00f6chten wir mehr Liebe in die Welt bringen.<\/p>\n<img decoding=\"async\" style=\"width: 50px; position: absolute; bottom: 95px; left: 101px;\" src=\"\/files\/2021\/10\/ivf_icon_white.png\" \/>\n\n<\/div>\t\t\t\t\t\t<\/div>\n\t\t\t\t<\/div>\n\t\t\t\t<section class=\"elementor-section elementor-inner-section elementor-element elementor-element-5ad3e7f elementor-section-full_width elementor-section-height-default elementor-section-height-default qodef-elementor-content-no\" data-id=\"5ad3e7f\" data-element_type=\"section\">\n\t\t\t\t\t\t<div class=\"elementor-container elementor-column-gap-no\">\n\t\t\t\t\t<div class=\"elementor-column elementor-col-50 elementor-inner-column elementor-element elementor-element-3de8a86\" data-id=\"3de8a86\" data-element_type=\"column\">\n\t\t\t<div class=\"elementor-widget-wrap elementor-element-populated\">\n\t\t\t\t\t\t<div class=\"elementor-element elementor-element-4f67b71 elementor-widget elementor-widget-text-editor\" data-id=\"4f67b71\" data-element_type=\"widget\" data-widget_type=\"text-editor.default\">\n\t\t\t\t<div class=\"elementor-widget-container\">\n\t\t\t\t\t\t\t<div class=\"monada-text\" style=\"background-color: #ffffff; padding: 70px;\"><p style=\"color: #1d6c63; font-size: 32px; line-height: 1.2; ; font-weight: 600;\">Wir bringen mehr Liebe in Ihre Welt!<\/p><p><span style=\"font-family: Times New Roman, serif;\"><span style=\"font-size: medium;\"><span style=\"color: #747474;\"><span style=\"font-family: CFAstyStd, Cambria, serif;\">Ihr Ziel, Ihrer Liebe mit einem Kind zu kr\u00f6nen, ist auch unser Ziel. Ihr Wunsch, ein neues Leben auf die Welt zu bringen, um Ihre Familie zu gr\u00fcnden, ist auch unser Wunsch.<\/span><\/span><\/span><\/span><\/p><p><span style=\"font-family: Times New Roman, serif;\"><span style=\"font-size: medium;\"><span style=\"color: #747474;\"><span style=\"font-family: CFAstyStd, Cambria, serif;\">Das gesamte Team der Kinderwunschklinik YGEIA IVF Embryogenesis tut alles daf\u00fcr, um Ihren Traum von einer gr\u00f6\u00dferen Familie, von Momenten der Gl\u00fccks und von einmaligen Erfahrungen, die Ihnen an jeden Tag Ihres gesamten weiteren Lebens Freude schenken, zu verwirklichen.<\/span><\/span><\/span><\/span><\/p><p><span style=\"color: #747474;\"><span style=\"font-family: CFAstyStd, Cambria, serif;\"><span style=\"font-size: medium;\">F\u00fcr Sie alle, Frauen wie M\u00e4nner, die das Wunder der Entstehung neuen Lebens erleben m\u00f6chten, sind wir da, um Ihnen zu helfen, Ihre unendliche Liebe weitergeben zu k\u00f6nnen.<\/span><\/span><\/span><\/p><p><span style=\"font-family: Times New Roman, serif;\"><span style=\"font-size: medium;\"><span style=\"color: #747474;\"><span style=\"font-family: CFAstyStd, Cambria, serif;\">Unsere Klinik mit ihrer modernen und hochwertigen Ausstattung und ihren renommierten medizinischen Personal bietet Sicherheit und individuelle Betreuung in jedem Behandlungsschritt an.<\/span><\/span><\/span><\/span><\/p><p><span style=\"font-family: Times New Roman, serif;\"><span style=\"font-size: medium;\"><strong><span style=\"color: #747474;\"><span style=\"font-family: CFAstyStd, Cambria, serif;\">Lassen Sie uns gemeinsam den n\u00e4chsten Schritt gehen!<\/span><\/span><\/strong><\/span><\/span><\/p><\/div>\t\t\t\t\t\t<\/div>\n\t\t\t\t<\/div>\n\t\t\t\t\t<\/div>\n\t\t<\/div>\n\t\t\t\t<div class=\"elementor-column elementor-col-50 elementor-inner-column elementor-element elementor-element-0ee1fad mon-cl-left\" data-id=\"0ee1fad\" data-element_type=\"column\">\n\t\t\t<div class=\"elementor-widget-wrap elementor-element-populated\">\n\t\t\t\t\t\t<div class=\"elementor-element elementor-element-2ff806b elementor-widget elementor-widget-image\" data-id=\"2ff806b\" data-element_type=\"widget\" data-widget_type=\"image.default\">\n\t\t\t\t<div class=\"elementor-widget-container\">\n\t\t\t\t\t\t\t\t\t\t\t\t\t<img fetchpriority=\"high\" decoding=\"async\" width=\"990\" height=\"709\" src=\"https:\/\/www.hygeiaivf.gr\/files\/2021\/12\/MONADA-2.jpg\" class=\"attachment-full size-full wp-image-10209\" alt=\"\" srcset=\"https:\/\/www.hygeiaivf.gr\/files\/2021\/12\/MONADA-2.jpg 990w, https:\/\/www.hygeiaivf.gr\/files\/2021\/12\/MONADA-2-300x215.jpg 300w, https:\/\/www.hygeiaivf.gr\/files\/2021\/12\/MONADA-2-768x550.jpg 768w\" sizes=\"(max-width: 990px) 100vw, 990px\" \/>\t\t\t\t\t\t\t\t\t\t\t\t\t<\/div>\n\t\t\t\t<\/div>\n\t\t\t\t<div class=\"elementor-element elementor-element-ce1bac4 anagki-text elementor-widget elementor-widget-text-editor\" data-id=\"ce1bac4\" data-element_type=\"widget\" data-widget_type=\"text-editor.default\">\n\t\t\t\t<div class=\"elementor-widget-container\">\n\t\t\t\t\t\t\t<p style=\"height: 246px; font-size: 30px; font-weight: 800; line-height: 1.25; padding-right: 70px;\">Ihr Wunsch, jemandem diese unendliche Liebe zu schenken, die Sie in sich tragen, ist auch unser Wunsch.<\/p>\n<img decoding=\"async\" style=\"position: absolute; bottom: 40px; right: 40px;\" src=\"\/files\/2021\/10\/ivficongrey.png\" \/>\t\t\t\t\t\t<\/div>\n\t\t\t\t<\/div>\n\t\t\t\t\t<\/div>\n\t\t<\/div>\n\t\t\t\t\t<\/div>\n\t\t<\/section>\n\t\t\t\t<section class=\"elementor-section elementor-inner-section elementor-element elementor-element-5f9bf1e elementor-section-full_width elementor-section-height-default elementor-section-height-default qodef-elementor-content-no\" data-id=\"5f9bf1e\" data-element_type=\"section\">\n\t\t\t\t\t\t<div class=\"elementor-container elementor-column-gap-no\">\n\t\t\t\t\t<div class=\"elementor-column elementor-col-100 elementor-inner-column elementor-element elementor-element-b38b80d\" data-id=\"b38b80d\" data-element_type=\"column\">\n\t\t\t<div class=\"elementor-widget-wrap\">\n\t\t\t\t\t\t\t<\/div>\n\t\t<\/div>\n\t\t\t\t\t<\/div>\n\t\t<\/section>\n\t\t\t\t\t<\/div>\n\t\t<\/div>\n\t\t\t\t\t<\/div>\n\t\t<\/section>\n\t\t\t\t<\/div>\n\t\t","protected":false},"excerpt":{"rendered":"<p>Mit der Kinderwunschklinik YGEIA IVF Embryogenesis m\u00f6chten wir mehr Liebe in die Welt bringen. Wir bringen mehr Liebe in Ihre Welt! Ihr Ziel, Ihrer Liebe mit einem Kind zu kr\u00f6nen, ist auch unser Ziel. Ihr Wunsch, ein neues Leben auf die Welt zu bringen, um Ihre Familie zu gr\u00fcnden, ist auch unser Wunsch. Das gesamte [&hellip;]<\/p>\n","protected":false},"author":1,"featured_media":0,"parent":0,"menu_order":0,"comment_status":"closed","ping_status":"closed","template":"","meta":{"_acf_changed":false,"footnotes":""},"class_list":["post-15664","page","type-page","status-publish","hentry"],"acf":[],"jetpack_sharing_enabled":true,"_links":{"self":[{"href":"https:\/\/www.hygeiaivf.gr\/de\/wp-json\/wp\/v2\/pages\/15664","targetHints":{"allow":["GET"]}}],"collection":[{"href":"https:\/\/www.hygeiaivf.gr\/de\/wp-json\/wp\/v2\/pages"}],"about":[{"href":"https:\/\/www.hygeiaivf.gr\/de\/wp-json\/wp\/v2\/types\/page"}],"author":[{"embeddable":true,"href":"https:\/\/www.hygeiaivf.gr\/de\/wp-json\/wp\/v2\/users\/1"}],"replies":[{"embeddable":true,"href":"https:\/\/www.hygeiaivf.gr\/de\/wp-json\/wp\/v2\/comments?post=15664"}],"version-history":[{"count":0,"href":"https:\/\/www.hygeiaivf.gr\/de\/wp-json\/wp\/v2\/pages\/15664\/revisions"}],"wp:attachment":[{"href":"https:\/\/www.hygeiaivf.gr\/de\/wp-json\/wp\/v2\/media?parent=15664"}],"curies":[{"name":"wp","href":"https:\/\/api.w.org\/{rel}","templated":true}]}}