{"id":15668,"date":"2022-06-07T10:25:07","date_gmt":"2022-06-07T07:25:07","guid":{"rendered":"https:\/\/www.hygeiaivf.gr\/?page_id=15668"},"modified":"2024-01-09T09:03:35","modified_gmt":"2024-01-09T07:03:35","slug":"warum-mit-uns","status":"publish","type":"page","link":"https:\/\/www.hygeiaivf.gr\/de\/warum-mit-uns\/","title":{"rendered":"Warum mit uns?"},"content":{"rendered":"\t\t<div data-elementor-type=\"wp-page\" data-elementor-id=\"15668\" class=\"elementor elementor-15668\" data-elementor-post-type=\"page\">\n\t\t\t\t\t\t<section class=\"elementor-section elementor-top-section elementor-element elementor-element-1abc60e elementor-section-full_width elementor-section-height-default elementor-section-height-default qodef-elementor-content-no\" data-id=\"1abc60e\" data-element_type=\"section\">\n\t\t\t\t\t\t<div class=\"elementor-container elementor-column-gap-default\">\n\t\t\t\t\t<div class=\"elementor-column elementor-col-100 elementor-top-column elementor-element elementor-element-e6881d3\" data-id=\"e6881d3\" data-element_type=\"column\">\n\t\t\t<div class=\"elementor-widget-wrap elementor-element-populated\">\n\t\t\t\t\t\t<div class=\"elementor-element elementor-element-893d62e elementor-widget elementor-widget-image\" data-id=\"893d62e\" data-element_type=\"widget\" data-widget_type=\"image.default\">\n\t\t\t\t<div class=\"elementor-widget-container\">\n\t\t\t\t\t\t\t\t\t\t\t\t\t<img decoding=\"async\" src=\"https:\/\/www.hygeiaivf.gr\/files\/elementor\/thumbs\/ivf23-qr9hrmrkjtl6rqz1opdpe73p08gqvllzmkz6ahs7io.jpg\" title=\"ivf23\" alt=\"ivf23\" loading=\"lazy\" \/>\t\t\t\t\t\t\t\t\t\t\t\t\t<\/div>\n\t\t\t\t<\/div>\n\t\t\t\t\t<\/div>\n\t\t<\/div>\n\t\t\t\t\t<\/div>\n\t\t<\/section>\n\t\t\t\t<section class=\"elementor-section elementor-top-section elementor-element elementor-element-16c5d2e4 elementor-section-full_width elementor-section-height-default elementor-section-height-default qodef-elementor-content-no\" data-id=\"16c5d2e4\" data-element_type=\"section\">\n\t\t\t\t\t\t<div class=\"elementor-container elementor-column-gap-default\">\n\t\t\t\t\t<div class=\"elementor-column elementor-col-100 elementor-top-column elementor-element elementor-element-39ca1e06\" data-id=\"39ca1e06\" data-element_type=\"column\">\n\t\t\t<div class=\"elementor-widget-wrap elementor-element-populated\">\n\t\t\t\t\t\t<div class=\"elementor-element elementor-element-74c58d6 elementor-widget elementor-widget-text-editor\" data-id=\"74c58d6\" data-element_type=\"widget\" data-widget_type=\"text-editor.default\">\n\t\t\t\t<div class=\"elementor-widget-container\">\n\t\t\t\t\t\t\t<div class=\"giati-emas\" style=\"background: #fff; padding: 70px; font-size: 18px;\">\n<p style=\"font-weight: 600; font-size: 20px;\">Weil es unsere Vision ist, jedem Paar den Traum von einem gesunden Kind zu erf\u00fcllen und weil ein gro\u00dfes Team von Wissenschaftlern hart daf\u00fcr arbeitet, diesen Traum zu verwirklichen, damit jedes Paar die sicherste und erfolgreichste Behandlung erhalten kann.<\/p>\n\n<\/div>\t\t\t\t\t\t<\/div>\n\t\t\t\t<\/div>\n\t\t\t\t\t<\/div>\n\t\t<\/div>\n\t\t\t\t\t<\/div>\n\t\t<\/section>\n\t\t\t\t<section class=\"elementor-section elementor-top-section elementor-element elementor-element-ad595c4 elementor-section-full_width elementor-section-height-default elementor-section-height-default qodef-elementor-content-no\" data-id=\"ad595c4\" data-element_type=\"section\">\n\t\t\t\t\t\t<div class=\"elementor-container elementor-column-gap-default\">\n\t\t\t\t\t<div class=\"elementor-column elementor-col-100 elementor-top-column elementor-element elementor-element-c30b111\" data-id=\"c30b111\" data-element_type=\"column\">\n\t\t\t<div class=\"elementor-widget-wrap elementor-element-populated\">\n\t\t\t\t\t\t<div class=\"elementor-element elementor-element-0c0404c elementor-widget elementor-widget-text-editor\" data-id=\"0c0404c\" data-element_type=\"widget\" data-widget_type=\"text-editor.default\">\n\t\t\t\t<div class=\"elementor-widget-container\">\n\t\t\t\t\t\t\t<div class=\"monada-text giati-emas\" style=\"background-color: #1d6c63; color: #ffffff; padding: 30px 70px;\">\n<ul class=\"font-main\" style=\"margin-top: 20px; font-weight: 400; font-size: 17px;\">\n<li>Weil die Klinik Teil des gr\u00f6\u00dften privaten Gesundheitstr\u00e4gers Griechenlands ist, der Hellenic&nbsp;Healthcare&nbsp;Group.<\/li>\n<p> \t<liweil das=\"\" medizinische=\"\" personal=\"\" der=\"\" kinderwunschklinik=\"\" ygeia=\"\" ivf=\"\" embryogenesis=\"\" mit=\"\" \u00fcber=\"\" 70.000=\"\" zur=\"\" welt=\"\" gekommenen=\"\" babys=\"\" die=\"\" gr\u00f6\u00dfte=\"\" erfahrung=\"\" im=\"\" bereich=\"\" in-vitro-fertilisation=\"\" in=\"\" griechenland=\"\" verf\u00fcgt.<=\"\" li=\"\">\n<\/liweil><\/p><li>Weil die Klinik eng mit den gr\u00f6\u00dften Privatkliniken des Landes zusammenarbeitet und so \u00fcber Zugang  zu  speziellen Fachrichtungen und modernster Ausstattung f\u00fcr s\u00e4mtliche Behandlungen verf\u00fcgt.<\/li>\n<li>Weil wir auch in schwierigen F\u00e4llen helfen und die Ursachen vom erfolglosen Kinderwunsch untersuchen k\u00f6nnen.<\/li>\n<li>Weil wir Ihnen rund um die um Ihren Traum zu verwirklichen.<\/li>\n<\/ul>\n<\/div>\t\t\t\t\t\t<\/div>\n\t\t\t\t<\/div>\n\t\t\t\t\t<\/div>\n\t\t<\/div>\n\t\t\t\t\t<\/div>\n\t\t<\/section>\n\t\t\t\t<\/div>\n\t\t","protected":false},"excerpt":{"rendered":"<p>Weil es unsere Vision ist, jedem Paar den Traum von einem gesunden Kind zu erf\u00fcllen und weil ein gro\u00dfes Team von Wissenschaftlern hart daf\u00fcr arbeitet, diesen Traum zu verwirklichen, damit jedes Paar die sicherste und erfolgreichste Behandlung erhalten kann. Weil die Klinik Teil des gr\u00f6\u00dften privaten Gesundheitstr\u00e4gers Griechenlands ist, der Hellenic&nbsp;Healthcare&nbsp;Group.<\/p>\n","protected":false},"author":1,"featured_media":0,"parent":0,"menu_order":0,"comment_status":"closed","ping_status":"closed","template":"","meta":{"_acf_changed":false,"footnotes":""},"class_list":["post-15668","page","type-page","status-publish","hentry"],"acf":[],"jetpack_sharing_enabled":true,"_links":{"self":[{"href":"https:\/\/www.hygeiaivf.gr\/de\/wp-json\/wp\/v2\/pages\/15668","targetHints":{"allow":["GET"]}}],"collection":[{"href":"https:\/\/www.hygeiaivf.gr\/de\/wp-json\/wp\/v2\/pages"}],"about":[{"href":"https:\/\/www.hygeiaivf.gr\/de\/wp-json\/wp\/v2\/types\/page"}],"author":[{"embeddable":true,"href":"https:\/\/www.hygeiaivf.gr\/de\/wp-json\/wp\/v2\/users\/1"}],"replies":[{"embeddable":true,"href":"https:\/\/www.hygeiaivf.gr\/de\/wp-json\/wp\/v2\/comments?post=15668"}],"version-history":[{"count":0,"href":"https:\/\/www.hygeiaivf.gr\/de\/wp-json\/wp\/v2\/pages\/15668\/revisions"}],"wp:attachment":[{"href":"https:\/\/www.hygeiaivf.gr\/de\/wp-json\/wp\/v2\/media?parent=15668"}],"curies":[{"name":"wp","href":"https:\/\/api.w.org\/{rel}","templated":true}]}}