{"id":15675,"date":"2022-06-07T10:39:39","date_gmt":"2022-06-07T07:39:39","guid":{"rendered":"https:\/\/www.hygeiaivf.gr\/?page_id=15675"},"modified":"2022-06-07T10:41:04","modified_gmt":"2022-06-07T07:41:04","slug":"embryologisches-labor","status":"publish","type":"page","link":"https:\/\/www.hygeiaivf.gr\/de\/embryologisches-labor\/","title":{"rendered":"Embryologisches Labor"},"content":{"rendered":"\t\t<div data-elementor-type=\"wp-page\" data-elementor-id=\"15675\" class=\"elementor elementor-15675\" data-elementor-post-type=\"page\">\n\t\t\t\t\t\t<section class=\"elementor-section elementor-top-section elementor-element elementor-element-eece3a1 elementor-section-boxed elementor-section-height-default elementor-section-height-default qodef-elementor-content-no\" data-id=\"eece3a1\" data-element_type=\"section\">\n\t\t\t\t\t\t<div class=\"elementor-container elementor-column-gap-default\">\n\t\t\t\t\t<div class=\"elementor-column elementor-col-100 elementor-top-column elementor-element elementor-element-e010812\" data-id=\"e010812\" data-element_type=\"column\">\n\t\t\t<div class=\"elementor-widget-wrap elementor-element-populated\">\n\t\t\t\t\t\t<div class=\"elementor-element elementor-element-58eb92a elementor-widget elementor-widget-image\" data-id=\"58eb92a\" data-element_type=\"widget\" data-widget_type=\"image.default\">\n\t\t\t\t<div class=\"elementor-widget-container\">\n\t\t\t\t\t\t\t\t\t\t\t\t\t<img fetchpriority=\"high\" decoding=\"async\" width=\"1920\" height=\"931\" src=\"https:\/\/www.hygeiaivf.gr\/files\/2021\/12\/15.jpg\" class=\"attachment-full size-full wp-image-15527\" alt=\"\" srcset=\"https:\/\/www.hygeiaivf.gr\/files\/2021\/12\/15.jpg 1920w, https:\/\/www.hygeiaivf.gr\/files\/2021\/12\/15-300x145.jpg 300w, https:\/\/www.hygeiaivf.gr\/files\/2021\/12\/15-1024x497.jpg 1024w, https:\/\/www.hygeiaivf.gr\/files\/2021\/12\/15-768x372.jpg 768w, https:\/\/www.hygeiaivf.gr\/files\/2021\/12\/15-1536x745.jpg 1536w\" sizes=\"(max-width: 1920px) 100vw, 1920px\" \/>\t\t\t\t\t\t\t\t\t\t\t\t\t<\/div>\n\t\t\t\t<\/div>\n\t\t\t\t\t<\/div>\n\t\t<\/div>\n\t\t\t\t\t<\/div>\n\t\t<\/section>\n\t\t\t\t<section class=\"elementor-section elementor-top-section elementor-element elementor-element-3e129d48 elementor-section-boxed elementor-section-height-default elementor-section-height-default qodef-elementor-content-no\" data-id=\"3e129d48\" data-element_type=\"section\">\n\t\t\t\t\t\t<div class=\"elementor-container elementor-column-gap-default\">\n\t\t\t\t\t<div class=\"elementor-column elementor-col-100 elementor-top-column elementor-element elementor-element-2ea1d723\" data-id=\"2ea1d723\" data-element_type=\"column\">\n\t\t\t<div class=\"elementor-widget-wrap elementor-element-populated\">\n\t\t\t\t\t\t<div class=\"elementor-element elementor-element-b9ae69a elementor-widget elementor-widget-text-editor\" data-id=\"b9ae69a\" data-element_type=\"widget\" data-widget_type=\"text-editor.default\">\n\t\t\t\t<div class=\"elementor-widget-container\">\n\t\t\t\t\t\t\t<div class=\"emvriologiko\" style=\"background: #ffffff; padding: 70px; margin-bottom: 11px;\">\n<p style=\"font-size: 22px; font-weight: 600;\">Das embryologische Labor der Kinderwunschklinik YGEIA IVF Embryogenesis geh\u00f6rt zu den <strong style=\"color: #1d6c63;\">fortschrittlichsten Laboren in Griechenland<\/strong> und zu den besten Laboren weltweit.<\/p>\n<p style=\"font-size: 18px;\">Medizinisches Fachpersonal mit langj\u00e4hriger Erfahrung in der Embryologie, eine hochmoderne technische Ausstattung und die weltweit strengsten Sicherheitsvorkehrungen machen die Kinderwunschklinik YGEIA IVF Embryogenesis zu einer Einrichtung, der jedes unfruchtbare Paar vertrauen kann.<\/p>\n<\/div>\n<div class=\"background-main\" style=\"padding: 70px;\">\n<p><strong>Time-Lapse-Technologie<\/strong><\/p>\n<p style=\"font-size: 18px;\">Die Time-Lapse-Systeme sind besondere Inkubatoren (Brutk\u00e4sten) mit speziellen integrierten digitalen Mikroskop-Kameras. Die Embryonen  werden alle 5-10 Minuten fotografiert, und die einzelnen Aufnahmen mit einer speziellen Software zu einer Videosequenz zusammengef\u00fcgt. Dadurch erhalten wir viel Information \u00fcber die weitere Entwicklung der Embryonen w\u00e4hrend ihrer gesamten Verweildauer im Labor. All diese Information wird erfasst, ohne dass die Embryonen auch aus dem Inkubator entfernt werden m\u00fcssen. Die Embryonen k\u00f6nnen sich so kontinuierlich unter optimalen Bedingungen im Inkubator entwickeln und werden nicht versehentlich ung\u00fcnstigen Au\u00dfenbedingungen ausgesetzt.<\/p>\n<p style=\"font-size: 18px;\">Die Video\u00fcberwachung der Embryonen in Echtzeit im Labor er\u00f6ffnet in Verbindung mit der modernen Software und dem gro\u00dfen Datenvolumen, das vom Time-Lapse-System erfasst wird, vollst\u00e4ndig neue M\u00f6glichkeiten.Die Kombination aus Time-Lapse-System und k\u00fcnstlicher Intelligenz (KI), die wir im embryologischen Labor der Kinderwunschklinik YGEIA IVF Embryogenesis einsetzen, kann mit gro\u00dfer Pr\u00e4zision vorhersagen, welche Embryonen f\u00fcr eine erfolgreiche Schwangerschaft geeignet sind. Dies tr\u00e4gt zu einer h\u00f6heren Erfolgsquote bei den In-vitro-Fertilisationen bei. Das embryologische Labor ist hierbei Vorreiter in Sachen der Automatisierung. Das Time-Lapse-System ist dar\u00fcber hinaus auch ein sehr n\u00fctzliches Hilfsmittel f\u00fcr die Forschung, da es neue Daten zur Zellteilung der Embryonen liefert, die Forschern im Bereich Reproduktionsmedizin bislang unbekannt waren.<\/p>\n<\/div>\n<div class=\"emvr-images\">\n<p><img decoding=\"async\" class=\"alignnone wp-image-9750 size-large\" src=\"https:\/\/www.hygeiaivf.gr\/files\/2021\/12\/13-1024x683.jpg\" alt=\"\" width=\"1024\" height=\"683\" srcset=\"https:\/\/www.hygeiaivf.gr\/files\/2021\/12\/13-1024x683.jpg 1024w, https:\/\/www.hygeiaivf.gr\/files\/2021\/12\/13-300x200.jpg 300w, https:\/\/www.hygeiaivf.gr\/files\/2021\/12\/13-768x512.jpg 768w, https:\/\/www.hygeiaivf.gr\/files\/2021\/12\/13-1536x1024.jpg 1536w, https:\/\/www.hygeiaivf.gr\/files\/2021\/12\/13-2048x1365.jpg 2048w\" sizes=\"(max-width: 1024px) 100vw, 1024px\" \/><\/p>\n<p><img decoding=\"async\" class=\"alignnone wp-image-9740 size-large\" src=\"https:\/\/www.hygeiaivf.gr\/files\/2021\/12\/03-1024x683.jpg\" alt=\"\" width=\"1024\" height=\"683\" srcset=\"https:\/\/www.hygeiaivf.gr\/files\/2021\/12\/03-1024x683.jpg 1024w, https:\/\/www.hygeiaivf.gr\/files\/2021\/12\/03-300x200.jpg 300w, https:\/\/www.hygeiaivf.gr\/files\/2021\/12\/03-768x512.jpg 768w, https:\/\/www.hygeiaivf.gr\/files\/2021\/12\/03-1536x1024.jpg 1536w, https:\/\/www.hygeiaivf.gr\/files\/2021\/12\/03-2048x1365.jpg 2048w\" sizes=\"(max-width: 1024px) 100vw, 1024px\" \/><\/p>\n<\/div>\n<div class=\"background-main\" style=\"padding: 70px;\">\n<p><strong><br>\nDas Life Aire-Bel\u00fcftungssystem der IVF-Klinik in Griechenland <\/strong><\/p>\n<p style=\"font-size: 18px;\">Die Reinheit der Luft im embryologischen Labor ist von wesentlicher Bedeutung, damit sich die Embryonen unter optimalen Bedingungen entwickeln k\u00f6nnen.Das embryologische Labor muss frei von sch\u00e4dlichen Mikroorganismen, fl\u00fcchtigen Stoffen und Feinstaub sein.<\/p>\n<p style=\"font-size: 18px;\">Im embryologischen Labor der neuen Klinik wurde letztes Jahr als erstem Labor in Europa und als einem der wenigen  Labore weltweit das hochmoderne Luftreinigungssystem Life Aire IVF eingebaut, das bis zu 99,99% der Schadstoffe neutralisiert und nachweislich die Erfolgsquote bei der In-vitro-Fertilisation um bis zu 14,9% steigert.Es sind vor allem die modernen Filter des LifeAire-IVF-System, die embryotoxische pathogene Mikroben in der Luft eliminieren und bis zu 99,99% der biologischen und chemischen Umweltschadstoffe sowie Viren, darunter auch Coronaviren, herausfiltern. Sie gew\u00e4hrleisten so eine vollkommen reine und sichere Umgebung f\u00fcr die Entwicklung der Embryonen im embryologischen Labor.Es handelt sich um das erste System in Europa und derzeit auch um eines der wenigen Systeme weltweit.<\/p>\n<\/div>\n<div class=\"emvr-images\">\n<p><img loading=\"lazy\" decoding=\"async\" class=\"alignnone wp-image-9741 size-large\" src=\"https:\/\/www.hygeiaivf.gr\/files\/2021\/12\/04-1024x683.jpg\" alt=\"\" width=\"1024\" height=\"683\" srcset=\"https:\/\/www.hygeiaivf.gr\/files\/2021\/12\/04-1024x683.jpg 1024w, https:\/\/www.hygeiaivf.gr\/files\/2021\/12\/04-300x200.jpg 300w, https:\/\/www.hygeiaivf.gr\/files\/2021\/12\/04-768x512.jpg 768w, https:\/\/www.hygeiaivf.gr\/files\/2021\/12\/04-1536x1024.jpg 1536w, https:\/\/www.hygeiaivf.gr\/files\/2021\/12\/04-2048x1365.jpg 2048w\" sizes=\"(max-width: 1024px) 100vw, 1024px\" \/><\/p>\n<p><img loading=\"lazy\" decoding=\"async\" class=\"alignnone wp-image-9742 size-large\" src=\"https:\/\/www.hygeiaivf.gr\/files\/2021\/12\/05-1024x683.jpg\" alt=\"\" width=\"1024\" height=\"683\" srcset=\"https:\/\/www.hygeiaivf.gr\/files\/2021\/12\/05-1024x683.jpg 1024w, https:\/\/www.hygeiaivf.gr\/files\/2021\/12\/05-300x200.jpg 300w, https:\/\/www.hygeiaivf.gr\/files\/2021\/12\/05-768x512.jpg 768w, https:\/\/www.hygeiaivf.gr\/files\/2021\/12\/05-1536x1024.jpg 1536w, https:\/\/www.hygeiaivf.gr\/files\/2021\/12\/05-2048x1365.jpg 2048w\" sizes=\"(max-width: 1024px) 100vw, 1024px\" \/><\/p>\n<\/div>\n<div class=\"background-main\" style=\"padding: 70px;\">\n<p><strong>RIWitness-Zuordnungs- und -Identifikationssystem <\/strong><strong>RIWitness<\/strong><\/p>\n<p style=\"font-size: 18px;\">Die effiziente Identifizierung und Zuordnung der Eizellen, Spermien und Embryonen zu den entsprechenden Patienten w\u00e4hrend s\u00e4mtlicher Phasen der In-vitro-Fertilisation ist unabdingbar &#8211; nicht nur aus rechtlichen Gr\u00fcnden.Das elektronische System RIWitness mit seiner RIFD-Technologie gew\u00e4hrleistet den ordnungsgem\u00e4\u00dfen Ablauf jeder einzelnen Phase, bietet vollkommene Sicherheit und Transparenz und schafft eine Vertrauensbasis f\u00fcr unsere Patienten.<\/p>\n<\/div>\n<div class=\"emvr-images\">\n<p><img loading=\"lazy\" decoding=\"async\" class=\"alignnone wp-image-9751 size-large\" src=\"https:\/\/www.hygeiaivf.gr\/files\/2021\/12\/16-1024x683.jpg\" alt=\"\" width=\"1024\" height=\"683\" srcset=\"https:\/\/www.hygeiaivf.gr\/files\/2021\/12\/16-1024x683.jpg 1024w, https:\/\/www.hygeiaivf.gr\/files\/2021\/12\/16-300x200.jpg 300w, https:\/\/www.hygeiaivf.gr\/files\/2021\/12\/16-768x512.jpg 768w, https:\/\/www.hygeiaivf.gr\/files\/2021\/12\/16-1536x1024.jpg 1536w, https:\/\/www.hygeiaivf.gr\/files\/2021\/12\/16-2048x1365.jpg 2048w\" sizes=\"(max-width: 1024px) 100vw, 1024px\" \/><\/p>\n<p><img loading=\"lazy\" decoding=\"async\" class=\"alignnone wp-image-9744 size-large\" src=\"https:\/\/www.hygeiaivf.gr\/files\/2021\/12\/07-1024x683.jpg\" alt=\"\" width=\"1024\" height=\"683\" srcset=\"https:\/\/www.hygeiaivf.gr\/files\/2021\/12\/07-1024x683.jpg 1024w, https:\/\/www.hygeiaivf.gr\/files\/2021\/12\/07-300x200.jpg 300w, https:\/\/www.hygeiaivf.gr\/files\/2021\/12\/07-768x512.jpg 768w, https:\/\/www.hygeiaivf.gr\/files\/2021\/12\/07-1536x1024.jpg 1536w, https:\/\/www.hygeiaivf.gr\/files\/2021\/12\/07-2048x1365.jpg 2048w\" sizes=\"(max-width: 1024px) 100vw, 1024px\" \/><\/p>\n<\/div>\n<div class=\"background-main\" style=\"padding: 70px;\">\n<p><strong>Das Log&amp;Guard-Monitoring-System des Labors<\/strong><\/p>\n<p style=\"font-size: 18px;\">Damit im embryologischen Labor kontinuierlich dieselben Umgebungsbedingungen herrschen, werden s\u00e4mtliche wichtigen Parameter mit dem &#8220;Log&amp;Guard&#8221;-Monitoring-System kontinuierlich  in Echtzeit \u00fcberwacht. Dieses System erm\u00f6glicht es uns, s\u00e4mtliche wichtigen Laborparameter rund um die Uhr zu \u00fcberwachen (Inkubator, K\u00fchlschrank-, Raumtemperatur, pH der Kulturmedien, CO<sub>2<\/sub>&#8211; und N<sub>2<\/sub>-Konzentration der Luft im Inkubator, Fl\u00fcssigstickstoffkonzentration der Beh\u00e4lter zur Aufbewahrung genetischen Materials in der Kryobank).<\/p>\n<\/div>\n<div class=\"emvr-images\">\n<p><img loading=\"lazy\" decoding=\"async\" class=\"alignnone wp-image-9745\" src=\"https:\/\/www.hygeiaivf.gr\/files\/2021\/12\/08-683x1024.jpg\" alt=\"\" width=\"1024\" height=\"1536\" srcset=\"https:\/\/www.hygeiaivf.gr\/files\/2021\/12\/08-683x1024.jpg 683w, https:\/\/www.hygeiaivf.gr\/files\/2021\/12\/08-200x300.jpg 200w, https:\/\/www.hygeiaivf.gr\/files\/2021\/12\/08-768x1152.jpg 768w, https:\/\/www.hygeiaivf.gr\/files\/2021\/12\/08-1024x1536.jpg 1024w, https:\/\/www.hygeiaivf.gr\/files\/2021\/12\/08-1365x2048.jpg 1365w, https:\/\/www.hygeiaivf.gr\/files\/2021\/12\/08-scaled.jpg 1707w\" sizes=\"(max-width: 1024px) 100vw, 1024px\" \/><\/p>\n<p><img loading=\"lazy\" decoding=\"async\" class=\"alignnone wp-image-9746 size-large\" src=\"https:\/\/www.hygeiaivf.gr\/files\/2021\/12\/09-1024x683.jpg\" alt=\"\" width=\"1024\" height=\"683\" srcset=\"https:\/\/www.hygeiaivf.gr\/files\/2021\/12\/09-1024x683.jpg 1024w, https:\/\/www.hygeiaivf.gr\/files\/2021\/12\/09-300x200.jpg 300w, https:\/\/www.hygeiaivf.gr\/files\/2021\/12\/09-768x512.jpg 768w, https:\/\/www.hygeiaivf.gr\/files\/2021\/12\/09-1536x1024.jpg 1536w, https:\/\/www.hygeiaivf.gr\/files\/2021\/12\/09-2048x1365.jpg 2048w\" sizes=\"(max-width: 1024px) 100vw, 1024px\" \/><\/p>\n<\/div>\n<div class=\"background-main\" style=\"padding: 70px;\">\n<p><strong>IVFVision.ai &#8211; K\u00fcnstliche Intelligenz f\u00fcr die Embryoauswahl<\/strong><\/p>\n<p style=\"font-size: 18px;\">Das zukunftsweisende System IVFVision.ai des embryologischen Labors w\u00e4hlt mit Pr\u00e4zision den geeigneten Embryo f\u00fcr den Embryonentransfer aus und erh\u00f6ht so die Wahrscheinlichkeit einer Schwangerschaft bei unfruchtbaren Paaren.<\/p>\n<p style=\"font-size: 18px;\">Das IVFVision.ai-System analysiert mithilfe von k\u00fcnstlicher Intelligenz (KI) und neuster Computertechnik Aufnahmen der Morphologie der Blastozyste <i>(d.h. Bilder vom Embryo am 5. Tag)<\/i>. Das System ist in der Lage, ein so gro\u00dfes Datenvolumen auszuwerten, wie es vom menschlichen Gehirn nicht in dieser Menge verarbeitet werden k\u00f6nnte, und gibt mit h\u00f6chster Genauigkeit die Blastozysten aus, bei denen die Wahrscheinlichkeit f\u00fcr ein Einnisten h\u00f6her ist, sowie diejenigen, die f\u00fcr das Einfrieren am besten geeignet sind.<\/p>\n<\/div>\n<div class=\"emvr-images\">\n<p><img loading=\"lazy\" decoding=\"async\" class=\"alignnone wp-image-9747 size-large\" src=\"https:\/\/www.hygeiaivf.gr\/files\/2021\/12\/10-1024x683.jpg\" alt=\"\" width=\"1024\" height=\"683\" srcset=\"https:\/\/www.hygeiaivf.gr\/files\/2021\/12\/10-1024x683.jpg 1024w, https:\/\/www.hygeiaivf.gr\/files\/2021\/12\/10-300x200.jpg 300w, https:\/\/www.hygeiaivf.gr\/files\/2021\/12\/10-768x512.jpg 768w, https:\/\/www.hygeiaivf.gr\/files\/2021\/12\/10-1536x1024.jpg 1536w, https:\/\/www.hygeiaivf.gr\/files\/2021\/12\/10-2048x1365.jpg 2048w\" sizes=\"(max-width: 1024px) 100vw, 1024px\" \/><\/p>\n<p><img loading=\"lazy\" decoding=\"async\" class=\"alignnone wp-image-9748 size-large\" src=\"https:\/\/www.hygeiaivf.gr\/files\/2021\/12\/11-1024x683.jpg\" alt=\"\" width=\"1024\" height=\"683\" srcset=\"https:\/\/www.hygeiaivf.gr\/files\/2021\/12\/11-1024x683.jpg 1024w, https:\/\/www.hygeiaivf.gr\/files\/2021\/12\/11-300x200.jpg 300w, https:\/\/www.hygeiaivf.gr\/files\/2021\/12\/11-768x512.jpg 768w, https:\/\/www.hygeiaivf.gr\/files\/2021\/12\/11-1536x1024.jpg 1536w, https:\/\/www.hygeiaivf.gr\/files\/2021\/12\/11-2048x1365.jpg 2048w\" sizes=\"(max-width: 1024px) 100vw, 1024px\" \/><\/p>\n<\/div>\n<div class=\"background-main\" style=\"padding: 70px;\">\n<p><strong>Unsere Kryobank<\/strong><\/p>\n<p style=\"font-size: 18px;\">Die Kinderwunschklinik YGEIA IVF Embryogenesis unterh\u00e4lt eine eigene Kryobank, die von der Griechischen Nationalen Beh\u00f6rde f\u00fcr assistierte Reproduktion offiziell zugelassen ist.Die Kryobank befindet sich im Klinikgeb\u00e4ude und erf\u00fcllt die h\u00f6chsten Sicherheitsanforderungen und s\u00e4mtliche entsprechenden Vorschriften.Die Kryobank besitzt ein elektronisches System zur 24-Stunden-\u00dcberwachung der Fl\u00fcssigstickstoffkonzentration sowie strenge Zutrittsregelungen nur f\u00fcr befugtes Personal und ist daher ein vollkommen sicherer Aufbewahrungsort f\u00fcr eingefrorene Embryonen, Eizellen und Sperma.<\/p>\n<\/div>\t\t\t\t\t\t<\/div>\n\t\t\t\t<\/div>\n\t\t\t\t\t<\/div>\n\t\t<\/div>\n\t\t\t\t\t<\/div>\n\t\t<\/section>\n\t\t\t\t<\/div>\n\t\t","protected":false},"excerpt":{"rendered":"<p>Das embryologische Labor der Kinderwunschklinik YGEIA IVF Embryogenesis geh\u00f6rt zu den fortschrittlichsten Laboren in Griechenland und zu den besten Laboren weltweit. Medizinisches Fachpersonal mit langj\u00e4hriger Erfahrung in der Embryologie, eine hochmoderne technische Ausstattung und die weltweit strengsten Sicherheitsvorkehrungen machen die Kinderwunschklinik YGEIA IVF Embryogenesis zu einer Einrichtung, der jedes unfruchtbare Paar vertrauen kann. Time-Lapse-Technologie Die [&hellip;]<\/p>\n","protected":false},"author":1,"featured_media":0,"parent":0,"menu_order":0,"comment_status":"closed","ping_status":"closed","template":"","meta":{"_acf_changed":false,"footnotes":""},"class_list":["post-15675","page","type-page","status-publish","hentry"],"acf":[],"jetpack_sharing_enabled":true,"_links":{"self":[{"href":"https:\/\/www.hygeiaivf.gr\/de\/wp-json\/wp\/v2\/pages\/15675","targetHints":{"allow":["GET"]}}],"collection":[{"href":"https:\/\/www.hygeiaivf.gr\/de\/wp-json\/wp\/v2\/pages"}],"about":[{"href":"https:\/\/www.hygeiaivf.gr\/de\/wp-json\/wp\/v2\/types\/page"}],"author":[{"embeddable":true,"href":"https:\/\/www.hygeiaivf.gr\/de\/wp-json\/wp\/v2\/users\/1"}],"replies":[{"embeddable":true,"href":"https:\/\/www.hygeiaivf.gr\/de\/wp-json\/wp\/v2\/comments?post=15675"}],"version-history":[{"count":0,"href":"https:\/\/www.hygeiaivf.gr\/de\/wp-json\/wp\/v2\/pages\/15675\/revisions"}],"wp:attachment":[{"href":"https:\/\/www.hygeiaivf.gr\/de\/wp-json\/wp\/v2\/media?parent=15675"}],"curies":[{"name":"wp","href":"https:\/\/api.w.org\/{rel}","templated":true}]}}