{"id":15680,"date":"2022-06-07T10:43:30","date_gmt":"2022-06-07T07:43:30","guid":{"rendered":"https:\/\/www.hygeiaivf.gr\/?page_id=15680"},"modified":"2022-06-07T10:44:58","modified_gmt":"2022-06-07T07:44:58","slug":"statistik-erfolgsquote","status":"publish","type":"page","link":"https:\/\/www.hygeiaivf.gr\/de\/unsere-klinik\/statistik-erfolgsquote\/","title":{"rendered":"Statistik (Erfolgsquote)"},"content":{"rendered":"\t\t<div data-elementor-type=\"wp-page\" data-elementor-id=\"15680\" class=\"elementor elementor-15680\" data-elementor-post-type=\"page\">\n\t\t\t\t\t\t<section class=\"elementor-section elementor-top-section elementor-element elementor-element-61715d7 elementor-section-boxed elementor-section-height-default elementor-section-height-default qodef-elementor-content-no\" data-id=\"61715d7\" data-element_type=\"section\">\n\t\t\t\t\t\t<div class=\"elementor-container elementor-column-gap-default\">\n\t\t\t\t\t<div class=\"elementor-column elementor-col-100 elementor-top-column elementor-element elementor-element-bae6183\" data-id=\"bae6183\" data-element_type=\"column\">\n\t\t\t<div class=\"elementor-widget-wrap elementor-element-populated\">\n\t\t\t\t\t\t<div class=\"elementor-element elementor-element-80bd5d2 elementor-widget elementor-widget-text-editor\" data-id=\"80bd5d2\" data-element_type=\"widget\" data-widget_type=\"text-editor.default\">\n\t\t\t\t<div class=\"elementor-widget-container\">\n\t\t\t\t\t\t\t<p style=\"margin-bottom: 0cm; background-position: initial; background-color: #f1f3f5; line-height: 0.69cm;\" align=\"CENTER\"><span style=\"font-family: Times New Roman, serif;\"><span style=\"font-size: medium;\"><span style=\"color: #747474;\"><span style=\"font-family: CFAstyStd, Cambria, serif;\"><span style=\"font-size: 14pt;\">Wir sind gl\u00fccklich, in der\u00a0<\/span><\/span><\/span><strong><span style=\"color: #747474;\"><span style=\"font-family: CFAstyStd, Cambria, serif;\"><span style=\"font-size: 14pt;\">Kinderwunschklinik YGEIA IVF Embryogenesis<\/span><\/span><\/span><\/strong><span style=\"color: #747474;\"><span style=\"font-family: CFAstyStd, Cambria, serif;\"><span style=\"font-size: 14pt;\">\u00a0ein Spitzenteam aus ausgebildeten Fach\u00e4rzten und Embryologen versammelt zu haben, die \u00fcber die gr\u00f6\u00dfte Erfahrung in der assistierten Reproduktion in ganz Griechenland verf\u00fcgen bzw. bereits mehr als 70.000 Babys dabei geholfen haben, auf die Welt zu kommen.<\/span><\/span><\/span><\/span><\/span><\/p>\t\t\t\t\t\t<\/div>\n\t\t\t\t<\/div>\n\t\t\t\t\t<\/div>\n\t\t<\/div>\n\t\t\t\t\t<\/div>\n\t\t<\/section>\n\t\t\t\t<section class=\"elementor-section elementor-top-section elementor-element elementor-element-2b02ffb elementor-section-boxed elementor-section-height-default elementor-section-height-default qodef-elementor-content-no\" data-id=\"2b02ffb\" data-element_type=\"section\">\n\t\t\t\t\t\t<div class=\"elementor-container elementor-column-gap-default\">\n\t\t\t\t\t<div class=\"elementor-column elementor-col-50 elementor-top-column elementor-element elementor-element-f880228\" data-id=\"f880228\" data-element_type=\"column\">\n\t\t\t<div class=\"elementor-widget-wrap elementor-element-populated\">\n\t\t\t\t\t\t<div class=\"elementor-element elementor-element-73664ca elementor-widget elementor-widget-html\" data-id=\"73664ca\" data-element_type=\"widget\" data-widget_type=\"html.default\">\n\t\t\t\t<div class=\"elementor-widget-container\">\n\t\t\t<img decoding=\"async\" width=\"150\" style=\"text-align:center;margin:0 auto; display:block;\" src=\"\/wp-content\/themes\/stal\/assets\/img\/pregnant.svg\"\/>\t\t<\/div>\n\t\t\t\t<\/div>\n\t\t\t\t<div class=\"elementor-element elementor-element-b178f27 count-number elementor-widget elementor-widget-counter\" data-id=\"b178f27\" data-element_type=\"widget\" data-widget_type=\"counter.default\">\n\t\t\t\t<div class=\"elementor-widget-container\">\n\t\t\t\t\t<div class=\"elementor-counter\">\n\t\t\t<div class=\"elementor-counter-title\">geborene Kinder<\/div>\t\t\t<div class=\"elementor-counter-number-wrapper\">\n\t\t\t\t<span class=\"elementor-counter-number-prefix\"><\/span>\n\t\t\t\t<span class=\"elementor-counter-number\" data-duration=\"700\" data-to-value=\"70000\" data-from-value=\"0\" data-delimiter=\",\">0<\/span>\n\t\t\t\t<span class=\"elementor-counter-number-suffix\"><\/span>\n\t\t\t<\/div>\n\t\t<\/div>\n\t\t\t\t<\/div>\n\t\t\t\t<\/div>\n\t\t\t\t\t<\/div>\n\t\t<\/div>\n\t\t\t\t<div class=\"elementor-column elementor-col-50 elementor-top-column elementor-element elementor-element-6003d34\" data-id=\"6003d34\" data-element_type=\"column\">\n\t\t\t<div class=\"elementor-widget-wrap elementor-element-populated\">\n\t\t\t\t\t\t<div class=\"elementor-element elementor-element-38a083d elementor-widget elementor-widget-html\" data-id=\"38a083d\" data-element_type=\"widget\" data-widget_type=\"html.default\">\n\t\t\t\t<div class=\"elementor-widget-container\">\n\t\t\t<img decoding=\"async\" width=\"150\" style=\"text-align:center;margin:0 auto; display:block;\" src=\"\/wp-content\/themes\/stal\/assets\/img\/ivf.svg\"\/>\t\t<\/div>\n\t\t\t\t<\/div>\n\t\t\t\t<div class=\"elementor-element elementor-element-7935584 count-number elementor-widget elementor-widget-counter\" data-id=\"7935584\" data-element_type=\"widget\" data-widget_type=\"counter.default\">\n\t\t\t\t<div class=\"elementor-widget-container\">\n\t\t\t\t\t<div class=\"elementor-counter\">\n\t\t\t<div class=\"elementor-counter-title\">Kinderwunschbehandlungen<\/div>\t\t\t<div class=\"elementor-counter-number-wrapper\">\n\t\t\t\t<span class=\"elementor-counter-number-prefix\"><\/span>\n\t\t\t\t<span class=\"elementor-counter-number\" data-duration=\"700\" data-to-value=\"150000\" data-from-value=\"0\" data-delimiter=\",\">0<\/span>\n\t\t\t\t<span class=\"elementor-counter-number-suffix\"><\/span>\n\t\t\t<\/div>\n\t\t<\/div>\n\t\t\t\t<\/div>\n\t\t\t\t<\/div>\n\t\t\t\t\t<\/div>\n\t\t<\/div>\n\t\t\t\t\t<\/div>\n\t\t<\/section>\n\t\t\t\t<\/div>\n\t\t","protected":false},"excerpt":{"rendered":"<p>Wir sind gl\u00fccklich, in der\u00a0Kinderwunschklinik YGEIA IVF Embryogenesis\u00a0ein Spitzenteam aus ausgebildeten Fach\u00e4rzten und Embryologen versammelt zu haben, die \u00fcber die gr\u00f6\u00dfte Erfahrung in der assistierten Reproduktion in ganz Griechenland verf\u00fcgen bzw. bereits mehr als 70.000 Babys dabei geholfen haben, auf die Welt zu kommen. 0 geborene Kinder 0 Kinderwunschbehandlungen<\/p>\n","protected":false},"author":1,"featured_media":0,"parent":15664,"menu_order":0,"comment_status":"closed","ping_status":"closed","template":"","meta":{"_acf_changed":false,"footnotes":""},"class_list":["post-15680","page","type-page","status-publish","hentry"],"acf":[],"jetpack_sharing_enabled":true,"_links":{"self":[{"href":"https:\/\/www.hygeiaivf.gr\/de\/wp-json\/wp\/v2\/pages\/15680","targetHints":{"allow":["GET"]}}],"collection":[{"href":"https:\/\/www.hygeiaivf.gr\/de\/wp-json\/wp\/v2\/pages"}],"about":[{"href":"https:\/\/www.hygeiaivf.gr\/de\/wp-json\/wp\/v2\/types\/page"}],"author":[{"embeddable":true,"href":"https:\/\/www.hygeiaivf.gr\/de\/wp-json\/wp\/v2\/users\/1"}],"replies":[{"embeddable":true,"href":"https:\/\/www.hygeiaivf.gr\/de\/wp-json\/wp\/v2\/comments?post=15680"}],"version-history":[{"count":0,"href":"https:\/\/www.hygeiaivf.gr\/de\/wp-json\/wp\/v2\/pages\/15680\/revisions"}],"up":[{"embeddable":true,"href":"https:\/\/www.hygeiaivf.gr\/de\/wp-json\/wp\/v2\/pages\/15664"}],"wp:attachment":[{"href":"https:\/\/www.hygeiaivf.gr\/de\/wp-json\/wp\/v2\/media?parent=15680"}],"curies":[{"name":"wp","href":"https:\/\/api.w.org\/{rel}","templated":true}]}}