{"id":15688,"date":"2022-06-07T11:24:26","date_gmt":"2022-06-07T08:24:26","guid":{"rendered":"https:\/\/www.hygeiaivf.gr\/?page_id=15688"},"modified":"2022-06-07T11:25:35","modified_gmt":"2022-06-07T08:25:35","slug":"qualitaetsmanagement","status":"publish","type":"page","link":"https:\/\/www.hygeiaivf.gr\/de\/unsere-klinik\/qualitaetsmanagement\/","title":{"rendered":"Qualit\u00e4tsmanagement"},"content":{"rendered":"\t\t<div data-elementor-type=\"wp-page\" data-elementor-id=\"15688\" class=\"elementor elementor-15688\" data-elementor-post-type=\"page\">\n\t\t\t\t\t\t<section class=\"elementor-section elementor-top-section elementor-element elementor-element-ba06006 elementor-section-boxed elementor-section-height-default elementor-section-height-default qodef-elementor-content-no\" data-id=\"ba06006\" data-element_type=\"section\">\n\t\t\t\t\t\t<div class=\"elementor-container elementor-column-gap-default\">\n\t\t\t\t\t<div class=\"elementor-column elementor-col-100 elementor-top-column elementor-element elementor-element-1fc830a\" data-id=\"1fc830a\" data-element_type=\"column\">\n\t\t\t<div class=\"elementor-widget-wrap elementor-element-populated\">\n\t\t\t\t\t\t<div class=\"elementor-element elementor-element-b2da13a elementor-widget elementor-widget-text-editor\" data-id=\"b2da13a\" data-element_type=\"widget\" data-widget_type=\"text-editor.default\">\n\t\t\t\t<div class=\"elementor-widget-container\">\n\t\t\t\t\t\t\t<img fetchpriority=\"high\" decoding=\"async\" src=\"https:\/\/www.hygeiaivf.gr\/files\/2022\/01\/PISTOPOISIS.jpg\" alt=\"\" width=\"1920\" height=\"1085\" \/>\n<div style=\"background: #ffffff; padding: 70px; margin-bottom: 11px;\">\n<p style=\"font-size: 22px; font-weight: 600;\">In der Kinderwunschklinik YGEIA IVF Embryogenesis verf\u00fcgen wir \u00fcber ein <strong>Qualit\u00e4tsmanagementsystem <\/strong>, das s\u00e4mtliche angebotenen Leistungen und Betriebseinheiten umfasst (Kliniken, Verwaltung, Labore und Sozialdienste).<\/p>\n<p style=\"text-align: center;\"><a href=\"https:\/\/www.hygeiaivf.gr\/files\/2022\/06\/CERT_IVF_15224_2022_GR.pdf\"><img decoding=\"async\" src=\"https:\/\/www.hygeiaivf.gr\/files\/2022\/03\/TUV-300x258.jpg\" alt=\"\" width=\"94\" height=\"78\" \/><\/a>EN 15224 \u2013 Qualit\u00e4tsmanagement \u2013 EN ISO 9001:2015 f\u00fcr das Gesundheitswesen<\/p>\n\n<\/div>\t\t\t\t\t\t<\/div>\n\t\t\t\t<\/div>\n\t\t\t\t<div class=\"elementor-element elementor-element-d957861 font-main elementor-widget elementor-widget-text-editor\" data-id=\"d957861\" data-element_type=\"widget\" data-widget_type=\"text-editor.default\">\n\t\t\t\t<div class=\"elementor-widget-container\">\n\t\t\t\t\t\t\t<p style=\"font-size: 22px; font-weight: 600;\">Im Rahmen dieses Systems verpflichten wir uns zu folgendem:<\/p>\n\n<ul>\n \t<li><span style=\"color: #ffffff;\"><span style=\"font-family: CFAstyStd, Cambria, serif;\"><span style=\"font-size: medium;\"><b>Wir erf\u00fcllen die Bed\u00fcrfnisse, W\u00fcnsche und Erwartungshaltungen der Patienten und ihrer Angeh\u00f6rigen<\/b><\/span><\/span><\/span><span style=\"color: #ffffff;\"><span style=\"font-family: CFAstyStd, Cambria, serif;\"><span style=\"font-size: medium;\">, um sie zufrieden zu stellen und Ihnen den bestm\u00f6glichen Service zu bieten. Wir versuchen, die Anforderungen unserer Angestellten, Mitarbeiter sowie der Gesellschaft hinsichtlich der angebotenen reproduktionsmedizinischen Massnahmen, der Gesundheit am Arbeitsplatz, der Arbeitssicherheit und der Umwelt zu erf\u00fcllen.<\/span><\/span><\/span><\/li>\n \t<li><span style=\"color: #ffffff;\"><span style=\"font-family: CFAstyStd, Cambria, serif;\"><span style=\"font-size: medium;\"><b>Wir verpflichten uns bez\u00fcglich der angebotenen ausgezeichneten Dienste\u00a0<\/b><\/span><\/span><\/span><span style=\"color: #ffffff;\"><span style=\"font-family: CFAstyStd, Cambria, serif;\"><span style=\"font-size: medium;\">entsprechende Mittel, entsprechend ausgebildetes Personal und Spitzentechnologie bereitzustellen, und gute berufliche Praktiken umzusetzen.\n<\/span><\/span><\/span><span style=\"color: #ffffff;\"><span style=\"font-family: CFAstyStd, Cambria, serif;\"><span style=\"font-size: medium;\"><b>Wir halten die strengsten gesetzlichen Bestimmungen und rechtlichen Vorschriften in ihrer jeweils geltenden Fassung und die sich daraus ergebenden Verpflichtungen ein, die wir schriftlich anerkannt haben.<\/b><\/span><\/span><\/span><span style=\"color: #ffffff;\"><span style=\"font-family: CFAstyStd, Cambria, serif;\"><span style=\"font-size: medium;\"> Diese beziehen sich auf die bez\u00fcglich einer Befruchtung und Schwangerschaft angebotenen Leistungen, die mit k\u00fcnstlichen Befruchtung erzielt werden, sowie auf die Aufbewahrung und die Bereitstellung von unbefruchteten Eizellen, Samenzellen und befruchteten Eizellen, die f\u00fcr Forschungszwecke oder im Rahmen der Griechischen Nationalen Beh\u00f6rde f\u00fcr assistierte Reproduktion verwendet werden sollen, die Sicherheit und die Gesundheit der Mitarbeiter, die Umwelt und den Schutz der personenbezogenen Daten.<\/span><\/span><\/span><\/li>\n<\/ul>\n<ul>\n \t<li><span style=\"color: #ffffff;\"><span style=\"font-family: CFAstyStd, Cambria, serif;\"><span style=\"font-size: medium;\"><b>Wir erf\u00fcllen die folgenden Normen, f\u00fcr die wir zertifiziert wurden:<\/b><\/span><\/span><\/span>\n<ul>\n \t<li><span style=\"color: #ffffff;\"><span style=\"font-family: CFAstyStd, Cambria, serif;\"><span style=\"font-size: medium;\">EN 15224 \u2013 Qualit\u00e4tsmanagement \u2013 EN ISO 9001:2015 f\u00fcr das Gesundheitswesen<\/span><\/span><\/span><\/li>\n<\/ul>\n<\/li>\n<\/ul>\n<ul>\n \t<li><span style=\"color: #ffffff;\"><span style=\"font-family: CFAstyStd, Cambria, serif;\"><span style=\"font-size: medium;\"><b>Wir halten uns bei s\u00e4mtlichen unternehmerischen T\u00e4tigkeiten an die Leits\u00e4tze der Pr\u00e4vention<\/b><\/span><\/span><\/span><span style=\"color: #ffffff;\"><span style=\"font-family: CFAstyStd, Cambria, serif;\"><span style=\"font-size: medium;\">.<\/span><\/span><\/span><\/li>\n<\/ul>\n<ul>\n \t<li><span style=\"color: #ffffff;\"><span style=\"font-family: CFAstyStd, Cambria, serif;\"><span style=\"font-size: medium;\"><b>Wir sch\u00fctzen die Umwelt.\u00a0<\/b><\/span><\/span><\/span><span style=\"color: #ffffff;\"><span style=\"font-family: CFAstyStd, Cambria, serif;\"><span style=\"font-size: medium;\">Wir verpflichten uns, im Einklang mit nationalen und europ\u00e4ischen Recht zum Umweltschutz, zum nachhaltigen Umgang mit Rohstoffen, zur Begrenzung der Auswirkungen auf und zur Anpassung an den Klimawandel sowie zum Schutz der Biodiversit\u00e4t und der \u00d6kosysteme.<\/span><\/span><\/span><\/li>\n<\/ul>\n<ul>\n \t<li><span style=\"color: #ffffff;\"><span style=\"font-family: CFAstyStd, Cambria, serif;\"><span style=\"font-size: medium;\"><b>Wir garantieren sichere und gesunde Arbeitsbedingungen<\/b><\/span><\/span><\/span><span style=\"color: #ffffff;\"><span style=\"font-family: CFAstyStd, Cambria, serif;\"><span style=\"font-size: medium;\"> zur Pr\u00e4vention von Arbeitsunf\u00e4llen und Krankheiten.Wir verpflichten uns zur Beseitigung von Gefahren, zur Verringerung der Gesundheitsgef\u00e4hrdung und zur Sicherheit am Arbeitsplatz.Wir verpflichten uns zur Beratung und Mitbestimmung der Mitarbeiter und ihren Vertretern.<\/span><\/span><\/span><\/li>\n<\/ul>\n<ul>\n \t<li><span style=\"color: #ffffff;\"><span style=\"font-family: CFAstyStd, Cambria, serif;\"><span style=\"font-size: medium;\"><b>Wir garantieren ein vertrauensw\u00fcrdiges Umfeld und eine Kultur der Sicherheit f\u00fcr unser Personal<\/b><\/span><\/span><\/span><span style=\"color: #ffffff;\"><span style=\"font-family: CFAstyStd, Cambria, serif;\"><span style=\"font-size: medium;\">, das eine offene Kommunikation, eine aktive Mitbestimmung, freie Meinungs\u00e4u\u00dferung, die Wahrnehmung von Rechten, die \u00dcbernahme von Verantwortung, Sicherheit, die Verantwortung f\u00fcr die Umwelt, die Zusammenarbeit im Team, die Weiterbildung und pers\u00f6nliche Entwicklung, das Erreichen von Zielen und die entsprechende Anerkennung erm\u00f6glicht, wenn die Erwartungen erf\u00fcllt werden.<\/span><\/span><\/span><\/li>\n<\/ul>\n<ul>\n \t<li><span style=\"color: #ffffff;\"><span style=\"font-family: CFAstyStd, Cambria, serif;\"><span style=\"font-size: medium;\"><b>Wir minimieren das Auftreten von Abweichungen<\/b><\/span><\/span><\/span><span style=\"color: #ffffff;\"><span style=\"font-family: CFAstyStd, Cambria, serif;\"><span style=\"font-size: medium;\"> von unserem Normalbetrieb und den besten internationalen Praktiken.Wir beurteilen die Folgen potenzieller Arbeitsunf\u00e4lle und\/oder Umweltunf\u00e4lle und k\u00fcmmern uns darum, dass diese zielgerichtet und schnell beseitigt werden.<\/span><\/span><\/span><\/li>\n<\/ul>\n<ul>\n \t<li><span style=\"color: #ffffff;\"><span style=\"font-family: CFAstyStd, Cambria, serif;\"><span style=\"font-size: medium;\"><b>Wir verpflichten uns zur kontinuierlichen Verbesserung des Qualit\u00e4tsmanagementsystems<\/b><\/span><\/span><\/span><span style=\"color: #ffffff;\"><span style=\"font-family: CFAstyStd, Cambria, serif;\"><span style=\"font-size: medium;\">, um unsere Leistungen weiter zu verbessern, und unsere strategischen Ziele f\u00fcr unternehmerische Exzellenz zu erreichen.<\/span><\/span><\/span><\/li>\n<\/ul>\n<\/li>\n<\/ul>\t\t\t\t\t\t<\/div>\n\t\t\t\t<\/div>\n\t\t\t\t\t<\/div>\n\t\t<\/div>\n\t\t\t\t\t<\/div>\n\t\t<\/section>\n\t\t\t\t<section class=\"elementor-section elementor-top-section elementor-element elementor-element-a542f85 elementor-section-boxed elementor-section-height-default elementor-section-height-default qodef-elementor-content-no\" data-id=\"a542f85\" data-element_type=\"section\">\n\t\t\t\t\t\t<div class=\"elementor-container elementor-column-gap-default\">\n\t\t\t\t\t<div class=\"elementor-column elementor-col-100 elementor-top-column elementor-element elementor-element-169b794\" data-id=\"169b794\" data-element_type=\"column\">\n\t\t\t<div class=\"elementor-widget-wrap elementor-element-populated\">\n\t\t\t\t\t\t<div class=\"elementor-element elementor-element-960b21c elementor-widget elementor-widget-text-editor\" data-id=\"960b21c\" data-element_type=\"widget\" data-widget_type=\"text-editor.default\">\n\t\t\t\t<div class=\"elementor-widget-container\">\n\t\t\t\t\t\t\t<p><a href=\"https:\/\/www.hygeiaivf.gr\/files\/2022\/06\/CERT_IVF_15224_2022_GR.pdf\"><img decoding=\"async\" class=\"alignnone wp-image-13451\" src=\"https:\/\/www.hygeiaivf.gr\/files\/2022\/03\/TUV-300x258.jpg\" alt=\"\" width=\"157\" height=\"122\" \/><\/a><span lang=\"EL\"><b> EN 15224 \u2013 Qualit\u00e4tsmanagement \u2013 EN ISO 9001:2015 f\u00fcr das Gesundheitswesen<\/b><\/span><\/p>\t\t\t\t\t\t<\/div>\n\t\t\t\t<\/div>\n\t\t\t\t\t<\/div>\n\t\t<\/div>\n\t\t\t\t\t<\/div>\n\t\t<\/section>\n\t\t\t\t<\/div>\n\t\t","protected":false},"excerpt":{"rendered":"<p>In der Kinderwunschklinik YGEIA IVF Embryogenesis verf\u00fcgen wir \u00fcber ein Qualit\u00e4tsmanagementsystem , das s\u00e4mtliche angebotenen Leistungen und Betriebseinheiten umfasst (Kliniken, Verwaltung, Labore und Sozialdienste). EN 15224 \u2013 Qualit\u00e4tsmanagement \u2013 EN ISO 9001:2015 f\u00fcr das Gesundheitswesen Im Rahmen dieses Systems verpflichten wir uns zu folgendem: Wir erf\u00fcllen die Bed\u00fcrfnisse, W\u00fcnsche und Erwartungshaltungen der Patienten und ihrer [&hellip;]<\/p>\n","protected":false},"author":1,"featured_media":0,"parent":15664,"menu_order":0,"comment_status":"closed","ping_status":"closed","template":"","meta":{"_acf_changed":false,"footnotes":""},"class_list":["post-15688","page","type-page","status-publish","hentry"],"acf":[],"jetpack_sharing_enabled":true,"_links":{"self":[{"href":"https:\/\/www.hygeiaivf.gr\/de\/wp-json\/wp\/v2\/pages\/15688","targetHints":{"allow":["GET"]}}],"collection":[{"href":"https:\/\/www.hygeiaivf.gr\/de\/wp-json\/wp\/v2\/pages"}],"about":[{"href":"https:\/\/www.hygeiaivf.gr\/de\/wp-json\/wp\/v2\/types\/page"}],"author":[{"embeddable":true,"href":"https:\/\/www.hygeiaivf.gr\/de\/wp-json\/wp\/v2\/users\/1"}],"replies":[{"embeddable":true,"href":"https:\/\/www.hygeiaivf.gr\/de\/wp-json\/wp\/v2\/comments?post=15688"}],"version-history":[{"count":0,"href":"https:\/\/www.hygeiaivf.gr\/de\/wp-json\/wp\/v2\/pages\/15688\/revisions"}],"up":[{"embeddable":true,"href":"https:\/\/www.hygeiaivf.gr\/de\/wp-json\/wp\/v2\/pages\/15664"}],"wp:attachment":[{"href":"https:\/\/www.hygeiaivf.gr\/de\/wp-json\/wp\/v2\/media?parent=15688"}],"curies":[{"name":"wp","href":"https:\/\/api.w.org\/{rel}","templated":true}]}}