{"id":15694,"date":"2022-06-07T11:41:08","date_gmt":"2022-06-07T08:41:08","guid":{"rendered":"https:\/\/www.hygeiaivf.gr\/?page_id=15694"},"modified":"2025-09-03T16:00:08","modified_gmt":"2025-09-03T13:00:08","slug":"organotiki-domi","status":"publish","type":"page","link":"https:\/\/www.hygeiaivf.gr\/de\/unsere-klinik\/organotiki-domi\/","title":{"rendered":"Organigramm"},"content":{"rendered":"\t\t<div data-elementor-type=\"wp-page\" data-elementor-id=\"15694\" class=\"elementor elementor-15694\" data-elementor-post-type=\"page\">\n\t\t\t\t\t\t<section class=\"elementor-section elementor-top-section elementor-element elementor-element-6c9432d1 elementor-section-boxed elementor-section-height-default elementor-section-height-default qodef-elementor-content-no\" data-id=\"6c9432d1\" data-element_type=\"section\">\n\t\t\t\t\t\t<div class=\"elementor-container elementor-column-gap-default\">\n\t\t\t\t\t<div class=\"elementor-column elementor-col-100 elementor-top-column elementor-element elementor-element-2e0fb86c\" data-id=\"2e0fb86c\" data-element_type=\"column\">\n\t\t\t<div class=\"elementor-widget-wrap elementor-element-populated\">\n\t\t\t\t\t\t<div class=\"elementor-element elementor-element-415fdb0b elementor-widget elementor-widget-text-editor\" data-id=\"415fdb0b\" data-element_type=\"widget\" data-widget_type=\"text-editor.default\">\n\t\t\t\t<div class=\"elementor-widget-container\">\n\t\t\t\t\t\t\t<style>\n  .clean-table {\n    border-collapse: collapse;\n    width: 100%;\n    background-color: transparent; \/* \u03b1\u03c6\u03b1\u03b9\u03c1\u03b5\u03af \u03c4\u03bf \u03ba\u03af\u03c4\u03c1\u03b9\u03bd\u03bf \u03c6\u03cc\u03bd\u03c4\u03bf *\/\n  }\n  .clean-table td {\n    border: none;                \/* \u03b1\u03c6\u03b1\u03b9\u03c1\u03b5\u03af \u03cc\u03bb\u03b5\u03c2 \u03c4\u03b9\u03c2 \u03b3\u03c1\u03b1\u03bc\u03bc\u03ad\u03c2\/\u03b4\u03b9\u03b1\u03c7\u03c9\u03c1\u03b9\u03c3\u03c4\u03b9\u03ba\u03ac *\/\n    padding: 8px 10px;\n    vertical-align: middle;\n  }\n  .clean-table .label {\n    color: #18534b;\n    font-weight: 700;\n    width: 50%;\n  }\n  .tables-wrapper {\n    margin-top: 20px; \/* \u03ac\u03bb\u03bb\u03b1\u03be\u03b5 \u03c3\u03b5 0 \u03b1\u03bd \u03b8\u03ad\u03bb\u03b5\u03b9\u03c2 \u03bd\u03b1 \u03b5\u03af\u03bd\u03b1\u03b9 \u03ba\u03bf\u03bb\u03bb\u03b7\u03c4\u03ac \u03c4\u03b1 \u03b4\u03cd\u03bf tables *\/\n  }\n<\/style>\n\n<!-- First table (Deutsch) -->\n<table class=\"clean-table\">\n  <tbody>\n    <tr>\n      <td class=\"label\"><strong>Pr\u00e4sident und Gesch\u00e4ftsf\u00fchrender Direktor<\/strong><\/td>\n      <td>Vasileios Kellaris<\/td>\n    <\/tr>\n    <tr>\n      <td class=\"label\"><strong>Vizepr\u00e4sident<\/strong><\/td>\n      <td>Georgios Ioannidis<\/td>\n    <\/tr>\n    <tr>\n      <td class=\"label\"><strong>Gesch\u00e4ftsf\u00fchrender Direktor<\/strong><\/td>\n      <td>Stavros Sougioultzis<\/td>\n    <\/tr>\n    <tr>\n      <td class=\"label\"><strong>Mitglied<\/strong><\/td>\n      <td>Georgios Christopoulos<\/td>\n    <\/tr>\n    <tr>\n      <td class=\"label\"><strong>Mitglied<\/strong><\/td>\n      <td>Eirini Karientidou<\/td>\n    <\/tr>\n    <tr>\n      <td class=\"label\"><strong>Mitglied<\/strong><\/td>\n      <td>Christodoulos Papanikopoulos<\/td>\n    <\/tr>\n    <tr>\n      <td class=\"label\"><strong>Mitglied<\/strong><\/td>\n      <td>Dimitrios Eleftherios Mantzavinos<\/td>\n    <\/tr>\n    <tr>\n      <td class=\"label\"><strong>Mitglied<\/strong><\/td>\n      <td>Athanasios Papageorgakis<\/td>\n    <\/tr>\n    <tr>\n      <td class=\"label\"><strong>Mitglied<\/strong><\/td>\n      <td>Dimitrios Stefos<\/td>\n    <\/tr>\n  <\/tbody>\n<\/table>\n\n<div class=\"tables-wrapper\">\n  <!-- Second table (Deutsch: Wissenschaftliche Rollen) -->\n  <table class=\"clean-table\">\n    <tbody>\n      <tr>\n        <td class=\"label\"><strong>Wissenschaftlicher Leiter<\/strong><\/td>\n        <td>Evangelos Makrakis<\/td>\n      <\/tr>\n      <tr>\n        <td class=\"label\"><strong>Leiter Embryologisches Labor<\/strong><\/td>\n        <td>Ioannis Sfontouris<\/td>\n      <\/tr>\n    <\/tbody>\n  <\/table>\n<\/div>\n\t\t\t\t\t\t<\/div>\n\t\t\t\t<\/div>\n\t\t\t\t\t<\/div>\n\t\t<\/div>\n\t\t\t\t\t<\/div>\n\t\t<\/section>\n\t\t\t\t<\/div>\n\t\t","protected":false},"excerpt":{"rendered":"<p>Pr\u00e4sident und Gesch\u00e4ftsf\u00fchrender Direktor Vasileios Kellaris Vizepr\u00e4sident Georgios Ioannidis Gesch\u00e4ftsf\u00fchrender Direktor Stavros Sougioultzis Mitglied Georgios Christopoulos Mitglied Eirini Karientidou Mitglied Christodoulos Papanikopoulos Mitglied Dimitrios Eleftherios Mantzavinos Mitglied Athanasios Papageorgakis Mitglied Dimitrios Stefos Wissenschaftlicher Leiter Evangelos Makrakis Leiter Embryologisches Labor Ioannis Sfontouris<\/p>\n","protected":false},"author":1,"featured_media":0,"parent":15664,"menu_order":0,"comment_status":"closed","ping_status":"closed","template":"","meta":{"_acf_changed":false,"footnotes":""},"class_list":["post-15694","page","type-page","status-publish","hentry"],"acf":[],"jetpack_sharing_enabled":true,"_links":{"self":[{"href":"https:\/\/www.hygeiaivf.gr\/de\/wp-json\/wp\/v2\/pages\/15694","targetHints":{"allow":["GET"]}}],"collection":[{"href":"https:\/\/www.hygeiaivf.gr\/de\/wp-json\/wp\/v2\/pages"}],"about":[{"href":"https:\/\/www.hygeiaivf.gr\/de\/wp-json\/wp\/v2\/types\/page"}],"author":[{"embeddable":true,"href":"https:\/\/www.hygeiaivf.gr\/de\/wp-json\/wp\/v2\/users\/1"}],"replies":[{"embeddable":true,"href":"https:\/\/www.hygeiaivf.gr\/de\/wp-json\/wp\/v2\/comments?post=15694"}],"version-history":[{"count":0,"href":"https:\/\/www.hygeiaivf.gr\/de\/wp-json\/wp\/v2\/pages\/15694\/revisions"}],"up":[{"embeddable":true,"href":"https:\/\/www.hygeiaivf.gr\/de\/wp-json\/wp\/v2\/pages\/15664"}],"wp:attachment":[{"href":"https:\/\/www.hygeiaivf.gr\/de\/wp-json\/wp\/v2\/media?parent=15694"}],"curies":[{"name":"wp","href":"https:\/\/api.w.org\/{rel}","templated":true}]}}