{"id":16929,"date":"2022-08-01T13:41:54","date_gmt":"2022-08-01T10:41:54","guid":{"rendered":"https:\/\/www.hygeiaivf.gr\/?page_id=16929"},"modified":"2022-08-01T13:51:19","modified_gmt":"2022-08-01T10:51:19","slug":"l-unite","status":"publish","type":"page","link":"https:\/\/www.hygeiaivf.gr\/fr\/l-unite\/","title":{"rendered":"L\u2019unit\u00e9"},"content":{"rendered":"\t\t<div data-elementor-type=\"wp-page\" data-elementor-id=\"16929\" class=\"elementor elementor-16929\" data-elementor-post-type=\"page\">\n\t\t\t\t\t\t<section class=\"elementor-section elementor-top-section elementor-element elementor-element-4b5342e2 elementor-section-full_width elementor-section-height-default elementor-section-height-default qodef-elementor-content-no\" data-id=\"4b5342e2\" data-element_type=\"section\">\n\t\t\t\t\t\t<div class=\"elementor-container elementor-column-gap-default\">\n\t\t\t\t\t<div class=\"elementor-column elementor-col-100 elementor-top-column elementor-element elementor-element-167b2ae1\" data-id=\"167b2ae1\" data-element_type=\"column\">\n\t\t\t<div class=\"elementor-widget-wrap elementor-element-populated\">\n\t\t\t\t\t\t<div class=\"elementor-element elementor-element-6909952 elementor-widget elementor-widget-text-editor\" data-id=\"6909952\" data-element_type=\"widget\" data-widget_type=\"text-editor.default\">\n\t\t\t\t<div class=\"elementor-widget-container\">\n\t\t\t\t\t\t\t<div class=\"monada-top\" style=\"margin-top: -50px;\">\n\n<img decoding=\"async\" src=\"https:\/\/www.hygeiaivf.gr\/files\/2021\/12\/monada.jpg\" alt=\"\" \/>\n<div style=\"position: absolute; bottom: 0; left: 0; background: linear-gradient(to top,rgba(0,0,0,1) 0,rgba(0,0,0,.5) 44%,transparent 100%); height: 35%; width: 100%;\"><\/div>\n<p style=\"position: absolute; bottom: 23px; left: 170px; width: 470px; max-width: 100%; color: #fff; font-size: 26px; line-height: 1.4; font-weight: 500;\">\u00c0 l\u2019unit\u00e9 d\u2019YGEIA FIV embryog\u00e9n\u00e8se, nous voulons apporter plus d\u2019amour dans votre monde.<\/p>\n<img decoding=\"async\" style=\"width: 50px; position: absolute; bottom: 95px; left: 101px;\" src=\"\/files\/2021\/10\/ivf_icon_white.png\" \/>\n\n<\/div>\t\t\t\t\t\t<\/div>\n\t\t\t\t<\/div>\n\t\t\t\t<section class=\"elementor-section elementor-inner-section elementor-element elementor-element-5ad3e7f elementor-section-full_width elementor-section-height-default elementor-section-height-default qodef-elementor-content-no\" data-id=\"5ad3e7f\" data-element_type=\"section\">\n\t\t\t\t\t\t<div class=\"elementor-container elementor-column-gap-no\">\n\t\t\t\t\t<div class=\"elementor-column elementor-col-50 elementor-inner-column elementor-element elementor-element-3de8a86\" data-id=\"3de8a86\" data-element_type=\"column\">\n\t\t\t<div class=\"elementor-widget-wrap elementor-element-populated\">\n\t\t\t\t\t\t<div class=\"elementor-element elementor-element-4f67b71 elementor-widget elementor-widget-text-editor\" data-id=\"4f67b71\" data-element_type=\"widget\" data-widget_type=\"text-editor.default\">\n\t\t\t\t<div class=\"elementor-widget-container\">\n\t\t\t\t\t\t\t<div style=\"background-color: #ffffff; padding: 70px;\"><p style=\"color: #1d6c63; font-size: 32px; line-height: 1.2; ; font-weight: 600;\">Nous apportons plus d\u2019amour dans votre monde !<\/p><p><span style=\"box-sizing: border-box; outline: 0px; top: -100000px; width: 100px; display: inline-block; margin-top: 1px; position: absolute; left: 0px; z-index: 0; font-size: 0px; color: #000000; font-family: Arial; font-style: normal; font-variant-ligatures: normal; font-variant-caps: normal; font-weight: 400; letter-spacing: normal; orphans: 2; text-align: start; text-indent: 0px; text-transform: none; white-space: normal; widows: 2; word-spacing: 0px; -webkit-text-stroke-width: 0px; background-color: #f5f5f5; text-decoration-thickness: initial; text-decoration-style: initial; text-decoration-color: initial;\" tabindex=\"1\" contenteditable=\"false\"><span style=\"box-sizing: border-box; outline: 0px; display: inline-block; height: 0px; width: 100px;\" contenteditable=\"true\">\u00a0<\/span><\/span><\/p><p lang=\"fr-FR\"><span style=\"color: #747474;\"><span style=\"font-family: CFAstyStd, Cambria, serif;\"><span style=\"font-size: medium;\">Votre volont\u00e9 de donner votre amour d\u00e9bordant est aussi notre volont\u00e9. Votre d\u00e9sir de mettre au monde une nouvelle vie qui viendra compl\u00e9ter votre famille est aussi notre d\u00e9sir.<\/span><\/span><\/span><\/p><p lang=\"fr-FR\"><span style=\"font-family: Times New Roman, serif;\"><span style=\"font-size: medium;\"><span style=\"color: #747474;\"><span style=\"font-family: CFAstyStd, Cambria, serif;\">Nous tous, l\u2019\u00e9quipe de l\u2019unit\u00e9 d\u2019YGEIA FIV embryog\u00e9n\u00e8se, participons \u00e0 votre r\u00eave d<\/span><\/span><span style=\"color: #747474;\">\u2019<\/span><span style=\"color: #747474;\"><span style=\"font-family: CFAstyStd, Cambria, serif;\">en avoir plus de moments heureux, d\u2019une famille plus nombreuse et d\u2019un monde de nouvelles exp\u00e9riences qui se d\u00e9roulera devant vous, jour apr\u00e8s jour, pour le reste de votre vie.<\/span><\/span><\/span><\/span><\/p><p lang=\"fr-FR\"><span style=\"color: #747474;\"><span style=\"font-family: CFAstyStd, Cambria, serif;\"><span style=\"font-size: medium;\">Pour vous tous, femmes et hommes, qui voulez vivre le miracle de la cr\u00e9ation d\u2019une nouvelle vie, nous sommes l\u00e0 pour vous aider \u00e0 donner votre amour incommensurable.<\/span><\/span><\/span><\/p><p lang=\"fr-FR\"><span style=\"font-family: Times New Roman, serif;\"><span style=\"font-size: medium;\"><span style=\"color: #747474;\"><span style=\"font-family: CFAstyStd, Cambria, serif;\">Nous avons cr\u00e9\u00e9 une installation mod\u00e8le pour le pays et pour l\u2019\u00e9tranger, avec un environnement moderne et chaleureux, tout en respectant v\u00f4tre s\u00e9curit\u00e9 et intimit\u00e9, dot\u00e9 d\u2019un personnel scientifique de haut niveau et d\u2019\u00e9quipements technologiques de pointe.<\/span><\/span><\/span><\/span><\/p><p lang=\"fr-FR\"><span style=\"font-family: Times New Roman, serif;\"><span style=\"font-size: medium;\"><strong class=\"western\"><span style=\"color: #747474;\"><span style=\"font-family: CFAstyStd, Cambria, serif;\">Ensemble, nous franchissons la prochaine \u00e9tape !<\/span><\/span><\/strong><\/span><\/span><\/p><\/div>\t\t\t\t\t\t<\/div>\n\t\t\t\t<\/div>\n\t\t\t\t\t<\/div>\n\t\t<\/div>\n\t\t\t\t<div class=\"elementor-column elementor-col-50 elementor-inner-column elementor-element elementor-element-0ee1fad mon-cl-left\" data-id=\"0ee1fad\" data-element_type=\"column\">\n\t\t\t<div class=\"elementor-widget-wrap elementor-element-populated\">\n\t\t\t\t\t\t<div class=\"elementor-element elementor-element-2ff806b elementor-widget elementor-widget-image\" data-id=\"2ff806b\" data-element_type=\"widget\" data-widget_type=\"image.default\">\n\t\t\t\t<div class=\"elementor-widget-container\">\n\t\t\t\t\t\t\t\t\t\t\t\t\t<img fetchpriority=\"high\" decoding=\"async\" width=\"990\" height=\"709\" src=\"https:\/\/www.hygeiaivf.gr\/files\/2021\/12\/MONADA-2.jpg\" class=\"attachment-full size-full wp-image-10209\" alt=\"\" srcset=\"https:\/\/www.hygeiaivf.gr\/files\/2021\/12\/MONADA-2.jpg 990w, https:\/\/www.hygeiaivf.gr\/files\/2021\/12\/MONADA-2-300x215.jpg 300w, https:\/\/www.hygeiaivf.gr\/files\/2021\/12\/MONADA-2-768x550.jpg 768w\" sizes=\"(max-width: 990px) 100vw, 990px\" \/>\t\t\t\t\t\t\t\t\t\t\t\t\t<\/div>\n\t\t\t\t<\/div>\n\t\t\t\t<div class=\"elementor-element elementor-element-ce1bac4 anagki-text elementor-widget elementor-widget-text-editor\" data-id=\"ce1bac4\" data-element_type=\"widget\" data-widget_type=\"text-editor.default\">\n\t\t\t\t<div class=\"elementor-widget-container\">\n\t\t\t\t\t\t\t<p style=\"height: 246px; font-size: 30px; font-weight: 800; line-height: 1.25; padding-right: 70px;\">Votre d\u00e9sir de donner l\u2019amour d\u00e9bordant que vous avez en vous est aussi notre d\u00e9sir.<\/p>\n<img decoding=\"async\" style=\"position: absolute; bottom: 40px; right: 40px;\" src=\"\/files\/2021\/10\/ivficongrey.png\" \/>\t\t\t\t\t\t<\/div>\n\t\t\t\t<\/div>\n\t\t\t\t\t<\/div>\n\t\t<\/div>\n\t\t\t\t\t<\/div>\n\t\t<\/section>\n\t\t\t\t<section class=\"elementor-section elementor-inner-section elementor-element elementor-element-5f9bf1e elementor-section-full_width elementor-section-height-default elementor-section-height-default qodef-elementor-content-no\" data-id=\"5f9bf1e\" data-element_type=\"section\">\n\t\t\t\t\t\t<div class=\"elementor-container elementor-column-gap-no\">\n\t\t\t\t\t<div class=\"elementor-column elementor-col-100 elementor-inner-column elementor-element elementor-element-b38b80d\" data-id=\"b38b80d\" data-element_type=\"column\">\n\t\t\t<div class=\"elementor-widget-wrap\">\n\t\t\t\t\t\t\t<\/div>\n\t\t<\/div>\n\t\t\t\t\t<\/div>\n\t\t<\/section>\n\t\t\t\t\t<\/div>\n\t\t<\/div>\n\t\t\t\t\t<\/div>\n\t\t<\/section>\n\t\t\t\t<\/div>\n\t\t","protected":false},"excerpt":{"rendered":"<p>\u00c0 l\u2019unit\u00e9 d\u2019YGEIA FIV embryog\u00e9n\u00e8se, nous voulons apporter plus d\u2019amour dans votre monde. Nous apportons plus d\u2019amour dans votre monde ! \u00a0 Votre volont\u00e9 de donner votre amour d\u00e9bordant est aussi notre volont\u00e9. Votre d\u00e9sir de mettre au monde une nouvelle vie qui viendra compl\u00e9ter votre famille est aussi notre d\u00e9sir. Nous tous, l\u2019\u00e9quipe de [&hellip;]<\/p>\n","protected":false},"author":1,"featured_media":0,"parent":0,"menu_order":0,"comment_status":"closed","ping_status":"closed","template":"","meta":{"_acf_changed":false,"footnotes":""},"class_list":["post-16929","page","type-page","status-publish","hentry"],"acf":[],"jetpack_sharing_enabled":true,"_links":{"self":[{"href":"https:\/\/www.hygeiaivf.gr\/fr\/wp-json\/wp\/v2\/pages\/16929","targetHints":{"allow":["GET"]}}],"collection":[{"href":"https:\/\/www.hygeiaivf.gr\/fr\/wp-json\/wp\/v2\/pages"}],"about":[{"href":"https:\/\/www.hygeiaivf.gr\/fr\/wp-json\/wp\/v2\/types\/page"}],"author":[{"embeddable":true,"href":"https:\/\/www.hygeiaivf.gr\/fr\/wp-json\/wp\/v2\/users\/1"}],"replies":[{"embeddable":true,"href":"https:\/\/www.hygeiaivf.gr\/fr\/wp-json\/wp\/v2\/comments?post=16929"}],"version-history":[{"count":0,"href":"https:\/\/www.hygeiaivf.gr\/fr\/wp-json\/wp\/v2\/pages\/16929\/revisions"}],"wp:attachment":[{"href":"https:\/\/www.hygeiaivf.gr\/fr\/wp-json\/wp\/v2\/media?parent=16929"}],"curies":[{"name":"wp","href":"https:\/\/api.w.org\/{rel}","templated":true}]}}