{"id":16941,"date":"2022-08-01T13:57:37","date_gmt":"2022-08-01T10:57:37","guid":{"rendered":"https:\/\/www.hygeiaivf.gr\/?page_id=16941"},"modified":"2022-08-01T13:58:28","modified_gmt":"2022-08-01T10:58:28","slug":"vision-et-mission","status":"publish","type":"page","link":"https:\/\/www.hygeiaivf.gr\/fr\/vision-et-mission\/","title":{"rendered":"Vision et mission"},"content":{"rendered":"\t\t<div data-elementor-type=\"wp-page\" data-elementor-id=\"16941\" class=\"elementor elementor-16941\" data-elementor-post-type=\"page\">\n\t\t\t\t\t\t<section class=\"elementor-section elementor-top-section elementor-element elementor-element-438391b8 orama-row elementor-section-boxed elementor-section-height-default elementor-section-height-default qodef-elementor-content-no\" data-id=\"438391b8\" data-element_type=\"section\">\n\t\t\t\t\t\t<div class=\"elementor-container elementor-column-gap-default\">\n\t\t\t\t\t<div class=\"elementor-column elementor-col-50 elementor-top-column elementor-element elementor-element-7346e028\" data-id=\"7346e028\" data-element_type=\"column\">\n\t\t\t<div class=\"elementor-widget-wrap elementor-element-populated\">\n\t\t\t\t\t\t<div class=\"elementor-element elementor-element-76001c6 elementor-widget elementor-widget-text-editor\" data-id=\"76001c6\" data-element_type=\"widget\" data-widget_type=\"text-editor.default\">\n\t\t\t\t<div class=\"elementor-widget-container\">\n\t\t\t\t\t\t\t<div class=\"orama-text\" style=\"background-color: #ffffff; padding: 70px;\">\n<p style=\"font-size: 22px; font-weight: 600; color: #1d6c63;\">Vision<\/p>\n<p style=\"font-size: 18px;\">Notre ambition est de r\u00e9aliser le r\u00eave de chaque couple et de chaque femme d&#8217;avoir un enfant en bonne sant\u00e9.<\/p>\n<p style=\"font-size: 22px; font-weight: 600; color: #1d6c63; margin-top: 35px;\">Mission<\/p>\n<p style=\"font-size: 18px;\">Notre mission est de fournir le traitement le plus ad\u00e9quat et le plus efficace possible pour que les couples puissent avoir un b\u00e9b\u00e9 en bonne sant\u00e9.<\/p>\n\n<\/div>\t\t\t\t\t\t<\/div>\n\t\t\t\t<\/div>\n\t\t\t\t\t<\/div>\n\t\t<\/div>\n\t\t\t\t<div class=\"elementor-column elementor-col-50 elementor-top-column elementor-element elementor-element-192e2a1 orama-image\" data-id=\"192e2a1\" data-element_type=\"column\" data-settings=\"{&quot;background_background&quot;:&quot;classic&quot;}\">\n\t\t\t<div class=\"elementor-widget-wrap\">\n\t\t\t\t\t\t\t<\/div>\n\t\t<\/div>\n\t\t\t\t\t<\/div>\n\t\t<\/section>\n\t\t\t\t<\/div>\n\t\t","protected":false},"excerpt":{"rendered":"<p>Vision Notre ambition est de r\u00e9aliser le r\u00eave de chaque couple et de chaque femme d&#8217;avoir un enfant en bonne sant\u00e9. Mission Notre mission est de fournir le traitement le plus ad\u00e9quat et le plus efficace possible pour que les couples puissent avoir un b\u00e9b\u00e9 en bonne sant\u00e9.<\/p>\n","protected":false},"author":1,"featured_media":0,"parent":0,"menu_order":0,"comment_status":"closed","ping_status":"closed","template":"","meta":{"_acf_changed":false,"footnotes":""},"class_list":["post-16941","page","type-page","status-publish","hentry"],"acf":[],"jetpack_sharing_enabled":true,"_links":{"self":[{"href":"https:\/\/www.hygeiaivf.gr\/fr\/wp-json\/wp\/v2\/pages\/16941","targetHints":{"allow":["GET"]}}],"collection":[{"href":"https:\/\/www.hygeiaivf.gr\/fr\/wp-json\/wp\/v2\/pages"}],"about":[{"href":"https:\/\/www.hygeiaivf.gr\/fr\/wp-json\/wp\/v2\/types\/page"}],"author":[{"embeddable":true,"href":"https:\/\/www.hygeiaivf.gr\/fr\/wp-json\/wp\/v2\/users\/1"}],"replies":[{"embeddable":true,"href":"https:\/\/www.hygeiaivf.gr\/fr\/wp-json\/wp\/v2\/comments?post=16941"}],"version-history":[{"count":0,"href":"https:\/\/www.hygeiaivf.gr\/fr\/wp-json\/wp\/v2\/pages\/16941\/revisions"}],"wp:attachment":[{"href":"https:\/\/www.hygeiaivf.gr\/fr\/wp-json\/wp\/v2\/media?parent=16941"}],"curies":[{"name":"wp","href":"https:\/\/api.w.org\/{rel}","templated":true}]}}