{"id":16946,"date":"2022-08-01T14:04:02","date_gmt":"2022-08-01T11:04:02","guid":{"rendered":"https:\/\/www.hygeiaivf.gr\/?page_id=16946"},"modified":"2024-01-09T08:58:10","modified_gmt":"2024-01-09T06:58:10","slug":"pourquoi-nous-choisir","status":"publish","type":"page","link":"https:\/\/www.hygeiaivf.gr\/fr\/pourquoi-nous-choisir\/","title":{"rendered":"Pourquoi nous choisir ?"},"content":{"rendered":"\t\t<div data-elementor-type=\"wp-page\" data-elementor-id=\"16946\" class=\"elementor elementor-16946\" data-elementor-post-type=\"page\">\n\t\t\t\t\t\t<section class=\"elementor-section elementor-top-section elementor-element elementor-element-1abc60e elementor-section-full_width elementor-section-height-default elementor-section-height-default qodef-elementor-content-no\" data-id=\"1abc60e\" data-element_type=\"section\">\n\t\t\t\t\t\t<div class=\"elementor-container elementor-column-gap-default\">\n\t\t\t\t\t<div class=\"elementor-column elementor-col-100 elementor-top-column elementor-element elementor-element-e6881d3\" data-id=\"e6881d3\" data-element_type=\"column\">\n\t\t\t<div class=\"elementor-widget-wrap elementor-element-populated\">\n\t\t\t\t\t\t<div class=\"elementor-element elementor-element-893d62e elementor-widget elementor-widget-image\" data-id=\"893d62e\" data-element_type=\"widget\" data-widget_type=\"image.default\">\n\t\t\t\t<div class=\"elementor-widget-container\">\n\t\t\t\t\t\t\t\t\t\t\t\t\t<img decoding=\"async\" src=\"https:\/\/www.hygeiaivf.gr\/files\/elementor\/thumbs\/ivf23-qr9hrmrkjtl6rqz1opdpe73p08gqvllzmkz6ahs7io.jpg\" title=\"ivf23\" alt=\"ivf23\" loading=\"lazy\" \/>\t\t\t\t\t\t\t\t\t\t\t\t\t<\/div>\n\t\t\t\t<\/div>\n\t\t\t\t\t<\/div>\n\t\t<\/div>\n\t\t\t\t\t<\/div>\n\t\t<\/section>\n\t\t\t\t<section class=\"elementor-section elementor-top-section elementor-element elementor-element-16c5d2e4 elementor-section-full_width elementor-section-height-default elementor-section-height-default qodef-elementor-content-no\" data-id=\"16c5d2e4\" data-element_type=\"section\">\n\t\t\t\t\t\t<div class=\"elementor-container elementor-column-gap-default\">\n\t\t\t\t\t<div class=\"elementor-column elementor-col-100 elementor-top-column elementor-element elementor-element-39ca1e06\" data-id=\"39ca1e06\" data-element_type=\"column\">\n\t\t\t<div class=\"elementor-widget-wrap elementor-element-populated\">\n\t\t\t\t\t\t<div class=\"elementor-element elementor-element-74c58d6 elementor-widget elementor-widget-text-editor\" data-id=\"74c58d6\" data-element_type=\"widget\" data-widget_type=\"text-editor.default\">\n\t\t\t\t<div class=\"elementor-widget-container\">\n\t\t\t\t\t\t\t<div class=\"giati-emas\" style=\"background: #fff; padding: 70px; font-size: 18px;\"><p class=\"western\" lang=\"fr-FR\" style=\"line-height: 0.69cm; margin-top: 0.26cm; margin-bottom: 0.26cm; background-position: initial; background-color: #ffffff;\"><span style=\"color: #747474;\"><span style=\"font-family: CFAstyStd, Cambria, serif;\"><span style=\"font-size: 15pt;\"><b>Parce que notre ambition est de r\u00e9aliser le r\u00eave de chaque couple d&#8217;avoir un enfant en bonne sant\u00e9. Et pour cela, une grande \u00e9quipe de scientifiques travaille dur pour fournir le traitement le plus ad\u00e9quat et le plus efficace possible aux futures m\u00e8res et couples.<\/b><\/span><\/span><\/span><\/p><\/div>\t\t\t\t\t\t<\/div>\n\t\t\t\t<\/div>\n\t\t\t\t\t<\/div>\n\t\t<\/div>\n\t\t\t\t\t<\/div>\n\t\t<\/section>\n\t\t\t\t<section class=\"elementor-section elementor-top-section elementor-element elementor-element-ad595c4 elementor-section-full_width elementor-section-height-default elementor-section-height-default qodef-elementor-content-no\" data-id=\"ad595c4\" data-element_type=\"section\">\n\t\t\t\t\t\t<div class=\"elementor-container elementor-column-gap-default\">\n\t\t\t\t\t<div class=\"elementor-column elementor-col-100 elementor-top-column elementor-element elementor-element-c30b111\" data-id=\"c30b111\" data-element_type=\"column\">\n\t\t\t<div class=\"elementor-widget-wrap elementor-element-populated\">\n\t\t\t\t\t\t<div class=\"elementor-element elementor-element-0c0404c elementor-widget elementor-widget-text-editor\" data-id=\"0c0404c\" data-element_type=\"widget\" data-widget_type=\"text-editor.default\">\n\t\t\t\t<div class=\"elementor-widget-container\">\n\t\t\t\t\t\t\t<div class=\"monada-text giati-emas\" style=\"background-color: #1d6c63; color: #ffffff; padding: 30px 70px;\">\n<ul class=\"font-main\" style=\"margin-top: 20px; font-weight: 400; font-size: 17px;\">\n<li>Parce que l\u2019unit\u00e9 est membre de Hellenic Healthcare Group, le plus grand groupe de soins de sant\u00e9 en Gr\u00e8ce.<\/li>\n<li>Parce que l\u2019\u00e9quipe scientifique de l\u2019unit\u00e9 YGEIA FIV embryog\u00e9n\u00e8se poss\u00e8de la plus grande exp\u00e9rience en mati\u00e8re de procr\u00e9ation m\u00e9dicalement assist\u00e9e, ayant contribu\u00e9 \u00e0 mettre au monde plus de 70.000 b\u00e9b\u00e9s.<\/li>\n<li>Parce que l\u2019unit\u00e9 est indissociablement li\u00e9e aux plus grands h\u00f4pitaux priv\u00e9s du pays, et vous avez ainsi acc\u00e8s \u00e0 des services sp\u00e9cialis\u00e9s et \u00e0 des \u00e9quipements de pointe pour tout ce dont vous avez besoin.<\/li>\n<li>Parce qu\u2019ensemble, nous pouvons traiter les cas et les causes d\u2019infertilit\u00e9 les plus difficiles.<\/li>\n<li>Parce que nous sommes, nous ferons de votre r\u00eave une r\u00e9alit\u00e9.<\/li>\n<\/ul>\n<\/div>\t\t\t\t\t\t<\/div>\n\t\t\t\t<\/div>\n\t\t\t\t\t<\/div>\n\t\t<\/div>\n\t\t\t\t\t<\/div>\n\t\t<\/section>\n\t\t\t\t<\/div>\n\t\t","protected":false},"excerpt":{"rendered":"<p>Parce que notre ambition est de r\u00e9aliser le r\u00eave de chaque couple d&#8217;avoir un enfant en bonne sant\u00e9. Et pour cela, une grande \u00e9quipe de scientifiques travaille dur pour fournir le traitement le plus ad\u00e9quat et le plus efficace possible aux futures m\u00e8res et couples. Parce que l\u2019unit\u00e9 est membre de Hellenic Healthcare Group, le [&hellip;]<\/p>\n","protected":false},"author":1,"featured_media":0,"parent":0,"menu_order":0,"comment_status":"closed","ping_status":"closed","template":"","meta":{"_acf_changed":false,"footnotes":""},"class_list":["post-16946","page","type-page","status-publish","hentry"],"acf":[],"jetpack_sharing_enabled":true,"_links":{"self":[{"href":"https:\/\/www.hygeiaivf.gr\/fr\/wp-json\/wp\/v2\/pages\/16946","targetHints":{"allow":["GET"]}}],"collection":[{"href":"https:\/\/www.hygeiaivf.gr\/fr\/wp-json\/wp\/v2\/pages"}],"about":[{"href":"https:\/\/www.hygeiaivf.gr\/fr\/wp-json\/wp\/v2\/types\/page"}],"author":[{"embeddable":true,"href":"https:\/\/www.hygeiaivf.gr\/fr\/wp-json\/wp\/v2\/users\/1"}],"replies":[{"embeddable":true,"href":"https:\/\/www.hygeiaivf.gr\/fr\/wp-json\/wp\/v2\/comments?post=16946"}],"version-history":[{"count":0,"href":"https:\/\/www.hygeiaivf.gr\/fr\/wp-json\/wp\/v2\/pages\/16946\/revisions"}],"wp:attachment":[{"href":"https:\/\/www.hygeiaivf.gr\/fr\/wp-json\/wp\/v2\/media?parent=16946"}],"curies":[{"name":"wp","href":"https:\/\/api.w.org\/{rel}","templated":true}]}}