{"id":16955,"date":"2022-08-01T14:13:02","date_gmt":"2022-08-01T11:13:02","guid":{"rendered":"https:\/\/www.hygeiaivf.gr\/?page_id=16955"},"modified":"2022-08-01T14:21:39","modified_gmt":"2022-08-01T11:21:39","slug":"laboratoire-d-embryologie","status":"publish","type":"page","link":"https:\/\/www.hygeiaivf.gr\/fr\/laboratoire-d-embryologie\/","title":{"rendered":"Laboratoire d\u2019embryologie"},"content":{"rendered":"\t\t<div data-elementor-type=\"wp-page\" data-elementor-id=\"16955\" class=\"elementor elementor-16955\" data-elementor-post-type=\"page\">\n\t\t\t\t\t\t<section class=\"elementor-section elementor-top-section elementor-element elementor-element-d3ff6d1 elementor-section-boxed elementor-section-height-default elementor-section-height-default qodef-elementor-content-no\" data-id=\"d3ff6d1\" data-element_type=\"section\">\n\t\t\t\t\t\t<div class=\"elementor-container elementor-column-gap-default\">\n\t\t\t\t\t<div class=\"elementor-column elementor-col-100 elementor-top-column elementor-element elementor-element-e29efc9\" data-id=\"e29efc9\" data-element_type=\"column\">\n\t\t\t<div class=\"elementor-widget-wrap elementor-element-populated\">\n\t\t\t\t\t\t<div class=\"elementor-element elementor-element-48f6caf elementor-widget elementor-widget-image\" data-id=\"48f6caf\" data-element_type=\"widget\" data-widget_type=\"image.default\">\n\t\t\t\t<div class=\"elementor-widget-container\">\n\t\t\t\t\t\t\t\t\t\t\t\t\t<img decoding=\"async\" src=\"https:\/\/www.hygeiaivf.gr\/files\/2022\/05\/lab.jpg\" title=\"lab\" alt=\"lab\" loading=\"lazy\" \/>\t\t\t\t\t\t\t\t\t\t\t\t\t<\/div>\n\t\t\t\t<\/div>\n\t\t\t\t\t<\/div>\n\t\t<\/div>\n\t\t\t\t\t<\/div>\n\t\t<\/section>\n\t\t\t\t<section class=\"elementor-section elementor-top-section elementor-element elementor-element-3e129d48 elementor-section-boxed elementor-section-height-default elementor-section-height-default qodef-elementor-content-no\" data-id=\"3e129d48\" data-element_type=\"section\">\n\t\t\t\t\t\t<div class=\"elementor-container elementor-column-gap-default\">\n\t\t\t\t\t<div class=\"elementor-column elementor-col-100 elementor-top-column elementor-element elementor-element-2ea1d723\" data-id=\"2ea1d723\" data-element_type=\"column\">\n\t\t\t<div class=\"elementor-widget-wrap elementor-element-populated\">\n\t\t\t\t\t\t<div class=\"elementor-element elementor-element-b9ae69a elementor-widget elementor-widget-text-editor\" data-id=\"b9ae69a\" data-element_type=\"widget\" data-widget_type=\"text-editor.default\">\n\t\t\t\t<div class=\"elementor-widget-container\">\n\t\t\t\t\t\t\t<div class=\"emvriologiko\" style=\"background: #ffffff; padding: 70px; margin-bottom: 11px;\"><p lang=\"fr-FR\"><span style=\"font-family: Times New Roman, serif;\"><span style=\"font-size: medium;\"><span style=\"color: #747474;\"><span style=\"font-family: CFAstyStd, Cambria, serif;\"><span style=\"font-size: x-large;\"><b>Le laboratoire d\u2019embryologie d\u2019YGEIA FIV est l\u2019un\u00a0<\/b><\/span><\/span><\/span><strong class=\"western\"><span style=\"color: #1d6c63;\"><span style=\"font-family: CFAstyStd, Cambria, serif;\"><span style=\"font-size: x-large;\">des mieux equip\u00e9 en Gr\u00e8ce<\/span><\/span><\/span><\/strong><span style=\"color: #747474;\"><span style=\"font-family: CFAstyStd, Cambria, serif;\"><span style=\"font-size: x-large;\"><b>\u00a0et l\u2019un des meilleurs du monde.<\/b><\/span><\/span><\/span><\/span><\/span><\/p><p lang=\"fr-FR\"><span style=\"color: #747474;\"><span style=\"font-family: CFAstyStd, Cambria, serif;\"><span style=\"font-size: large;\">Des embryologistes hautement qualifi\u00e9s ayant de nombreuses ann\u00e9es d\u2019exp\u00e9rience, un \u00e9quipement technologique de pointe, un fonctionnement r\u00e9pondant aux normes de s\u00e9curit\u00e9 les plus strictes au monde, font de l\u2019unit\u00e9 YGEIA FIV embryog\u00e9n\u00e8se le choix le plus fiable pour les couples infertiles.<\/span><\/span><\/span><\/p><\/div><div class=\"background-main\" style=\"padding: 70px;\"><p class=\"western\" lang=\"fr-FR\"><strong class=\"western\"><span style=\"color: #ffffff;\"><span style=\"font-family: Arial, sans-serif;\"><span style=\"font-size: large;\">Technologie Time-lapse<\/span><\/span><\/span><\/strong><\/p><p lang=\"fr-FR\"><span style=\"color: #ffffff;\"><span style=\"font-family: CFAstyStd, Cambria, serif;\"><span style=\"font-size: large;\">Les syst\u00e8mes Time-lapse consistent \u00e0 des couveuses sp\u00e9cialis\u00e9es dans lesquelles sont int\u00e9gr\u00e9es des cam\u00e9ras sp\u00e9ciales de microscopie num\u00e9rique. Les embryons sont photographi\u00e9s toutes les 5 \u00e0 10 minutes et ces images sont synth\u00e9tis\u00e9es en une vid\u00e9o \u00e0 l&#8217;aide d&#8217;un logiciel sp\u00e9cial. De cette mani\u00e8re, nous disposons maintenant d&#8217;informations sur le d\u00e9veloppement continu des embryons tout au long de leur s\u00e9jour en laboratoire. Et tout cela sans avoir \u00e0 faire sortir les embryons un seul instant de la couveuse. Les embryons restent constamment dans l\u2019environnement optimal de la couveuse, \u00e9vitant ainsi toute exposition ind\u00e9sirable \u00e0 des conditions ext\u00e9rieures non id\u00e9ales.<\/span><\/span><\/span><\/p><p lang=\"fr-FR\"><span style=\"font-family: Times New Roman, serif;\"><span style=\"font-size: medium;\"><span style=\"color: #ffffff;\"><span style=\"font-family: CFAstyStd, Cambria, serif;\"><span style=\"font-size: large;\">L\u2019imagerie vid\u00e9o en temps r\u00e9el des embryons pendant leur d\u00e9veloppement en laboratoire, alli\u00e9e \u00e0 des logiciels sophistiqu\u00e9s et \u00e0 la grande quantit\u00e9 de donn\u00e9es g\u00e9n\u00e9r\u00e9es par les syst\u00e8mes time-lapse, ouvre un nouveau champ de possibilit\u00e9s. La combinaison du time-lapse avec des syst\u00e8mes d\u2019intelligence artificielle (IA), dont nous disposons dans le laboratoire d\u2019embryologie de l\u2019unit\u00e9 d\u2019embryogen\u00e8se YGEIA FIV, permet de mieux pr\u00e9dire quels embryons m\u00e8neront \u00e0 une grossesse \u00e0 terme, permettant d\u2019augmenter encore les taux de r\u00e9ussite, faisant entrer le laboratoire d\u2019embryologie dans la nouvelle \u00e8re de l\u2019automatisation. En outre, le time-lapse est un outil de recherche tr\u00e8s utile, car il fournit de nouvelles informations sur les processus cellulaire des embryons, qui \u00e9taient auparavant inconnus aux sp\u00e9cialistes de la reproduction.<\/span><\/span><\/span><\/span><\/span><\/p><\/div><div class=\"emvr-images\"><p><img fetchpriority=\"high\" decoding=\"async\" class=\"alignnone wp-image-9750 size-large\" src=\"https:\/\/www.hygeiaivf.gr\/files\/2021\/12\/13-1024x683.jpg\" alt=\"\" width=\"1024\" height=\"683\" srcset=\"https:\/\/www.hygeiaivf.gr\/files\/2021\/12\/13-1024x683.jpg 1024w, https:\/\/www.hygeiaivf.gr\/files\/2021\/12\/13-300x200.jpg 300w, https:\/\/www.hygeiaivf.gr\/files\/2021\/12\/13-768x512.jpg 768w, https:\/\/www.hygeiaivf.gr\/files\/2021\/12\/13-1536x1024.jpg 1536w, https:\/\/www.hygeiaivf.gr\/files\/2021\/12\/13-2048x1365.jpg 2048w\" sizes=\"(max-width: 1024px) 100vw, 1024px\" \/><\/p><p><img decoding=\"async\" class=\"alignnone wp-image-9740 size-large\" src=\"https:\/\/www.hygeiaivf.gr\/files\/2021\/12\/03-1024x683.jpg\" alt=\"\" width=\"1024\" height=\"683\" srcset=\"https:\/\/www.hygeiaivf.gr\/files\/2021\/12\/03-1024x683.jpg 1024w, https:\/\/www.hygeiaivf.gr\/files\/2021\/12\/03-300x200.jpg 300w, https:\/\/www.hygeiaivf.gr\/files\/2021\/12\/03-768x512.jpg 768w, https:\/\/www.hygeiaivf.gr\/files\/2021\/12\/03-1536x1024.jpg 1536w, https:\/\/www.hygeiaivf.gr\/files\/2021\/12\/03-2048x1365.jpg 2048w\" sizes=\"(max-width: 1024px) 100vw, 1024px\" \/><\/p><\/div><div class=\"background-main\" style=\"padding: 70px;\"><p class=\"western\" lang=\"fr-FR\"><strong class=\"western\"><span style=\"color: #ffffff;\"><span style=\"font-family: Arial, sans-serif;\"><span style=\"font-size: large;\">Syst\u00e8me de ventilation Life Aire FIV- Unique en Gr\u00e8ce<\/span><\/span><\/span><\/strong><\/p><p lang=\"fr-FR\"><span style=\"color: #ffffff;\"><span style=\"font-family: CFAstyStd, Cambria, serif;\"><span style=\"font-size: large;\">La puret\u00e9 de l&#8217;air dans le laboratoire d&#8217;embryologie est essentielle pour un d\u00e9veloppement optimal de l&#8217;embryon pendant sa culture. Il est essentiel que l&#8217;environnement du laboratoire soit exempt de micro-organismes nuisibles, de substances volatiles et de microparticules.<\/span><\/span><\/span><\/p><p lang=\"fr-FR\"><span style=\"font-family: Times New Roman, serif;\"><span style=\"font-size: medium;\"><span style=\"color: #ffffff;\"><span style=\"font-family: CFAstyStd, Cambria, serif;\"><span style=\"font-size: large;\">Le syst\u00e8me ultramoderne de purification d\u2019air LifeAire IVF a r\u00e9cemment \u00e9t\u00e9 install\u00e9 dans le laboratoire d\u2019embryologie de la nouvelle unit\u00e9. C\u2019est l\u2019un de plus rare syst\u00e8me de ce type qui existe au monde. Il neutralise jusqu&#8217;\u00e0 99,99 % des contaminants et il est cliniquement prouv\u00e9 qu&#8217;il am\u00e9liore les taux de r\u00e9ussite de la FIV jusqu&#8217;\u00e0 14,9 %. Plus pr\u00e9cis\u00e9ment, les filtres avanc\u00e9s du syst\u00e8me LifeAire IVF d\u00e9truisent les agents pathog\u00e8nes embryotoxiques en suspension dans l\u2019air et pi\u00e8gent jusqu\u2019\u00e0 99,99 % des polluants chimiques biologiques et environnementaux, ainsi que les virus, y compris les coronavirus, garantissant ainsi une puret\u00e9 et une s\u00e9curit\u00e9 absolue dans l\u2019environnement du laboratoire d\u2019embryologie o\u00f9 les embryons sont d\u00e9velopp\u00e9s. Il s&#8217;agit du premier syst\u00e8me en Europe et l&#8217;un de plus rare au monde pour le moment.<\/span><\/span><\/span><\/span><\/span><\/p><\/div><div class=\"emvr-images\"><p><img decoding=\"async\" class=\"alignnone wp-image-9741 size-large\" src=\"https:\/\/www.hygeiaivf.gr\/files\/2021\/12\/04-1024x683.jpg\" alt=\"\" width=\"1024\" height=\"683\" srcset=\"https:\/\/www.hygeiaivf.gr\/files\/2021\/12\/04-1024x683.jpg 1024w, https:\/\/www.hygeiaivf.gr\/files\/2021\/12\/04-300x200.jpg 300w, https:\/\/www.hygeiaivf.gr\/files\/2021\/12\/04-768x512.jpg 768w, https:\/\/www.hygeiaivf.gr\/files\/2021\/12\/04-1536x1024.jpg 1536w, https:\/\/www.hygeiaivf.gr\/files\/2021\/12\/04-2048x1365.jpg 2048w\" sizes=\"(max-width: 1024px) 100vw, 1024px\" \/><\/p><p><img loading=\"lazy\" decoding=\"async\" class=\"alignnone wp-image-9742 size-large\" src=\"https:\/\/www.hygeiaivf.gr\/files\/2021\/12\/05-1024x683.jpg\" alt=\"\" width=\"1024\" height=\"683\" srcset=\"https:\/\/www.hygeiaivf.gr\/files\/2021\/12\/05-1024x683.jpg 1024w, https:\/\/www.hygeiaivf.gr\/files\/2021\/12\/05-300x200.jpg 300w, https:\/\/www.hygeiaivf.gr\/files\/2021\/12\/05-768x512.jpg 768w, https:\/\/www.hygeiaivf.gr\/files\/2021\/12\/05-1536x1024.jpg 1536w, https:\/\/www.hygeiaivf.gr\/files\/2021\/12\/05-2048x1365.jpg 2048w\" sizes=\"(max-width: 1024px) 100vw, 1024px\" \/><\/p><\/div><div class=\"background-main\" style=\"padding: 70px;\"><p class=\"western\" lang=\"fr-FR\"><strong class=\"western\"><span style=\"color: #ffffff;\"><span style=\"font-family: Arial, sans-serif;\"><span style=\"font-size: large;\">Syst\u00e8me de suivi et d&#8217;identification RIWitness<\/span><\/span><\/span><\/strong><\/p><p lang=\"fr-FR\"><span style=\"font-family: Times New Roman, serif;\"><span style=\"font-size: medium;\"><span style=\"color: #ffffff;\"><span style=\"font-family: CFAstyStd, Cambria, serif;\"><span style=\"font-size: large;\">Le suivi et l\u2019identification efficace des ovocytes, des spermatozo\u00efdes et des embryons avec leurs patients uniques respectifs \u00e0 tous les stades du processus de FIV sont d\u00e9sormais une obligation l\u00e9gale. Le syst\u00e8me \u00e9lectronique RIWitness, qui utilise la technologie RIFD, garantit l\u2019exactitude des proc\u00e9dures \u00e9tape par \u00e9tape et assure une s\u00e9curit\u00e9 absolue, la transparence et surtout la confiance de nos patients.<\/span><\/span><\/span><\/span><\/span><\/p><\/div><div class=\"emvr-images\"><p><img loading=\"lazy\" decoding=\"async\" class=\"alignnone wp-image-9751 size-large\" src=\"https:\/\/www.hygeiaivf.gr\/files\/2021\/12\/16-1024x683.jpg\" alt=\"\" width=\"1024\" height=\"683\" srcset=\"https:\/\/www.hygeiaivf.gr\/files\/2021\/12\/16-1024x683.jpg 1024w, https:\/\/www.hygeiaivf.gr\/files\/2021\/12\/16-300x200.jpg 300w, https:\/\/www.hygeiaivf.gr\/files\/2021\/12\/16-768x512.jpg 768w, https:\/\/www.hygeiaivf.gr\/files\/2021\/12\/16-1536x1024.jpg 1536w, https:\/\/www.hygeiaivf.gr\/files\/2021\/12\/16-2048x1365.jpg 2048w\" sizes=\"(max-width: 1024px) 100vw, 1024px\" \/><\/p><p><img loading=\"lazy\" decoding=\"async\" class=\"alignnone wp-image-9744 size-large\" src=\"https:\/\/www.hygeiaivf.gr\/files\/2021\/12\/07-1024x683.jpg\" alt=\"\" width=\"1024\" height=\"683\" srcset=\"https:\/\/www.hygeiaivf.gr\/files\/2021\/12\/07-1024x683.jpg 1024w, https:\/\/www.hygeiaivf.gr\/files\/2021\/12\/07-300x200.jpg 300w, https:\/\/www.hygeiaivf.gr\/files\/2021\/12\/07-768x512.jpg 768w, https:\/\/www.hygeiaivf.gr\/files\/2021\/12\/07-1536x1024.jpg 1536w, https:\/\/www.hygeiaivf.gr\/files\/2021\/12\/07-2048x1365.jpg 2048w\" sizes=\"(max-width: 1024px) 100vw, 1024px\" \/><\/p><\/div><div class=\"background-main\" style=\"padding: 70px;\"><p class=\"western\" lang=\"fr-FR\"><strong class=\"western\"><span style=\"color: #ffffff;\"><span style=\"font-family: Arial, sans-serif;\"><span style=\"font-size: large;\">Syst\u00e8me de surveillance des conditions de laboratoire Log and guard<\/span><\/span><\/span><\/strong><\/p><p lang=\"fr-FR\"><span style=\"font-family: Times New Roman, serif;\"><span style=\"font-size: medium;\"><span style=\"color: #ffffff;\"><span style=\"font-family: CFAstyStd, Cambria, serif;\"><span style=\"font-size: large;\">La stabilit\u00e9 des conditions du laboratoire d\u2019embryologie est assur\u00e9e par l\u2019enregistrement continu en temps r\u00e9el de tous les param\u00e8tres critiques gr\u00e2ce au syst\u00e8me de surveillance \u00ab\u00a0LogandGuard\u00a0\u00bb Gr\u00e2ce \u00e0 ce syst\u00e8me nous disposons d\u2019un enregistrement continu 24h\/24, 7j\/7 de toutes les conditions critiques du laboratoire (temp\u00e9rature des couveuses, r\u00e9frig\u00e9rateurs, salles, pH des liquides de culture, niveaux de CO<\/span><\/span><\/span><span style=\"color: #ffffff;\"><sub><span style=\"font-family: CFAstyStd, Cambria, serif;\"><span style=\"font-size: small;\">2<\/span><\/span><\/sub><\/span><span style=\"color: #ffffff;\"><span style=\"font-family: CFAstyStd, Cambria, serif;\"><span style=\"font-size: large;\">\u00a0et de N<\/span><\/span><\/span><span style=\"color: #ffffff;\"><sub><span style=\"font-family: CFAstyStd, Cambria, serif;\"><span style=\"font-size: small;\">2<\/span><\/span><\/sub><\/span><span style=\"color: #ffffff;\"><span style=\"font-family: CFAstyStd, Cambria, serif;\"><span style=\"font-size: large;\">\u00a0dans les couveuses, niveaux d\u2019azote liquide dans les conteneurs de stockage du mat\u00e9riel g\u00e9n\u00e9tique dans la banque de cryoconservation).<\/span><\/span><\/span><\/span><\/span><\/p><\/div><div class=\"emvr-images\"><p><img loading=\"lazy\" decoding=\"async\" class=\"alignnone wp-image-9745\" src=\"https:\/\/www.hygeiaivf.gr\/files\/2021\/12\/08-683x1024.jpg\" alt=\"\" width=\"1024\" height=\"1536\" srcset=\"https:\/\/www.hygeiaivf.gr\/files\/2021\/12\/08-683x1024.jpg 683w, https:\/\/www.hygeiaivf.gr\/files\/2021\/12\/08-200x300.jpg 200w, https:\/\/www.hygeiaivf.gr\/files\/2021\/12\/08-768x1152.jpg 768w, https:\/\/www.hygeiaivf.gr\/files\/2021\/12\/08-1024x1536.jpg 1024w, https:\/\/www.hygeiaivf.gr\/files\/2021\/12\/08-1365x2048.jpg 1365w, https:\/\/www.hygeiaivf.gr\/files\/2021\/12\/08-scaled.jpg 1707w\" sizes=\"(max-width: 1024px) 100vw, 1024px\" \/><\/p><p><img loading=\"lazy\" decoding=\"async\" class=\"alignnone wp-image-9746 size-large\" src=\"https:\/\/www.hygeiaivf.gr\/files\/2021\/12\/09-1024x683.jpg\" alt=\"\" width=\"1024\" height=\"683\" srcset=\"https:\/\/www.hygeiaivf.gr\/files\/2021\/12\/09-1024x683.jpg 1024w, https:\/\/www.hygeiaivf.gr\/files\/2021\/12\/09-300x200.jpg 300w, https:\/\/www.hygeiaivf.gr\/files\/2021\/12\/09-768x512.jpg 768w, https:\/\/www.hygeiaivf.gr\/files\/2021\/12\/09-1536x1024.jpg 1536w, https:\/\/www.hygeiaivf.gr\/files\/2021\/12\/09-2048x1365.jpg 2048w\" sizes=\"(max-width: 1024px) 100vw, 1024px\" \/><\/p><\/div><div class=\"background-main\" style=\"padding: 70px;\"><p class=\"western\" lang=\"fr-FR\"><strong class=\"western\"><span style=\"color: #ffffff;\"><span style=\"font-family: Arial, sans-serif;\"><span style=\"font-size: large;\">Syst\u00e8me innovant d\u2019intelligence artificielle IVFVision.ai<\/span><\/span><\/span><\/strong><\/p><p lang=\"fr-FR\"><span style=\"color: #ffffff;\"><span style=\"font-family: CFAstyStd, Cambria, serif;\"><span style=\"font-size: large;\">Gr\u00e2ce au syst\u00e8me d&#8217;intelligence artificielle pionnier IVFVision.ai du laboratoire d&#8217;embryologie, le choix de l&#8217;embryon le plus appropri\u00e9 pour le transfert est d\u00e9termin\u00e9 avec pr\u00e9cision, ce qui augmente les chances de grossesse chez les couples infertiles.<\/span><\/span><\/span><\/p><p lang=\"fr-FR\"><span style=\"font-family: Times New Roman, serif;\"><span style=\"font-size: medium;\"><span style=\"color: #ffffff;\"><span style=\"font-family: CFAstyStd, Cambria, serif;\"><span style=\"font-size: large;\">Le syst\u00e8me IVFVision.ai, fait appel \u00e0 l\u2019intelligence artificielle et \u00e0 l\u2019imagerie informatique de derni\u00e8re g\u00e9n\u00e9ration, analyse la morphologie des images de blastocystes (<\/span><\/span><\/span><em class=\"western\"><span style=\"color: #ffffff;\"><span style=\"font-family: CFAstyStd, Cambria, serif;\"><span style=\"font-size: large;\">en particulier l\u2019image de l\u2019embryon du 5<\/span><\/span><\/span><\/em><em class=\"western\"><span style=\"color: #ffffff;\"><sup><span style=\"font-family: CFAstyStd, Cambria, serif;\"><span style=\"font-size: small;\">\u00e8me<\/span><\/span><\/sup><\/span><\/em><em class=\"western\"><span style=\"color: #ffffff;\"><span style=\"font-family: CFAstyStd, Cambria, serif;\"><span style=\"font-size: large;\">\u00a0jour<\/span><\/span><\/span><\/em><span style=\"color: #ffffff;\"><span style=\"font-family: CFAstyStd, Cambria, serif;\"><span style=\"font-size: large;\">) en traitant une grande quantit\u00e9 de donn\u00e9es impossibles \u00e0 g\u00e9rer par l&#8217;esprit humain, ce qui permet de pr\u00e9dire avec pr\u00e9cision les blastocystes les plus susceptibles d&#8217;\u00eatre implant\u00e9s, ainsi que ceux qui sont plus adapt\u00e9s \u00e0 la cryoconservation..<\/span><\/span><\/span><\/span><\/span><\/p><\/div><div class=\"emvr-images\"><p><img loading=\"lazy\" decoding=\"async\" class=\"alignnone wp-image-9747 size-large\" src=\"https:\/\/www.hygeiaivf.gr\/files\/2021\/12\/10-1024x683.jpg\" alt=\"\" width=\"1024\" height=\"683\" srcset=\"https:\/\/www.hygeiaivf.gr\/files\/2021\/12\/10-1024x683.jpg 1024w, https:\/\/www.hygeiaivf.gr\/files\/2021\/12\/10-300x200.jpg 300w, https:\/\/www.hygeiaivf.gr\/files\/2021\/12\/10-768x512.jpg 768w, https:\/\/www.hygeiaivf.gr\/files\/2021\/12\/10-1536x1024.jpg 1536w, https:\/\/www.hygeiaivf.gr\/files\/2021\/12\/10-2048x1365.jpg 2048w\" sizes=\"(max-width: 1024px) 100vw, 1024px\" \/><\/p><p><img loading=\"lazy\" decoding=\"async\" class=\"alignnone wp-image-9748 size-large\" src=\"https:\/\/www.hygeiaivf.gr\/files\/2021\/12\/11-1024x683.jpg\" alt=\"\" width=\"1024\" height=\"683\" srcset=\"https:\/\/www.hygeiaivf.gr\/files\/2021\/12\/11-1024x683.jpg 1024w, https:\/\/www.hygeiaivf.gr\/files\/2021\/12\/11-300x200.jpg 300w, https:\/\/www.hygeiaivf.gr\/files\/2021\/12\/11-768x512.jpg 768w, https:\/\/www.hygeiaivf.gr\/files\/2021\/12\/11-1536x1024.jpg 1536w, https:\/\/www.hygeiaivf.gr\/files\/2021\/12\/11-2048x1365.jpg 2048w\" sizes=\"(max-width: 1024px) 100vw, 1024px\" \/><\/p><\/div><div class=\"background-main\" style=\"padding: 70px;\"><p class=\"western\" lang=\"fr-FR\"><strong class=\"western\"><span style=\"color: #ffffff;\"><span style=\"font-family: Arial, sans-serif;\"><span style=\"font-size: large;\">Banque de conservation<\/span><\/span><\/span><\/strong><\/p><p lang=\"fr-FR\"><span style=\"color: #ffffff;\"><span style=\"font-family: CFAstyStd, Cambria, serif;\"><span style=\"font-size: large;\">L\u2019unit\u00e9 d\u2019embryog\u00e9n\u00e8se d\u2019YGEIA FIV dispose d\u2019une banque de conservation sp\u00e9cialis\u00e9e, officiellement autoris\u00e9e par l\u2019Autorit\u00e9 nationale pour la procr\u00e9ation m\u00e9dicalement assist\u00e9e. La banque est situ\u00e9e dans les locaux de l&#8217;unit\u00e9 et r\u00e9pond \u00e0 des normes \u00e9lev\u00e9es et \u00e0 toutes les r\u00e8gles de s\u00e9curit\u00e9. La Banque dispose d\u2019un syst\u00e8me \u00e9lectronique sophistiqu\u00e9 permettant de contr\u00f4ler 24 heures sur 24 le niveau d\u2019azote liquide des conteneurs de stockage du mat\u00e9riel g\u00e9n\u00e9tique, ainsi qu\u2019un acc\u00e8s strictement limit\u00e9 au personnel autoris\u00e9, offrant ainsi un environnement totalement s\u00fbr pour le stockage des embryons, ovocytes et spermatozo\u00efdes congel\u00e9s.<\/span><\/span><\/span><\/p><\/div>\t\t\t\t\t\t<\/div>\n\t\t\t\t<\/div>\n\t\t\t\t\t<\/div>\n\t\t<\/div>\n\t\t\t\t\t<\/div>\n\t\t<\/section>\n\t\t\t\t<\/div>\n\t\t","protected":false},"excerpt":{"rendered":"<p>Le laboratoire d\u2019embryologie d\u2019YGEIA FIV est l\u2019un\u00a0des mieux equip\u00e9 en Gr\u00e8ce\u00a0et l\u2019un des meilleurs du monde. Des embryologistes hautement qualifi\u00e9s ayant de nombreuses ann\u00e9es d\u2019exp\u00e9rience, un \u00e9quipement technologique de pointe, un fonctionnement r\u00e9pondant aux normes de s\u00e9curit\u00e9 les plus strictes au monde, font de l\u2019unit\u00e9 YGEIA FIV embryog\u00e9n\u00e8se le choix le plus fiable pour les [&hellip;]<\/p>\n","protected":false},"author":1,"featured_media":0,"parent":0,"menu_order":0,"comment_status":"closed","ping_status":"closed","template":"","meta":{"_acf_changed":false,"footnotes":""},"class_list":["post-16955","page","type-page","status-publish","hentry"],"acf":[],"jetpack_sharing_enabled":true,"_links":{"self":[{"href":"https:\/\/www.hygeiaivf.gr\/fr\/wp-json\/wp\/v2\/pages\/16955","targetHints":{"allow":["GET"]}}],"collection":[{"href":"https:\/\/www.hygeiaivf.gr\/fr\/wp-json\/wp\/v2\/pages"}],"about":[{"href":"https:\/\/www.hygeiaivf.gr\/fr\/wp-json\/wp\/v2\/types\/page"}],"author":[{"embeddable":true,"href":"https:\/\/www.hygeiaivf.gr\/fr\/wp-json\/wp\/v2\/users\/1"}],"replies":[{"embeddable":true,"href":"https:\/\/www.hygeiaivf.gr\/fr\/wp-json\/wp\/v2\/comments?post=16955"}],"version-history":[{"count":0,"href":"https:\/\/www.hygeiaivf.gr\/fr\/wp-json\/wp\/v2\/pages\/16955\/revisions"}],"wp:attachment":[{"href":"https:\/\/www.hygeiaivf.gr\/fr\/wp-json\/wp\/v2\/media?parent=16955"}],"curies":[{"name":"wp","href":"https:\/\/api.w.org\/{rel}","templated":true}]}}