{"id":16962,"date":"2022-08-01T14:23:01","date_gmt":"2022-08-01T11:23:01","guid":{"rendered":"https:\/\/www.hygeiaivf.gr\/?page_id=16962"},"modified":"2022-08-01T14:24:00","modified_gmt":"2022-08-01T11:24:00","slug":"statistiques-taux-de-reussite","status":"publish","type":"page","link":"https:\/\/www.hygeiaivf.gr\/fr\/l-unite\/statistiques-taux-de-reussite\/","title":{"rendered":"Statistiques (taux de r\u00e9ussite)"},"content":{"rendered":"\t\t<div data-elementor-type=\"wp-page\" data-elementor-id=\"16962\" class=\"elementor elementor-16962\" data-elementor-post-type=\"page\">\n\t\t\t\t\t\t<section class=\"elementor-section elementor-top-section elementor-element elementor-element-61715d7 elementor-section-boxed elementor-section-height-default elementor-section-height-default qodef-elementor-content-no\" data-id=\"61715d7\" data-element_type=\"section\">\n\t\t\t\t\t\t<div class=\"elementor-container elementor-column-gap-default\">\n\t\t\t\t\t<div class=\"elementor-column elementor-col-100 elementor-top-column elementor-element elementor-element-bae6183\" data-id=\"bae6183\" data-element_type=\"column\">\n\t\t\t<div class=\"elementor-widget-wrap elementor-element-populated\">\n\t\t\t\t\t\t<div class=\"elementor-element elementor-element-80bd5d2 elementor-widget elementor-widget-text-editor\" data-id=\"80bd5d2\" data-element_type=\"widget\" data-widget_type=\"text-editor.default\">\n\t\t\t\t<div class=\"elementor-widget-container\">\n\t\t\t\t\t\t\t<p lang=\"fr-FR\" align=\"center\"><span style=\"font-family: Times New Roman, serif;\"><span style=\"font-size: medium;\"><span style=\"color: #747474;\"><span style=\"font-family: CFAstyStd, Cambria, serif;\"><span style=\"font-size: large;\">L\u2019\u00a0<\/span><\/span><\/span><strong class=\"western\"><span style=\"color: #747474;\"><span style=\"font-family: CFAstyStd, Cambria, serif;\"><span style=\"font-size: large;\">Unit\u00e9 YGEIA FIV Embryog\u00e9n\u00e8se<\/span><\/span><\/span><\/strong><span style=\"color: #747474;\"><span style=\"font-family: CFAstyStd, Cambria, serif;\"><span style=\"font-size: large;\">\u00a0dispose d\u2019une \u00e9quipe de sp\u00e9cialistes renomm\u00e9s,<\/span><\/span><\/span><br \/><span style=\"color: #747474;\"><span style=\"font-family: CFAstyStd, Cambria, serif;\"><span style=\"font-size: large;\">des m\u00e9decins et des embryologistes, qui poss\u00e8dent la plus grande exp\u00e9rience dans le domaine des techniques de reproduction m\u00e9dicalement<\/span><\/span><\/span><br \/><span style=\"color: #747474;\"><span style=\"font-family: CFAstyStd, Cambria, serif;\"><span style=\"font-size: large;\">assist\u00e9e en Gr\u00e8ce et ont aid\u00e9 \u00e0 mettre au monde plus de 70. 000 b\u00e9b\u00e9s.<\/span><\/span><\/span><\/span><\/span><\/p>\t\t\t\t\t\t<\/div>\n\t\t\t\t<\/div>\n\t\t\t\t\t<\/div>\n\t\t<\/div>\n\t\t\t\t\t<\/div>\n\t\t<\/section>\n\t\t\t\t<section class=\"elementor-section elementor-top-section elementor-element elementor-element-2b02ffb elementor-section-boxed elementor-section-height-default elementor-section-height-default qodef-elementor-content-no\" data-id=\"2b02ffb\" data-element_type=\"section\">\n\t\t\t\t\t\t<div class=\"elementor-container elementor-column-gap-default\">\n\t\t\t\t\t<div class=\"elementor-column elementor-col-50 elementor-top-column elementor-element elementor-element-f880228\" data-id=\"f880228\" data-element_type=\"column\">\n\t\t\t<div class=\"elementor-widget-wrap elementor-element-populated\">\n\t\t\t\t\t\t<div class=\"elementor-element elementor-element-73664ca elementor-widget elementor-widget-html\" data-id=\"73664ca\" data-element_type=\"widget\" data-widget_type=\"html.default\">\n\t\t\t\t<div class=\"elementor-widget-container\">\n\t\t\t<img decoding=\"async\" width=\"150\" style=\"text-align:center;margin:0 auto; display:block;\" src=\"\/wp-content\/themes\/stal\/assets\/img\/pregnant.svg\"\/>\t\t<\/div>\n\t\t\t\t<\/div>\n\t\t\t\t<div class=\"elementor-element elementor-element-b178f27 count-number elementor-widget elementor-widget-counter\" data-id=\"b178f27\" data-element_type=\"widget\" data-widget_type=\"counter.default\">\n\t\t\t\t<div class=\"elementor-widget-container\">\n\t\t\t\t\t<div class=\"elementor-counter\">\n\t\t\t<div class=\"elementor-counter-title\">Nouveaux - n\u00e9s<\/div>\t\t\t<div class=\"elementor-counter-number-wrapper\">\n\t\t\t\t<span class=\"elementor-counter-number-prefix\"><\/span>\n\t\t\t\t<span class=\"elementor-counter-number\" data-duration=\"700\" data-to-value=\"70000\" data-from-value=\"0\" data-delimiter=\",\">0<\/span>\n\t\t\t\t<span class=\"elementor-counter-number-suffix\"><\/span>\n\t\t\t<\/div>\n\t\t<\/div>\n\t\t\t\t<\/div>\n\t\t\t\t<\/div>\n\t\t\t\t\t<\/div>\n\t\t<\/div>\n\t\t\t\t<div class=\"elementor-column elementor-col-50 elementor-top-column elementor-element elementor-element-6003d34\" data-id=\"6003d34\" data-element_type=\"column\">\n\t\t\t<div class=\"elementor-widget-wrap elementor-element-populated\">\n\t\t\t\t\t\t<div class=\"elementor-element elementor-element-38a083d elementor-widget elementor-widget-html\" data-id=\"38a083d\" data-element_type=\"widget\" data-widget_type=\"html.default\">\n\t\t\t\t<div class=\"elementor-widget-container\">\n\t\t\t<img decoding=\"async\" width=\"150\" style=\"text-align:center;margin:0 auto; display:block;\" src=\"\/wp-content\/themes\/stal\/assets\/img\/ivf.svg\"\/>\t\t<\/div>\n\t\t\t\t<\/div>\n\t\t\t\t<div class=\"elementor-element elementor-element-7935584 count-number elementor-widget elementor-widget-counter\" data-id=\"7935584\" data-element_type=\"widget\" data-widget_type=\"counter.default\">\n\t\t\t\t<div class=\"elementor-widget-container\">\n\t\t\t\t\t<div class=\"elementor-counter\">\n\t\t\t<div class=\"elementor-counter-title\">cycles de FIV<\/div>\t\t\t<div class=\"elementor-counter-number-wrapper\">\n\t\t\t\t<span class=\"elementor-counter-number-prefix\"><\/span>\n\t\t\t\t<span class=\"elementor-counter-number\" data-duration=\"700\" data-to-value=\"150000\" data-from-value=\"0\" data-delimiter=\",\">0<\/span>\n\t\t\t\t<span class=\"elementor-counter-number-suffix\"><\/span>\n\t\t\t<\/div>\n\t\t<\/div>\n\t\t\t\t<\/div>\n\t\t\t\t<\/div>\n\t\t\t\t\t<\/div>\n\t\t<\/div>\n\t\t\t\t\t<\/div>\n\t\t<\/section>\n\t\t\t\t<\/div>\n\t\t","protected":false},"excerpt":{"rendered":"<p>L\u2019\u00a0Unit\u00e9 YGEIA FIV Embryog\u00e9n\u00e8se\u00a0dispose d\u2019une \u00e9quipe de sp\u00e9cialistes renomm\u00e9s,des m\u00e9decins et des embryologistes, qui poss\u00e8dent la plus grande exp\u00e9rience dans le domaine des techniques de reproduction m\u00e9dicalementassist\u00e9e en Gr\u00e8ce et ont aid\u00e9 \u00e0 mettre au monde plus de 70. 000 b\u00e9b\u00e9s. 0 Nouveaux &#8211; n\u00e9s 0 cycles de FIV<\/p>\n","protected":false},"author":1,"featured_media":0,"parent":16929,"menu_order":0,"comment_status":"closed","ping_status":"closed","template":"","meta":{"_acf_changed":false,"footnotes":""},"class_list":["post-16962","page","type-page","status-publish","hentry"],"acf":[],"jetpack_sharing_enabled":true,"_links":{"self":[{"href":"https:\/\/www.hygeiaivf.gr\/fr\/wp-json\/wp\/v2\/pages\/16962","targetHints":{"allow":["GET"]}}],"collection":[{"href":"https:\/\/www.hygeiaivf.gr\/fr\/wp-json\/wp\/v2\/pages"}],"about":[{"href":"https:\/\/www.hygeiaivf.gr\/fr\/wp-json\/wp\/v2\/types\/page"}],"author":[{"embeddable":true,"href":"https:\/\/www.hygeiaivf.gr\/fr\/wp-json\/wp\/v2\/users\/1"}],"replies":[{"embeddable":true,"href":"https:\/\/www.hygeiaivf.gr\/fr\/wp-json\/wp\/v2\/comments?post=16962"}],"version-history":[{"count":0,"href":"https:\/\/www.hygeiaivf.gr\/fr\/wp-json\/wp\/v2\/pages\/16962\/revisions"}],"up":[{"embeddable":true,"href":"https:\/\/www.hygeiaivf.gr\/fr\/wp-json\/wp\/v2\/pages\/16929"}],"wp:attachment":[{"href":"https:\/\/www.hygeiaivf.gr\/fr\/wp-json\/wp\/v2\/media?parent=16962"}],"curies":[{"name":"wp","href":"https:\/\/api.w.org\/{rel}","templated":true}]}}