{"id":16966,"date":"2022-08-01T14:24:34","date_gmt":"2022-08-01T11:24:34","guid":{"rendered":"https:\/\/www.hygeiaivf.gr\/?page_id=16966"},"modified":"2022-08-01T14:28:49","modified_gmt":"2022-08-01T11:28:49","slug":"gestion-de-la-qualite","status":"publish","type":"page","link":"https:\/\/www.hygeiaivf.gr\/fr\/l-unite\/gestion-de-la-qualite\/","title":{"rendered":"Gestion de la qualit\u00e9"},"content":{"rendered":"\t\t<div data-elementor-type=\"wp-page\" data-elementor-id=\"16966\" class=\"elementor elementor-16966\" data-elementor-post-type=\"page\">\n\t\t\t\t\t\t<section class=\"elementor-section elementor-top-section elementor-element elementor-element-ba06006 elementor-section-boxed elementor-section-height-default elementor-section-height-default qodef-elementor-content-no\" data-id=\"ba06006\" data-element_type=\"section\">\n\t\t\t\t\t\t<div class=\"elementor-container elementor-column-gap-default\">\n\t\t\t\t\t<div class=\"elementor-column elementor-col-100 elementor-top-column elementor-element elementor-element-1fc830a\" data-id=\"1fc830a\" data-element_type=\"column\">\n\t\t\t<div class=\"elementor-widget-wrap elementor-element-populated\">\n\t\t\t\t\t\t<div class=\"elementor-element elementor-element-b2da13a elementor-widget elementor-widget-text-editor\" data-id=\"b2da13a\" data-element_type=\"widget\" data-widget_type=\"text-editor.default\">\n\t\t\t\t<div class=\"elementor-widget-container\">\n\t\t\t\t\t\t\t<p><img fetchpriority=\"high\" decoding=\"async\" src=\"https:\/\/www.hygeiaivf.gr\/files\/2022\/01\/PISTOPOISIS.jpg\" alt=\"\" width=\"1920\" height=\"1085\" \/><\/p><div style=\"background: #ffffff; padding: 70px; margin-bottom: 11px;\"><p lang=\"fr-FR\"><span style=\"color: #747474;\"><span style=\"font-family: CFAstyStd, Cambria, serif;\"><span style=\"font-size: x-large;\"><b>\u00c0 l\u2019unit\u00e9 YGEIA FIV embryog\u00e9n\u00e8se, nous utilisons un\u00a0<\/b><\/span><\/span><\/span><span style=\"color: #1d6c63;\"><span style=\"font-family: CFAstyStd, Cambria, serif;\"><span style=\"font-size: x-large;\"><b>Syst\u00e8me de gestion de la qualit\u00e9,\u00a0<\/b><\/span><\/span><\/span><span style=\"color: #747474;\"><span style=\"font-family: CFAstyStd, Cambria, serif;\"><span style=\"font-size: x-large;\"><b>qui couvre l\u2019ensemble de nos services et de nos fonctions (cliniques, administratives, de laboratoire et de soutien).<\/b><\/span><\/span><\/span><\/p><p style=\"text-align: center;\"><a href=\"https:\/\/www.hygeiaivf.gr\/files\/2022\/06\/CERT_IVF_15224_2022_GR.pdf\"><img decoding=\"async\" src=\"https:\/\/www.hygeiaivf.gr\/files\/2022\/03\/TUV-300x258.jpg\" alt=\"\" width=\"94\" height=\"78\" \/><\/a><\/p><p style=\"text-align: center;\"><a href=\"https:\/\/www.hygeiaivf.gr\/files\/2022\/06\/CERT_IVF_15224_2022_GR.pdf\">EN 15224 \u2013 Syst\u00e8mes de gestion de la qualit\u00e9 \u2013 EN ISO 9001:2015 pour les soins de sant\u00e9<\/a><\/p><\/div>\t\t\t\t\t\t<\/div>\n\t\t\t\t<\/div>\n\t\t\t\t<div class=\"elementor-element elementor-element-d957861 font-main elementor-widget elementor-widget-text-editor\" data-id=\"d957861\" data-element_type=\"widget\" data-widget_type=\"text-editor.default\">\n\t\t\t\t<div class=\"elementor-widget-container\">\n\t\t\t\t\t\t\t<p class=\"western\" lang=\"fr-FR\"><span style=\"color: #ffffff;\"><span style=\"font-family: CFAstyStd, Cambria, serif;\"><span style=\"font-size: x-large;\"><b>Dans le cadre de ce syst\u00e8me, nous avons pris les engagements suivants :<\/b><\/span><\/span><\/span><\/p>\n\n<ul>\n \t<li>\n<span style=\"color: #ffffff;\"><span style=\"font-family: CFAstyStd, Cambria, serif;\"><span style=\"font-size: medium;\"><b>Nous r\u00e9pondons aux besoins, aux souhaits et aux attentes des patients et de leurs proches,\u00a0<\/b><\/span><\/span><\/span><span style=\"color: #ffffff;\"><span style=\"font-family: CFAstyStd, Cambria, serif;\"><span style=\"font-size: medium;\">afin de les satisfaire et de fournir les meilleurs services possibles. Nous nous effor\u00e7ons de r\u00e9pondre aux exigences de nos employ\u00e9s, de nos collaborateurs et de la communaut\u00e9 au sens large en ce qui concerne la fourniture de services de procr\u00e9ation m\u00e9dicalement assist\u00e9e, la sant\u00e9 et la s\u00e9curit\u00e9 au travail et l&#8217;environnement.<\/span><\/span><\/span>\n<\/li>\n \t<li>\n<span style=\"color: #ffffff;\"><span style=\"font-family: CFAstyStd, Cambria, serif;\"><span style=\"font-size: medium;\"><b>Nous nous engageons \u00e0 fournir d\u2019excellents services <\/b><\/span><\/span><\/span><span style=\"color: #ffffff;\"><span style=\"font-family: CFAstyStd, Cambria, serif;\"><span style=\"font-size: medium;\">en disposant des ressources n\u00e9cessaires, d\u2019un personnel hautement qualifi\u00e9, d\u2019une technologie de pointe et des pratiques professionnelles.<\/span><\/span><\/span>\n<span style=\"color: #ffffff;\"><span style=\"font-family: CFAstyStd, Cambria, serif;\"><span style=\"font-size: medium;\"><b>Nous respectons les dispositions l\u00e9gales applicables et les exigences r\u00e9glementaires en vigueur, ainsi que les obligations que nous avons sign\u00e9es et accept\u00e9es\u00a0<\/b><\/span><\/span><\/span><span style=\"color: #ffffff;\"><span style=\"font-family: CFAstyStd, Cambria, serif;\"><span style=\"font-size: medium;\">concernant la fourniture de services en ce qui concerne la grossesse et la procr\u00e9ation obtenus par des m\u00e9thodes autres que l\u2019union naturelle de l\u2019homme et de la femme, l\u2019entretien, la mise \u00e0 disposition de gam\u00e8tes humains, du mat\u00e9riel ovarien et testiculaire et des zygotes ainsi que des ovules f\u00e9cond\u00e9s destin\u00e9s \u00e0 \u00eatre utilis\u00e9s dans la recherche ou dans le cadre de la procr\u00e9ation m\u00e9dicalement assist\u00e9e, la s\u00e9curit\u00e9 et la sant\u00e9 des travailleurs, l\u2019environnement et la protection des donn\u00e9es \u00e0 caract\u00e8re personnel.<\/span><\/span><\/span><\/p>\n<\/li>\n<\/ul>\n<ul>\n \t<li>\n<span style=\"color: #ffffff;\"><span style=\"font-family: CFAstyStd, Cambria, serif;\"><span style=\"font-size: medium;\"><b>Nous r\u00e9pondons aux exigences de la norme pour laquelle nous avons \u00e9t\u00e9 certifi\u00e9s :<\/b><\/span><\/span><\/span><\/p>\n\n<ul>\n \t<li>\n<span style=\"color: #ffffff;\"><span style=\"font-family: CFAstyStd, Cambria, serif;\"><span style=\"font-size: medium;\">EN 15224 \u2013 Syst\u00e8mes de gestion de la qualit\u00e9 \u2013 EN ISO 9001:2015 pour les soins de sant\u00e9<\/span><\/span><\/span><\/p>\n<\/li>\n<\/ul>\n<\/li>\n<\/ul>\n<ul>\n \t<li>\n<span style=\"color: #ffffff;\"><span style=\"font-family: CFAstyStd, Cambria, serif;\"><span style=\"font-size: medium;\"><b>Nous appliquons le principe de base de la pr\u00e9vention\u00a0<\/b><\/span><\/span><\/span><span style=\"color: #ffffff;\"><span style=\"font-family: CFAstyStd, Cambria, serif;\"><span style=\"font-size: medium;\">dans toutes les activit\u00e9s de l\u2019entreprise.<\/span><\/span><\/span><\/p>\n<\/li>\n<\/ul>\n<ul>\n \t<li>\n<span style=\"color: #ffffff;\"><span style=\"font-family: CFAstyStd, Cambria, serif;\"><span style=\"font-size: medium;\"><b>Nous prot\u00e9geons l\u2019environnement.\u00a0<\/b><\/span><\/span><\/span><span style=\"color: #ffffff;\"><span style=\"font-family: CFAstyStd, Cambria, serif;\"><span style=\"font-size: medium;\">Nous nous engageons \u00e0 pr\u00e9venir la pollution, \u00e0 utiliser les ressources de mani\u00e8re durable, \u00e0 att\u00e9nuer le changement climatique et \u00e0 nous y adapter, ainsi qu\u2019\u00e0 prot\u00e9ger la biodiversit\u00e9 et les \u00e9cosyst\u00e8mes en nous conformant aux lois nationales et europ\u00e9ennes.<\/span><\/span><\/span><\/p>\n<\/li>\n<\/ul>\n<ul>\n \t<li>\n<span style=\"color: #ffffff;\"><span style=\"font-family: CFAstyStd, Cambria, serif;\"><span style=\"font-size: medium;\"><b>Nous offrons des conditions de travail s\u00fbres et saines\u00a0<\/b><\/span><\/span><\/span><span style=\"color: #ffffff;\"><span style=\"font-family: CFAstyStd, Cambria, serif;\"><span style=\"font-size: medium;\">en vue de pr\u00e9venir les accidents du travail et les maladies. Nous nous engageons \u00e0 \u00e9liminer les risques et \u00e0 r\u00e9duire les dangers pour la sant\u00e9 et la s\u00e9curit\u00e9 au travail. Nous nous engageons \u00e0 consulter et \u00e0 engager les employ\u00e9s et leurs repr\u00e9sentants.<\/span><\/span><\/span><\/p>\n<\/li>\n<\/ul>\n<ul>\n \t<li>\n<span style=\"color: #ffffff;\"><span style=\"font-family: CFAstyStd, Cambria, serif;\"><span style=\"font-size: medium;\"><b>Nous offrons \u00e0 notre personnel un environnement de confiance et une culture de la s\u00e9curit\u00e9,\u00a0<\/b><\/span><\/span><\/span><span style=\"color: #ffffff;\"><span style=\"font-family: CFAstyStd, Cambria, serif;\"><span style=\"font-size: medium;\">qui favorise la communication ouverte, la participation active, la diversit\u00e9 des opinions, la d\u00e9fense des droits, la prise de responsabilit\u00e9s, la s\u00e9curit\u00e9, la responsabilit\u00e9 environnementale, le travail d\u2019\u00e9quipe, la formation et le d\u00e9veloppement personnel, la r\u00e9alisation des objectifs et la reconnaissance lorsque les objectifs sont atteints.<\/span><\/span><\/span><\/p>\n<\/li>\n<\/ul>\n<ul>\n \t<li>\n<span style=\"color: #ffffff;\"><span style=\"font-family: CFAstyStd, Cambria, serif;\"><span style=\"font-size: medium;\"><b>Nous r\u00e9duisons au minimum l\u2019occurrence des \u00e9carts\u00a0<\/b><\/span><\/span><\/span><span style=\"color: #ffffff;\"><span style=\"font-family: CFAstyStd, Cambria, serif;\"><span style=\"font-size: medium;\">par rapport \u00e0 notre norme de fonctionnement et aux meilleures pratiques internationales. Nous att\u00e9nuons les cons\u00e9quences des incidents potentiels, des accidents professionnels et\/ou environnementaux et veillons \u00e0 ce qu\u2019ils soient trait\u00e9s efficacement et rapidement.<\/span><\/span><\/span><\/p>\n<\/li>\n<\/ul>\n<ul>\n \t<li>\n<span style=\"color: #ffffff;\"><span style=\"font-family: CFAstyStd, Cambria, serif;\"><span style=\"font-size: medium;\"><b>Nous nous engageons \u00e0 am\u00e9liorer en permanence notre syst\u00e8me de gestion de la qualit\u00e9,\u00a0<\/b><\/span><\/span><\/span><span style=\"color: #ffffff;\"><span style=\"font-family: CFAstyStd, Cambria, serif;\"><span style=\"font-size: medium;\">afin d\u2019am\u00e9liorer nos performances et d\u2019atteindre nos objectifs strat\u00e9giques d\u2019excellence commerciale.<\/span><\/span><\/span><\/p>\n<\/li>\n<\/ul>\t\t\t\t\t\t<\/div>\n\t\t\t\t<\/div>\n\t\t\t\t\t<\/div>\n\t\t<\/div>\n\t\t\t\t\t<\/div>\n\t\t<\/section>\n\t\t\t\t<section class=\"elementor-section elementor-top-section elementor-element elementor-element-a542f85 elementor-section-boxed elementor-section-height-default elementor-section-height-default qodef-elementor-content-no\" data-id=\"a542f85\" data-element_type=\"section\">\n\t\t\t\t\t\t<div class=\"elementor-container elementor-column-gap-default\">\n\t\t\t\t\t<div class=\"elementor-column elementor-col-100 elementor-top-column elementor-element elementor-element-169b794\" data-id=\"169b794\" data-element_type=\"column\">\n\t\t\t<div class=\"elementor-widget-wrap elementor-element-populated\">\n\t\t\t\t\t\t<div class=\"elementor-element elementor-element-960b21c elementor-widget elementor-widget-text-editor\" data-id=\"960b21c\" data-element_type=\"widget\" data-widget_type=\"text-editor.default\">\n\t\t\t\t<div class=\"elementor-widget-container\">\n\t\t\t\t\t\t\t<p><a href=\"https:\/\/www.hygeiaivf.gr\/files\/2022\/06\/CERT_IVF_15224_2022_GR.pdf\"><img decoding=\"async\" class=\"alignnone wp-image-13451\" src=\"https:\/\/www.hygeiaivf.gr\/files\/2022\/03\/TUV-300x258.jpg\" alt=\"\" width=\"157\" height=\"122\" \/><\/a><span lang=\"EL\"><b> EN 15224 \u2013 Syst\u00e8mes de gestion de la qualit\u00e9 \u2013 EN ISO 9001:2015 pour les soins de sant\u00e9<\/b><\/span><\/p>\t\t\t\t\t\t<\/div>\n\t\t\t\t<\/div>\n\t\t\t\t\t<\/div>\n\t\t<\/div>\n\t\t\t\t\t<\/div>\n\t\t<\/section>\n\t\t\t\t<\/div>\n\t\t","protected":false},"excerpt":{"rendered":"<p>\u00c0 l\u2019unit\u00e9 YGEIA FIV embryog\u00e9n\u00e8se, nous utilisons un\u00a0Syst\u00e8me de gestion de la qualit\u00e9,\u00a0qui couvre l\u2019ensemble de nos services et de nos fonctions (cliniques, administratives, de laboratoire et de soutien). EN 15224 \u2013 Syst\u00e8mes de gestion de la qualit\u00e9 \u2013 EN ISO 9001:2015 pour les soins de sant\u00e9 Dans le cadre de ce syst\u00e8me, nous avons [&hellip;]<\/p>\n","protected":false},"author":1,"featured_media":0,"parent":16929,"menu_order":0,"comment_status":"closed","ping_status":"closed","template":"","meta":{"_acf_changed":false,"footnotes":""},"class_list":["post-16966","page","type-page","status-publish","hentry"],"acf":[],"jetpack_sharing_enabled":true,"_links":{"self":[{"href":"https:\/\/www.hygeiaivf.gr\/fr\/wp-json\/wp\/v2\/pages\/16966","targetHints":{"allow":["GET"]}}],"collection":[{"href":"https:\/\/www.hygeiaivf.gr\/fr\/wp-json\/wp\/v2\/pages"}],"about":[{"href":"https:\/\/www.hygeiaivf.gr\/fr\/wp-json\/wp\/v2\/types\/page"}],"author":[{"embeddable":true,"href":"https:\/\/www.hygeiaivf.gr\/fr\/wp-json\/wp\/v2\/users\/1"}],"replies":[{"embeddable":true,"href":"https:\/\/www.hygeiaivf.gr\/fr\/wp-json\/wp\/v2\/comments?post=16966"}],"version-history":[{"count":0,"href":"https:\/\/www.hygeiaivf.gr\/fr\/wp-json\/wp\/v2\/pages\/16966\/revisions"}],"up":[{"embeddable":true,"href":"https:\/\/www.hygeiaivf.gr\/fr\/wp-json\/wp\/v2\/pages\/16929"}],"wp:attachment":[{"href":"https:\/\/www.hygeiaivf.gr\/fr\/wp-json\/wp\/v2\/media?parent=16966"}],"curies":[{"name":"wp","href":"https:\/\/api.w.org\/{rel}","templated":true}]}}