{"id":14589,"date":"2022-05-30T13:42:16","date_gmt":"2022-05-30T10:42:16","guid":{"rendered":"https:\/\/www.hygeiaivf.gr\/?page_id=14589"},"modified":"2022-05-30T13:53:56","modified_gmt":"2022-05-30T10:53:56","slug":"gestione-della-qualita","status":"publish","type":"page","link":"https:\/\/www.hygeiaivf.gr\/it\/l-unita\/gestione-della-qualita\/","title":{"rendered":"Gestione della qualit\u00e0"},"content":{"rendered":"\t\t<div data-elementor-type=\"wp-page\" data-elementor-id=\"14589\" class=\"elementor elementor-14589\" data-elementor-post-type=\"page\">\n\t\t\t\t\t\t<section class=\"elementor-section elementor-top-section elementor-element elementor-element-ba06006 elementor-section-boxed elementor-section-height-default elementor-section-height-default qodef-elementor-content-no\" data-id=\"ba06006\" data-element_type=\"section\">\n\t\t\t\t\t\t<div class=\"elementor-container elementor-column-gap-default\">\n\t\t\t\t\t<div class=\"elementor-column elementor-col-100 elementor-top-column elementor-element elementor-element-1fc830a\" data-id=\"1fc830a\" data-element_type=\"column\">\n\t\t\t<div class=\"elementor-widget-wrap elementor-element-populated\">\n\t\t\t\t\t\t<div class=\"elementor-element elementor-element-b2da13a elementor-widget elementor-widget-text-editor\" data-id=\"b2da13a\" data-element_type=\"widget\" data-widget_type=\"text-editor.default\">\n\t\t\t\t<div class=\"elementor-widget-container\">\n\t\t\t\t\t\t\t<p><img fetchpriority=\"high\" decoding=\"async\" class=\"alignnone wp-image-10381 size-full\" src=\"https:\/\/www.hygeiaivf.gr\/files\/2022\/01\/PISTOPOISIS.jpg\" alt=\"\" width=\"1920\" height=\"1085\" srcset=\"https:\/\/www.hygeiaivf.gr\/files\/2022\/01\/PISTOPOISIS.jpg 1920w, https:\/\/www.hygeiaivf.gr\/files\/2022\/01\/PISTOPOISIS-300x170.jpg 300w, https:\/\/www.hygeiaivf.gr\/files\/2022\/01\/PISTOPOISIS-1024x579.jpg 1024w, https:\/\/www.hygeiaivf.gr\/files\/2022\/01\/PISTOPOISIS-768x434.jpg 768w, https:\/\/www.hygeiaivf.gr\/files\/2022\/01\/PISTOPOISIS-1536x868.jpg 1536w\" sizes=\"(max-width: 1920px) 100vw, 1920px\" \/><\/p><div class=\"emvriologiko\" style=\"background: #ffffff; padding: 70px; margin-bottom: 11px;\"><p style=\"font-size: 22px; font-weight: 600;\">All&#8217;Unit\u00e0 HYGEIA IVF Embryogenesis implementiamo un Sistema di gestione della qualit\u00e0 che copre l&#8217;intera gamma dei nostri servizi e funzioni (cliniche, amministrative, di laboratorio e di supporto).<\/p><p style=\"text-align: center;\"><img decoding=\"async\" class=\"aligncenter wp-image-13451\" src=\"https:\/\/www.hygeiaivf.gr\/files\/2022\/03\/TUV-300x258.jpg\" alt=\"\" width=\"94\" height=\"78\" \/>EN 15224 \u2013 Sistema di gestione della qualit\u00e0<\/p><\/div>\t\t\t\t\t\t<\/div>\n\t\t\t\t<\/div>\n\t\t\t\t<div class=\"elementor-element elementor-element-d957861 font-main elementor-widget elementor-widget-text-editor\" data-id=\"d957861\" data-element_type=\"widget\" data-widget_type=\"text-editor.default\">\n\t\t\t\t<div class=\"elementor-widget-container\">\n\t\t\t\t\t\t\t<span style=\"font-size: 22px;\"><strong>Nell&#8217;ambito di questo Sistema, abbiamo assunto i seguenti impegni:<\/strong><\/span>\n<ul>\n \t<li><strong>Soddisfiamo i bisogni, i desideri e le aspettative dei pazienti e delle loro famiglie<\/strong>, puntando alla loro soddisfazione e all&#8217;erogazione ottimale dei servizi. Cerchiamo di soddisfare i requisiti dei dipendenti, dei partner, ma anche della comunit\u00e0 pi\u00f9 ampia, in termini di servizi di procreazione medicalmente assistita, salute e sicurezza sul lavoro e ambiente.<\/li>\n \t<li><strong>Ci impegniamo a fornire servizi eccellenti<\/strong> disponendo delle risorse necessarie, personale altamente qualificato, tecnologia all&#8217;avanguardia <span style=\"text-decoration: line-through;\">e <\/span>con l&#8217;applicazione di buone pratiche professionali.\n<strong>Rispettiamo le disposizioni di legge e regolamentari vigenti , <span style=\"text-decoration: line-through;\">e<\/span> gli <\/strong><strong>obblighi che abbiamo sottoscritto<\/strong> che riguardano l&#8217;erogazione di servizi per la gravidanza e la procreazione conseguite con modalit\u00e0 diverse dalla normale unione tra uomo e donna, la conservazione e la messa a disposizione di gameti umani, materiale ovarico e testicolare e zigoti e ovociti fecondati, destinati a finalit\u00e0 di ricerca o nell&#8217;ambito della procreazione medicalmente assistita, la sicurezza e la salute dei lavoratori, l&#8217;ambiente e la protezione dei dati personali.<\/li>\n \t<li><strong>Rispondiamo ai requisiti della norma per la quale siamo stati certificati:<\/strong>\n<ul>\n \t<li>EN 15224 \u2013 Sistema di gestione della qualit\u00e0 \u2013 EN ISO 9001:2015 per l&#8217;assistenza sanitaria<\/li>\n<\/ul>\n<\/li>\n<\/ul>\n<ul>\n \t<li><strong>Applichiamo il principio base della prevenzione<\/strong> a tutte le attivit\u00e0 aziendali.<\/li>\n \t<li><strong>Proteggiamo l&#8217;ambiente.\u00a0<\/strong>Ci impegniamo per prevenire l&#8217;inquinamento, per l&#8217;uso sostenibile delle risorse, la mitigazione e l&#8217;adattamento ai cambiamenti climatici e la protezione della biodiversit\u00e0 e degli ecosistemi nel rispetto delle leggi nazionali ed europee.<\/li>\n \t<li><strong>Offriamo condizioni di lavoro sane e sicure<\/strong> al fine di prevenire infortuni sul lavoro e malattie. Ci impegniamo ad eliminare i rischi in genere e a ridurre i rischi per la salute e la sicurezza sul lavoro. Ci impegniamo a consultare e coinvolgere i dipendenti e i loro rappresentanti.<\/li>\n \t<li><strong>Forniamo al nostro personale un ambiente di fiducia e una cultura di sicurezza<\/strong>, che promuove la comunicazione aperta, la partecipazione attiva, la diversit\u00e0 di opinioni, la tutela dei diritti, la responsabilit\u00e0, la sicurezza, la responsabilit\u00e0 ambientale, il lavoro di squadra, la formazione e lo sviluppo personale, il raggiungimento degli obiettivi e il riconoscimento quando le aspettative sono soddisfatte.<\/li>\n \t<li><strong>Riduciamo al minimo il verificarsi di deviazioni<\/strong> dal nostro standard operativo e dalle migliori pratiche internazionali. Attenuiamo le conseguenze di possibili eventi, infortuni sul lavoro e\/o ambientali e ci occupiamo di dare una risposta rapida ed efficace.<\/li>\n \t<li><strong>Ci impegniamo nel miglioramento continuo del Sistema di gestione della qualit\u00e0<\/strong>, al fine di migliorare le nostre prestazioni e raggiungere i nostri obiettivi strategici per l&#8217;eccellenza aziendale.<\/li>\n<\/ul>\t\t\t\t\t\t<\/div>\n\t\t\t\t<\/div>\n\t\t\t\t\t<\/div>\n\t\t<\/div>\n\t\t\t\t\t<\/div>\n\t\t<\/section>\n\t\t\t\t<section class=\"elementor-section elementor-top-section elementor-element elementor-element-a542f85 elementor-section-boxed elementor-section-height-default elementor-section-height-default qodef-elementor-content-no\" data-id=\"a542f85\" data-element_type=\"section\">\n\t\t\t\t\t\t<div class=\"elementor-container elementor-column-gap-default\">\n\t\t\t\t\t<div class=\"elementor-column elementor-col-100 elementor-top-column elementor-element elementor-element-169b794\" data-id=\"169b794\" data-element_type=\"column\">\n\t\t\t<div class=\"elementor-widget-wrap elementor-element-populated\">\n\t\t\t\t\t\t<div class=\"elementor-element elementor-element-960b21c elementor-widget elementor-widget-text-editor\" data-id=\"960b21c\" data-element_type=\"widget\" data-widget_type=\"text-editor.default\">\n\t\t\t\t<div class=\"elementor-widget-container\">\n\t\t\t\t\t\t\t<p><img decoding=\"async\" class=\"alignnone wp-image-13451\" src=\"https:\/\/www.hygeiaivf.gr\/files\/2022\/03\/TUV-300x258.jpg\" alt=\"\" width=\"157\" height=\"122\" \/><span lang=\"EL\"><b> EN 15224 \u2013 Sistema di gestione della qualit\u00e0<\/b><\/span><\/p>\t\t\t\t\t\t<\/div>\n\t\t\t\t<\/div>\n\t\t\t\t\t<\/div>\n\t\t<\/div>\n\t\t\t\t\t<\/div>\n\t\t<\/section>\n\t\t\t\t<\/div>\n\t\t","protected":false},"excerpt":{"rendered":"<p>All&#8217;Unit\u00e0 HYGEIA IVF Embryogenesis implementiamo un Sistema di gestione della qualit\u00e0 che copre l&#8217;intera gamma dei nostri servizi e funzioni (cliniche, amministrative, di laboratorio e di supporto). EN 15224 \u2013 Sistema di gestione della qualit\u00e0 Nell&#8217;ambito di questo Sistema, abbiamo assunto i seguenti impegni: Soddisfiamo i bisogni, i desideri e le aspettative dei pazienti e [&hellip;]<\/p>\n","protected":false},"author":1,"featured_media":0,"parent":14687,"menu_order":0,"comment_status":"closed","ping_status":"closed","template":"","meta":{"_acf_changed":false,"footnotes":""},"class_list":["post-14589","page","type-page","status-publish","hentry"],"acf":[],"jetpack_sharing_enabled":true,"_links":{"self":[{"href":"https:\/\/www.hygeiaivf.gr\/it\/wp-json\/wp\/v2\/pages\/14589","targetHints":{"allow":["GET"]}}],"collection":[{"href":"https:\/\/www.hygeiaivf.gr\/it\/wp-json\/wp\/v2\/pages"}],"about":[{"href":"https:\/\/www.hygeiaivf.gr\/it\/wp-json\/wp\/v2\/types\/page"}],"author":[{"embeddable":true,"href":"https:\/\/www.hygeiaivf.gr\/it\/wp-json\/wp\/v2\/users\/1"}],"replies":[{"embeddable":true,"href":"https:\/\/www.hygeiaivf.gr\/it\/wp-json\/wp\/v2\/comments?post=14589"}],"version-history":[{"count":0,"href":"https:\/\/www.hygeiaivf.gr\/it\/wp-json\/wp\/v2\/pages\/14589\/revisions"}],"up":[{"embeddable":true,"href":"https:\/\/www.hygeiaivf.gr\/it\/wp-json\/wp\/v2\/pages\/14687"}],"wp:attachment":[{"href":"https:\/\/www.hygeiaivf.gr\/it\/wp-json\/wp\/v2\/media?parent=14589"}],"curies":[{"name":"wp","href":"https:\/\/api.w.org\/{rel}","templated":true}]}}