{"id":14698,"date":"2022-05-31T14:50:52","date_gmt":"2022-05-31T11:50:52","guid":{"rendered":"https:\/\/www.hygeiaivf.gr\/?page_id=14698"},"modified":"2024-01-09T09:00:21","modified_gmt":"2024-01-09T07:00:21","slug":"perche-noi","status":"publish","type":"page","link":"https:\/\/www.hygeiaivf.gr\/it\/perche-noi\/","title":{"rendered":"Perch\u00e9 noi?"},"content":{"rendered":"\t\t<div data-elementor-type=\"wp-page\" data-elementor-id=\"14698\" class=\"elementor elementor-14698\" data-elementor-post-type=\"page\">\n\t\t\t\t\t\t<section class=\"elementor-section elementor-top-section elementor-element elementor-element-1abc60e elementor-section-full_width perche-noi-2 elementor-section-height-default elementor-section-height-default qodef-elementor-content-no\" data-id=\"1abc60e\" data-element_type=\"section\">\n\t\t\t\t\t\t<div class=\"elementor-container elementor-column-gap-default\">\n\t\t\t\t\t<div class=\"elementor-column elementor-col-100 elementor-top-column elementor-element elementor-element-e6881d3\" data-id=\"e6881d3\" data-element_type=\"column\">\n\t\t\t<div class=\"elementor-widget-wrap elementor-element-populated\">\n\t\t\t\t\t\t<div class=\"elementor-element elementor-element-893d62e elementor-widget elementor-widget-image\" data-id=\"893d62e\" data-element_type=\"widget\" data-widget_type=\"image.default\">\n\t\t\t\t<div class=\"elementor-widget-container\">\n\t\t\t\t\t\t\t\t\t\t\t\t\t<img decoding=\"async\" src=\"https:\/\/www.hygeiaivf.gr\/files\/elementor\/thumbs\/ivf23-qr9hrmrkjtl6rqz1opdpe73p08gqvllzmkz6ahs7io.jpg\" title=\"ivf23\" alt=\"ivf23\" loading=\"lazy\" \/>\t\t\t\t\t\t\t\t\t\t\t\t\t<\/div>\n\t\t\t\t<\/div>\n\t\t\t\t\t<\/div>\n\t\t<\/div>\n\t\t\t\t\t<\/div>\n\t\t<\/section>\n\t\t\t\t<section class=\"elementor-section elementor-top-section elementor-element elementor-element-16c5d2e4 elementor-section-full_width elementor-section-height-default elementor-section-height-default qodef-elementor-content-no\" data-id=\"16c5d2e4\" data-element_type=\"section\">\n\t\t\t\t\t\t<div class=\"elementor-container elementor-column-gap-default\">\n\t\t\t\t\t<div class=\"elementor-column elementor-col-100 elementor-top-column elementor-element elementor-element-39ca1e06\" data-id=\"39ca1e06\" data-element_type=\"column\">\n\t\t\t<div class=\"elementor-widget-wrap elementor-element-populated\">\n\t\t\t\t\t\t<div class=\"elementor-element elementor-element-74c58d6 elementor-widget elementor-widget-text-editor\" data-id=\"74c58d6\" data-element_type=\"widget\" data-widget_type=\"text-editor.default\">\n\t\t\t\t<div class=\"elementor-widget-container\">\n\t\t\t\t\t\t\t<div class=\"giati-emas\" style=\"background: #fff; padding: 70px; font-size: 18px;\">\n<p style=\"font-weight: 600; font-size: 20px;\">Perch\u00e9 la nostra visione \u00e8  di realizzare il sogno di ogni coppia ad avere un figlio sano. E per questa visione, un grande team di scienziati lavora duramente per offrire il trattamento pi\u00f9 sicuro ed efficace possibile per tutte le coppie.<\/p>\n\n<\/div>\t\t\t\t\t\t<\/div>\n\t\t\t\t<\/div>\n\t\t\t\t\t<\/div>\n\t\t<\/div>\n\t\t\t\t\t<\/div>\n\t\t<\/section>\n\t\t\t\t<section class=\"elementor-section elementor-top-section elementor-element elementor-element-ad595c4 elementor-section-full_width elementor-section-height-default elementor-section-height-default qodef-elementor-content-no\" data-id=\"ad595c4\" data-element_type=\"section\">\n\t\t\t\t\t\t<div class=\"elementor-container elementor-column-gap-default\">\n\t\t\t\t\t<div class=\"elementor-column elementor-col-100 elementor-top-column elementor-element elementor-element-c30b111\" data-id=\"c30b111\" data-element_type=\"column\">\n\t\t\t<div class=\"elementor-widget-wrap elementor-element-populated\">\n\t\t\t\t\t\t<div class=\"elementor-element elementor-element-0c0404c elementor-widget elementor-widget-text-editor\" data-id=\"0c0404c\" data-element_type=\"widget\" data-widget_type=\"text-editor.default\">\n\t\t\t\t<div class=\"elementor-widget-container\">\n\t\t\t\t\t\t\t<div class=\"monada-text giati-emas\" style=\"background-color: #1d6c63; color: #ffffff; padding: 30px 70px;\">\n<ul class=\"font-main\" style=\"margin-top: 20px; font-weight: 400; font-size: 17px;\">\n<li>Perch\u00e9  l&#8217;Unit\u00e0 fa parte del pi\u00f9 grande gruppo di erogazione di servizi sanitari in Grecia, Hellenic&nbsp;Healthcare&nbsp;Group<\/li>\n<li>Perch\u00e9 l&#8217;equipe scientifica dell&#8217;Unit\u00e0 HYGEIA IVF Embryogenesis ha la maggiore esperienza nella procreazione assistita avendo aiutato a venire al mondo pi\u00f9 di 70.000 bambini.<\/li>\n<li>Perch\u00e9 l&#8217;Unit\u00e0 \u00e8 indissolubilmente collegata alle pi\u00f9 importanti cliniche private del Paese. Cosi avete accesso a servizi specializzati e ad  attrezzature all&#8217;avanguardia per tutto ci\u00f2 di cui avrete bisogno.<\/li>\n<li>Perch\u00e9 insieme possiamo affrontare anche i casi e le cause pi\u00f9 difficili di infertilit\u00e0<\/li>\n<li>Perch\u00e9 siamo al vostro fianco e insieme realizzeremo il vostro sogno<\/li>\n<\/ul>\n<\/div>\t\t\t\t\t\t<\/div>\n\t\t\t\t<\/div>\n\t\t\t\t\t<\/div>\n\t\t<\/div>\n\t\t\t\t\t<\/div>\n\t\t<\/section>\n\t\t\t\t<\/div>\n\t\t","protected":false},"excerpt":{"rendered":"<p>Perch\u00e9 la nostra visione \u00e8 di realizzare il sogno di ogni coppia ad avere un figlio sano. E per questa visione, un grande team di scienziati lavora duramente per offrire il trattamento pi\u00f9 sicuro ed efficace possibile per tutte le coppie. Perch\u00e9 l&#8217;Unit\u00e0 fa parte del pi\u00f9 grande gruppo di erogazione di servizi sanitari in [&hellip;]<\/p>\n","protected":false},"author":1,"featured_media":0,"parent":0,"menu_order":0,"comment_status":"closed","ping_status":"closed","template":"","meta":{"_acf_changed":false,"footnotes":""},"class_list":["post-14698","page","type-page","status-publish","hentry"],"acf":[],"jetpack_sharing_enabled":true,"_links":{"self":[{"href":"https:\/\/www.hygeiaivf.gr\/it\/wp-json\/wp\/v2\/pages\/14698","targetHints":{"allow":["GET"]}}],"collection":[{"href":"https:\/\/www.hygeiaivf.gr\/it\/wp-json\/wp\/v2\/pages"}],"about":[{"href":"https:\/\/www.hygeiaivf.gr\/it\/wp-json\/wp\/v2\/types\/page"}],"author":[{"embeddable":true,"href":"https:\/\/www.hygeiaivf.gr\/it\/wp-json\/wp\/v2\/users\/1"}],"replies":[{"embeddable":true,"href":"https:\/\/www.hygeiaivf.gr\/it\/wp-json\/wp\/v2\/comments?post=14698"}],"version-history":[{"count":0,"href":"https:\/\/www.hygeiaivf.gr\/it\/wp-json\/wp\/v2\/pages\/14698\/revisions"}],"wp:attachment":[{"href":"https:\/\/www.hygeiaivf.gr\/it\/wp-json\/wp\/v2\/media?parent=14698"}],"curies":[{"name":"wp","href":"https:\/\/api.w.org\/{rel}","templated":true}]}}