{"id":14702,"date":"2022-05-31T16:28:58","date_gmt":"2022-05-31T13:28:58","guid":{"rendered":"https:\/\/www.hygeiaivf.gr\/?page_id=14702"},"modified":"2022-05-31T16:31:48","modified_gmt":"2022-05-31T13:31:48","slug":"visione-e-missione","status":"publish","type":"page","link":"https:\/\/www.hygeiaivf.gr\/it\/visione-e-missione\/","title":{"rendered":"Visione e missione"},"content":{"rendered":"\t\t<div data-elementor-type=\"wp-page\" data-elementor-id=\"14702\" class=\"elementor elementor-14702\" data-elementor-post-type=\"page\">\n\t\t\t\t\t\t<section class=\"elementor-section elementor-top-section elementor-element elementor-element-438391b8 orama-row elementor-section-boxed elementor-section-height-default elementor-section-height-default qodef-elementor-content-no\" data-id=\"438391b8\" data-element_type=\"section\">\n\t\t\t\t\t\t<div class=\"elementor-container elementor-column-gap-default\">\n\t\t\t\t\t<div class=\"elementor-column elementor-col-50 elementor-top-column elementor-element elementor-element-7346e028\" data-id=\"7346e028\" data-element_type=\"column\">\n\t\t\t<div class=\"elementor-widget-wrap elementor-element-populated\">\n\t\t\t\t\t\t<div class=\"elementor-element elementor-element-76001c6 elementor-widget elementor-widget-text-editor\" data-id=\"76001c6\" data-element_type=\"widget\" data-widget_type=\"text-editor.default\">\n\t\t\t\t<div class=\"elementor-widget-container\">\n\t\t\t\t\t\t\t<div class=\"orama-text\" style=\"background-color: #ffffff; padding: 70px;\">\n<p style=\"font-size: 22px; font-weight: 600; color: #1d6c63;\">Visione<\/p>\n<p style=\"font-size: 18px;\">La nostra visione \u00e8 realizzare il sogno di ogni coppia di avere un bambino sano.<\/p>\n<p style=\"font-size: 22px; font-weight: 600; color: #1d6c63; margin-top: 35px;\">Missione<\/p>\n<p style=\"font-size: 18px;\">La nostra missione \u00e8 offrire il trattamento pi\u00f9 sicuro ed efficace possibile alle coppie perch\u00e9 abbiano un bambino sano.<\/p>\n\n<\/div>\t\t\t\t\t\t<\/div>\n\t\t\t\t<\/div>\n\t\t\t\t\t<\/div>\n\t\t<\/div>\n\t\t\t\t<div class=\"elementor-column elementor-col-50 elementor-top-column elementor-element elementor-element-192e2a1 orama-image\" data-id=\"192e2a1\" data-element_type=\"column\" data-settings=\"{&quot;background_background&quot;:&quot;classic&quot;}\">\n\t\t\t<div class=\"elementor-widget-wrap\">\n\t\t\t\t\t\t\t<\/div>\n\t\t<\/div>\n\t\t\t\t\t<\/div>\n\t\t<\/section>\n\t\t\t\t<\/div>\n\t\t","protected":false},"excerpt":{"rendered":"<p>Visione La nostra visione \u00e8 realizzare il sogno di ogni coppia di avere un bambino sano. Missione La nostra missione \u00e8 offrire il trattamento pi\u00f9 sicuro ed efficace possibile alle coppie perch\u00e9 abbiano un bambino sano.<\/p>\n","protected":false},"author":1,"featured_media":0,"parent":0,"menu_order":0,"comment_status":"closed","ping_status":"closed","template":"","meta":{"_acf_changed":false,"footnotes":""},"class_list":["post-14702","page","type-page","status-publish","hentry"],"acf":[],"jetpack_sharing_enabled":true,"_links":{"self":[{"href":"https:\/\/www.hygeiaivf.gr\/it\/wp-json\/wp\/v2\/pages\/14702","targetHints":{"allow":["GET"]}}],"collection":[{"href":"https:\/\/www.hygeiaivf.gr\/it\/wp-json\/wp\/v2\/pages"}],"about":[{"href":"https:\/\/www.hygeiaivf.gr\/it\/wp-json\/wp\/v2\/types\/page"}],"author":[{"embeddable":true,"href":"https:\/\/www.hygeiaivf.gr\/it\/wp-json\/wp\/v2\/users\/1"}],"replies":[{"embeddable":true,"href":"https:\/\/www.hygeiaivf.gr\/it\/wp-json\/wp\/v2\/comments?post=14702"}],"version-history":[{"count":0,"href":"https:\/\/www.hygeiaivf.gr\/it\/wp-json\/wp\/v2\/pages\/14702\/revisions"}],"wp:attachment":[{"href":"https:\/\/www.hygeiaivf.gr\/it\/wp-json\/wp\/v2\/media?parent=14702"}],"curies":[{"name":"wp","href":"https:\/\/api.w.org\/{rel}","templated":true}]}}