{"id":16323,"date":"2022-06-09T13:18:06","date_gmt":"2022-06-09T10:18:06","guid":{"rendered":"https:\/\/www.hygeiaivf.gr\/?page_id=16323"},"modified":"2022-06-09T13:20:42","modified_gmt":"2022-06-09T10:20:42","slug":"unitatea","status":"publish","type":"page","link":"https:\/\/www.hygeiaivf.gr\/ro\/unitatea\/","title":{"rendered":"Unitatea"},"content":{"rendered":"\t\t<div data-elementor-type=\"wp-page\" data-elementor-id=\"16323\" class=\"elementor elementor-16323\" data-elementor-post-type=\"page\">\n\t\t\t\t\t\t<section class=\"elementor-section elementor-top-section elementor-element elementor-element-4b5342e2 elementor-section-full_width elementor-section-height-default elementor-section-height-default qodef-elementor-content-no\" data-id=\"4b5342e2\" data-element_type=\"section\">\n\t\t\t\t\t\t<div class=\"elementor-container elementor-column-gap-default\">\n\t\t\t\t\t<div class=\"elementor-column elementor-col-100 elementor-top-column elementor-element elementor-element-167b2ae1\" data-id=\"167b2ae1\" data-element_type=\"column\">\n\t\t\t<div class=\"elementor-widget-wrap elementor-element-populated\">\n\t\t\t\t\t\t<div class=\"elementor-element elementor-element-6909952 elementor-widget elementor-widget-text-editor\" data-id=\"6909952\" data-element_type=\"widget\" data-widget_type=\"text-editor.default\">\n\t\t\t\t<div class=\"elementor-widget-container\">\n\t\t\t\t\t\t\t<div class=\"monada-top\" style=\"margin-top: -50px;\">\n\n<img decoding=\"async\" src=\"https:\/\/www.hygeiaivf.gr\/files\/2021\/12\/monada.jpg\" alt=\"\" \/>\n<div style=\"position: absolute; bottom: 0; left: 0; background: linear-gradient(to top,rgba(0,0,0,1) 0,rgba(0,0,0,.5) 44%,transparent 100%); height: 35%; width: 100%;\"><\/div>\n<p style=\"position: absolute; bottom: 23px; left: 170px; width: 470px; max-width: 100%; color: #fff; font-size: 26px; line-height: 1.4; font-weight: 500;\">La unitatea HYGEIA FIV Embryogenesis, aducem mai mult\u0103 dragoste \u00een lumea voastr\u0103.<\/p>\n<img decoding=\"async\" style=\"width: 50px; position: absolute; bottom: 95px; left: 101px;\" src=\"\/files\/2021\/10\/ivf_icon_white.png\" \/>\n\n<\/div>\t\t\t\t\t\t<\/div>\n\t\t\t\t<\/div>\n\t\t\t\t<section class=\"elementor-section elementor-inner-section elementor-element elementor-element-5ad3e7f elementor-section-full_width elementor-section-height-default elementor-section-height-default qodef-elementor-content-no\" data-id=\"5ad3e7f\" data-element_type=\"section\">\n\t\t\t\t\t\t<div class=\"elementor-container elementor-column-gap-no\">\n\t\t\t\t\t<div class=\"elementor-column elementor-col-50 elementor-inner-column elementor-element elementor-element-3de8a86\" data-id=\"3de8a86\" data-element_type=\"column\">\n\t\t\t<div class=\"elementor-widget-wrap elementor-element-populated\">\n\t\t\t\t\t\t<div class=\"elementor-element elementor-element-4f67b71 elementor-widget elementor-widget-text-editor\" data-id=\"4f67b71\" data-element_type=\"widget\" data-widget_type=\"text-editor.default\">\n\t\t\t\t<div class=\"elementor-widget-container\">\n\t\t\t\t\t\t\t<div class=\"monada-text\" style=\"background-color: #ffffff; padding: 70px;\"><p style=\"color: #1d6c63; font-size: 32px; line-height: 1.2; ; font-weight: 600;\">Aducem mai mult\u0103 dragoste \u00een lumea voastr\u0103!<\/p><p>Dorin\u021ba dvs. de a oferi cu generozitate excesul dragostei dvs. este \u0219i voin\u021ba noastr\u0103. Dorin\u021ba dumneavoastr\u0103 de a aduce o nou\u0103 via\u021b\u0103 \u00een lume, complet\u00e2ndu-v\u0103 familia, este \u0219i dorin\u021ba noastr\u0103.<br \/>Noi to\u021bi, echipa unit\u0103\u021bii HYGEIA FIV Embryogenesis, contribuim la realizarea visului dvs. pentru mai multe momente de fericire, pentru o familie mai mare, pentru o lume de noi experien\u021be care se vor desf\u0103\u0219ura \u00een fa\u021ba dvs., zi dup\u0103 zi pentru tot restul vie\u021bii dvs.<br \/>Pentru voi to\u021bi, femei \u0219i b\u0103rba\u021bi, care dori\u021bi s\u0103 tr\u0103i\u021bi miracolul cre\u0103rii unei noi vie\u021bi, suntem aici pentru a v\u0103 ajuta s\u0103 oferi\u021bi dragostea voastr\u0103 nem\u0103rginit\u0103.<br \/>Am creat o Unitate Model pe plan na\u021bional \u0219i peste hotare, \u00eentr-un ambient modern \u0219i prietenos, de estetic\u0103 \u00eenalt\u0103, care ofer\u0103 siguran\u021b\u0103, cu personal \u0219tiin\u021bific de top \u0219i care dispune de cele mai moderne echipamente tehnologice<br \/>\u00cempreun\u0103 facem urm\u0103torul pas!\u00a0<\/p><p><strong>\u00cempreun\u0103 facem urm\u0103torul pas!<\/strong><\/p><\/div>\t\t\t\t\t\t<\/div>\n\t\t\t\t<\/div>\n\t\t\t\t\t<\/div>\n\t\t<\/div>\n\t\t\t\t<div class=\"elementor-column elementor-col-50 elementor-inner-column elementor-element elementor-element-0ee1fad mon-cl-left\" data-id=\"0ee1fad\" data-element_type=\"column\">\n\t\t\t<div class=\"elementor-widget-wrap elementor-element-populated\">\n\t\t\t\t\t\t<div class=\"elementor-element elementor-element-2ff806b elementor-widget elementor-widget-image\" data-id=\"2ff806b\" data-element_type=\"widget\" data-widget_type=\"image.default\">\n\t\t\t\t<div class=\"elementor-widget-container\">\n\t\t\t\t\t\t\t\t\t\t\t\t\t<img fetchpriority=\"high\" decoding=\"async\" width=\"990\" height=\"709\" src=\"https:\/\/www.hygeiaivf.gr\/files\/2021\/12\/MONADA-2.jpg\" class=\"attachment-full size-full wp-image-10209\" alt=\"\" srcset=\"https:\/\/www.hygeiaivf.gr\/files\/2021\/12\/MONADA-2.jpg 990w, https:\/\/www.hygeiaivf.gr\/files\/2021\/12\/MONADA-2-300x215.jpg 300w, https:\/\/www.hygeiaivf.gr\/files\/2021\/12\/MONADA-2-768x550.jpg 768w\" sizes=\"(max-width: 990px) 100vw, 990px\" \/>\t\t\t\t\t\t\t\t\t\t\t\t\t<\/div>\n\t\t\t\t<\/div>\n\t\t\t\t<div class=\"elementor-element elementor-element-ce1bac4 anagki-text elementor-widget elementor-widget-text-editor\" data-id=\"ce1bac4\" data-element_type=\"widget\" data-widget_type=\"text-editor.default\">\n\t\t\t\t<div class=\"elementor-widget-container\">\n\t\t\t\t\t\t\t<p style=\"height: 246px; font-size: 30px; font-weight: 800; line-height: 1.25; padding-right: 70px;\">Dorin\u021ba dvs. de a oferi cu generozitate excesul dragostei din sufletul dvs. este \u0219i dorin\u021ba noastr\u0103.<\/p>\n<img decoding=\"async\" style=\"position: absolute; bottom: 40px; right: 40px;\" src=\"\/files\/2021\/10\/ivficongrey.png\" \/>\t\t\t\t\t\t<\/div>\n\t\t\t\t<\/div>\n\t\t\t\t\t<\/div>\n\t\t<\/div>\n\t\t\t\t\t<\/div>\n\t\t<\/section>\n\t\t\t\t<section class=\"elementor-section elementor-inner-section elementor-element elementor-element-5f9bf1e elementor-section-full_width elementor-section-height-default elementor-section-height-default qodef-elementor-content-no\" data-id=\"5f9bf1e\" data-element_type=\"section\">\n\t\t\t\t\t\t<div class=\"elementor-container elementor-column-gap-no\">\n\t\t\t\t\t<div class=\"elementor-column elementor-col-100 elementor-inner-column elementor-element elementor-element-b38b80d\" data-id=\"b38b80d\" data-element_type=\"column\">\n\t\t\t<div class=\"elementor-widget-wrap\">\n\t\t\t\t\t\t\t<\/div>\n\t\t<\/div>\n\t\t\t\t\t<\/div>\n\t\t<\/section>\n\t\t\t\t\t<\/div>\n\t\t<\/div>\n\t\t\t\t\t<\/div>\n\t\t<\/section>\n\t\t\t\t<\/div>\n\t\t","protected":false},"excerpt":{"rendered":"<p>La unitatea HYGEIA FIV Embryogenesis, aducem mai mult\u0103 dragoste \u00een lumea voastr\u0103. Aducem mai mult\u0103 dragoste \u00een lumea voastr\u0103! Dorin\u021ba dvs. de a oferi cu generozitate excesul dragostei dvs. este \u0219i voin\u021ba noastr\u0103. Dorin\u021ba dumneavoastr\u0103 de a aduce o nou\u0103 via\u021b\u0103 \u00een lume, complet\u00e2ndu-v\u0103 familia, este \u0219i dorin\u021ba noastr\u0103.Noi to\u021bi, echipa unit\u0103\u021bii HYGEIA FIV Embryogenesis, [&hellip;]<\/p>\n","protected":false},"author":1,"featured_media":0,"parent":0,"menu_order":0,"comment_status":"closed","ping_status":"closed","template":"","meta":{"_acf_changed":false,"footnotes":""},"class_list":["post-16323","page","type-page","status-publish","hentry"],"acf":[],"jetpack_sharing_enabled":true,"_links":{"self":[{"href":"https:\/\/www.hygeiaivf.gr\/ro\/wp-json\/wp\/v2\/pages\/16323","targetHints":{"allow":["GET"]}}],"collection":[{"href":"https:\/\/www.hygeiaivf.gr\/ro\/wp-json\/wp\/v2\/pages"}],"about":[{"href":"https:\/\/www.hygeiaivf.gr\/ro\/wp-json\/wp\/v2\/types\/page"}],"author":[{"embeddable":true,"href":"https:\/\/www.hygeiaivf.gr\/ro\/wp-json\/wp\/v2\/users\/1"}],"replies":[{"embeddable":true,"href":"https:\/\/www.hygeiaivf.gr\/ro\/wp-json\/wp\/v2\/comments?post=16323"}],"version-history":[{"count":0,"href":"https:\/\/www.hygeiaivf.gr\/ro\/wp-json\/wp\/v2\/pages\/16323\/revisions"}],"wp:attachment":[{"href":"https:\/\/www.hygeiaivf.gr\/ro\/wp-json\/wp\/v2\/media?parent=16323"}],"curies":[{"name":"wp","href":"https:\/\/api.w.org\/{rel}","templated":true}]}}