{"id":16342,"date":"2022-06-09T13:44:53","date_gmt":"2022-06-09T10:44:53","guid":{"rendered":"https:\/\/www.hygeiaivf.gr\/?page_id=16342"},"modified":"2022-06-09T13:45:55","modified_gmt":"2022-06-09T10:45:55","slug":"viziune-amp-misiune","status":"publish","type":"page","link":"https:\/\/www.hygeiaivf.gr\/ro\/viziune-amp-misiune\/","title":{"rendered":"Viziune &#038; Misiune"},"content":{"rendered":"\t\t<div data-elementor-type=\"wp-page\" data-elementor-id=\"16342\" class=\"elementor elementor-16342\" data-elementor-post-type=\"page\">\n\t\t\t\t\t\t<section class=\"elementor-section elementor-top-section elementor-element elementor-element-438391b8 orama-row elementor-section-boxed elementor-section-height-default elementor-section-height-default qodef-elementor-content-no\" data-id=\"438391b8\" data-element_type=\"section\">\n\t\t\t\t\t\t<div class=\"elementor-container elementor-column-gap-default\">\n\t\t\t\t\t<div class=\"elementor-column elementor-col-50 elementor-top-column elementor-element elementor-element-7346e028\" data-id=\"7346e028\" data-element_type=\"column\">\n\t\t\t<div class=\"elementor-widget-wrap elementor-element-populated\">\n\t\t\t\t\t\t<div class=\"elementor-element elementor-element-76001c6 elementor-widget elementor-widget-text-editor\" data-id=\"76001c6\" data-element_type=\"widget\" data-widget_type=\"text-editor.default\">\n\t\t\t\t<div class=\"elementor-widget-container\">\n\t\t\t\t\t\t\t<div class=\"orama-text\" style=\"background-color: #ffffff; padding: 70px;\">\n<p style=\"font-size: 22px; font-weight: 600; color: #1d6c63;\">Viziune<\/p>\n<p style=\"font-size: 18px;\">Viziunea noastr\u0103 este de a \u00eendeplini visul fiec\u0103rui cuplu de a avea un copil s\u0103n\u0103tos.<\/p>\n<p style=\"font-size: 22px; font-weight: 600; color: #1d6c63; margin-top: 35px;\">Misiune<\/p>\n<p style=\"font-size: 18px;\">Misiunea noastr\u0103 este de a oferi cel mai sigur si mai eficient tratament posibil cuplurilor pentru a avea un copil s\u0103n\u0103tos.<\/p>\n\n<\/div>\t\t\t\t\t\t<\/div>\n\t\t\t\t<\/div>\n\t\t\t\t\t<\/div>\n\t\t<\/div>\n\t\t\t\t<div class=\"elementor-column elementor-col-50 elementor-top-column elementor-element elementor-element-192e2a1 orama-image\" data-id=\"192e2a1\" data-element_type=\"column\" data-settings=\"{&quot;background_background&quot;:&quot;classic&quot;}\">\n\t\t\t<div class=\"elementor-widget-wrap\">\n\t\t\t\t\t\t\t<\/div>\n\t\t<\/div>\n\t\t\t\t\t<\/div>\n\t\t<\/section>\n\t\t\t\t<\/div>\n\t\t","protected":false},"excerpt":{"rendered":"<p>Viziune Viziunea noastr\u0103 este de a \u00eendeplini visul fiec\u0103rui cuplu de a avea un copil s\u0103n\u0103tos. Misiune Misiunea noastr\u0103 este de a oferi cel mai sigur si mai eficient tratament posibil cuplurilor pentru a avea un copil s\u0103n\u0103tos.<\/p>\n","protected":false},"author":1,"featured_media":0,"parent":0,"menu_order":0,"comment_status":"closed","ping_status":"closed","template":"","meta":{"_acf_changed":false,"footnotes":""},"class_list":["post-16342","page","type-page","status-publish","hentry"],"acf":[],"jetpack_sharing_enabled":true,"_links":{"self":[{"href":"https:\/\/www.hygeiaivf.gr\/ro\/wp-json\/wp\/v2\/pages\/16342","targetHints":{"allow":["GET"]}}],"collection":[{"href":"https:\/\/www.hygeiaivf.gr\/ro\/wp-json\/wp\/v2\/pages"}],"about":[{"href":"https:\/\/www.hygeiaivf.gr\/ro\/wp-json\/wp\/v2\/types\/page"}],"author":[{"embeddable":true,"href":"https:\/\/www.hygeiaivf.gr\/ro\/wp-json\/wp\/v2\/users\/1"}],"replies":[{"embeddable":true,"href":"https:\/\/www.hygeiaivf.gr\/ro\/wp-json\/wp\/v2\/comments?post=16342"}],"version-history":[{"count":0,"href":"https:\/\/www.hygeiaivf.gr\/ro\/wp-json\/wp\/v2\/pages\/16342\/revisions"}],"wp:attachment":[{"href":"https:\/\/www.hygeiaivf.gr\/ro\/wp-json\/wp\/v2\/media?parent=16342"}],"curies":[{"name":"wp","href":"https:\/\/api.w.org\/{rel}","templated":true}]}}