{"id":16348,"date":"2022-06-09T13:48:26","date_gmt":"2022-06-09T10:48:26","guid":{"rendered":"https:\/\/www.hygeiaivf.gr\/?page_id=16348"},"modified":"2024-01-09T09:02:31","modified_gmt":"2024-01-09T07:02:31","slug":"de-ce-noi","status":"publish","type":"page","link":"https:\/\/www.hygeiaivf.gr\/ro\/de-ce-noi\/","title":{"rendered":"De ce noi?"},"content":{"rendered":"\t\t<div data-elementor-type=\"wp-page\" data-elementor-id=\"16348\" class=\"elementor elementor-16348\" data-elementor-post-type=\"page\">\n\t\t\t\t\t\t<section class=\"elementor-section elementor-top-section elementor-element elementor-element-1abc60e elementor-section-full_width elementor-section-height-default elementor-section-height-default qodef-elementor-content-no\" data-id=\"1abc60e\" data-element_type=\"section\">\n\t\t\t\t\t\t<div class=\"elementor-container elementor-column-gap-default\">\n\t\t\t\t\t<div class=\"elementor-column elementor-col-100 elementor-top-column elementor-element elementor-element-e6881d3\" data-id=\"e6881d3\" data-element_type=\"column\">\n\t\t\t<div class=\"elementor-widget-wrap elementor-element-populated\">\n\t\t\t\t\t\t<div class=\"elementor-element elementor-element-893d62e elementor-widget elementor-widget-image\" data-id=\"893d62e\" data-element_type=\"widget\" data-widget_type=\"image.default\">\n\t\t\t\t<div class=\"elementor-widget-container\">\n\t\t\t\t\t\t\t\t\t\t\t\t\t<img decoding=\"async\" src=\"https:\/\/www.hygeiaivf.gr\/files\/elementor\/thumbs\/ivf23-qr9hrmrkjtl6rqz1opdpe73p08gqvllzmkz6ahs7io.jpg\" title=\"ivf23\" alt=\"ivf23\" loading=\"lazy\" \/>\t\t\t\t\t\t\t\t\t\t\t\t\t<\/div>\n\t\t\t\t<\/div>\n\t\t\t\t\t<\/div>\n\t\t<\/div>\n\t\t\t\t\t<\/div>\n\t\t<\/section>\n\t\t\t\t<section class=\"elementor-section elementor-top-section elementor-element elementor-element-16c5d2e4 elementor-section-full_width elementor-section-height-default elementor-section-height-default qodef-elementor-content-no\" data-id=\"16c5d2e4\" data-element_type=\"section\">\n\t\t\t\t\t\t<div class=\"elementor-container elementor-column-gap-default\">\n\t\t\t\t\t<div class=\"elementor-column elementor-col-100 elementor-top-column elementor-element elementor-element-39ca1e06\" data-id=\"39ca1e06\" data-element_type=\"column\">\n\t\t\t<div class=\"elementor-widget-wrap elementor-element-populated\">\n\t\t\t\t\t\t<div class=\"elementor-element elementor-element-74c58d6 elementor-widget elementor-widget-text-editor\" data-id=\"74c58d6\" data-element_type=\"widget\" data-widget_type=\"text-editor.default\">\n\t\t\t\t<div class=\"elementor-widget-container\">\n\t\t\t\t\t\t\t<div class=\"giati-emas\" style=\"background: #fff; padding: 70px; font-size: 18px;\"><p style=\"font-weight: 600; font-size: 20px;\">Pentru c\u0103 viziunea noastr\u0103 este de a \u00eendeplini visul fiec\u0103rui cuplu de a avea un copil s\u0103n\u0103tos. Iar pentru aceast\u0103 viziune o echip\u0103 mare de oameni de \u0219tiin\u021b\u0103 lucreaz\u0103 din greu pentru a oferi cel mai sigur \u0219i mai eficient tratament posibil tuturor cuplurilor.<\/p><\/div>\t\t\t\t\t\t<\/div>\n\t\t\t\t<\/div>\n\t\t\t\t\t<\/div>\n\t\t<\/div>\n\t\t\t\t\t<\/div>\n\t\t<\/section>\n\t\t\t\t<section class=\"elementor-section elementor-top-section elementor-element elementor-element-ad595c4 elementor-section-full_width elementor-section-height-default elementor-section-height-default qodef-elementor-content-no\" data-id=\"ad595c4\" data-element_type=\"section\">\n\t\t\t\t\t\t<div class=\"elementor-container elementor-column-gap-default\">\n\t\t\t\t\t<div class=\"elementor-column elementor-col-100 elementor-top-column elementor-element elementor-element-c30b111\" data-id=\"c30b111\" data-element_type=\"column\">\n\t\t\t<div class=\"elementor-widget-wrap elementor-element-populated\">\n\t\t\t\t\t\t<div class=\"elementor-element elementor-element-0c0404c elementor-widget elementor-widget-text-editor\" data-id=\"0c0404c\" data-element_type=\"widget\" data-widget_type=\"text-editor.default\">\n\t\t\t\t<div class=\"elementor-widget-container\">\n\t\t\t\t\t\t\t<div class=\"monada-text giati-emas\" style=\"background-color: #1d6c63; color: #ffffff; padding: 30px 70px;\">\n<ul class=\"font-main\" style=\"margin-top: 20px; font-weight: 400; font-size: 17px;\">\n<li>Pentru c\u0103 unitatea este membr\u0103 a celui mai mare grup de asisten\u021b\u0103 medical\u0103 din Grecia, Hellenic Healthcare Group<\/li>\n<p> \t<lipentru c\u0103=\"\" echipa=\"\" \u0219tiin\u021bific\u0103=\"\" a=\"\" unit\u0103\u021bii=\"\" hygeia=\"\" fiv=\"\" embryogenesis,=\"\" dispune=\"\" de=\"\" cea=\"\" mai=\"\" mare=\"\" experien\u021b\u0103=\"\" \u00een=\"\" domeniul=\"\" reproducerii=\"\" umane=\"\" asistate=\"\" medical=\"\" \u0219i=\"\" contribuit=\"\" la=\"\" aducerea=\"\" peste=\"\" 70.000=\"\" bebelu\u0219i=\"\" lume<=\"\" li=\"\">\n<\/lipentru><\/p><li>Pentru c\u0103 Unitatea este indisolubil legat\u0103 de cele mai mari spitale private din \u021bar\u0103 \u0219i astfel ave\u021bi acces la servicii specializate \u0219i echipamente de ultim\u0103 genera\u021bie pentru orice ave\u021bi nevoie.<\/li>\n<li>Pentru c\u0103 \u00eempreun\u0103 putem face fa\u021b\u0103 chiar \u0219i celor mai dificile cazuri \u0219i cauze de hipofertilitate<\/li>\n<li>Pentru c\u0103 suntem l\u00e2ng\u0103 \u0219i \u00eempreun\u0103 vom transforma visul dumneavoastr\u0103 \u00een realitate<\/li>\n<\/ul>\n<\/div>\t\t\t\t\t\t<\/div>\n\t\t\t\t<\/div>\n\t\t\t\t\t<\/div>\n\t\t<\/div>\n\t\t\t\t\t<\/div>\n\t\t<\/section>\n\t\t\t\t<\/div>\n\t\t","protected":false},"excerpt":{"rendered":"<p>Pentru c\u0103 viziunea noastr\u0103 este de a \u00eendeplini visul fiec\u0103rui cuplu de a avea un copil s\u0103n\u0103tos. Iar pentru aceast\u0103 viziune o echip\u0103 mare de oameni de \u0219tiin\u021b\u0103 lucreaz\u0103 din greu pentru a oferi cel mai sigur \u0219i mai eficient tratament posibil tuturor cuplurilor. Pentru c\u0103 unitatea este membr\u0103 a celui mai mare grup de [&hellip;]<\/p>\n","protected":false},"author":1,"featured_media":0,"parent":0,"menu_order":0,"comment_status":"closed","ping_status":"closed","template":"","meta":{"_acf_changed":false,"footnotes":""},"class_list":["post-16348","page","type-page","status-publish","hentry"],"acf":[],"jetpack_sharing_enabled":true,"_links":{"self":[{"href":"https:\/\/www.hygeiaivf.gr\/ro\/wp-json\/wp\/v2\/pages\/16348","targetHints":{"allow":["GET"]}}],"collection":[{"href":"https:\/\/www.hygeiaivf.gr\/ro\/wp-json\/wp\/v2\/pages"}],"about":[{"href":"https:\/\/www.hygeiaivf.gr\/ro\/wp-json\/wp\/v2\/types\/page"}],"author":[{"embeddable":true,"href":"https:\/\/www.hygeiaivf.gr\/ro\/wp-json\/wp\/v2\/users\/1"}],"replies":[{"embeddable":true,"href":"https:\/\/www.hygeiaivf.gr\/ro\/wp-json\/wp\/v2\/comments?post=16348"}],"version-history":[{"count":0,"href":"https:\/\/www.hygeiaivf.gr\/ro\/wp-json\/wp\/v2\/pages\/16348\/revisions"}],"wp:attachment":[{"href":"https:\/\/www.hygeiaivf.gr\/ro\/wp-json\/wp\/v2\/media?parent=16348"}],"curies":[{"name":"wp","href":"https:\/\/api.w.org\/{rel}","templated":true}]}}