{"id":16362,"date":"2022-06-09T14:07:07","date_gmt":"2022-06-09T11:07:07","guid":{"rendered":"https:\/\/www.hygeiaivf.gr\/?page_id=16362"},"modified":"2022-06-09T14:07:54","modified_gmt":"2022-06-09T11:07:54","slug":"facilitatile-noastre","status":"publish","type":"page","link":"https:\/\/www.hygeiaivf.gr\/ro\/unitatea\/facilitatile-noastre\/","title":{"rendered":"Facilit\u0103\u021bile noastre"},"content":{"rendered":"\t\t<div data-elementor-type=\"wp-page\" data-elementor-id=\"16362\" class=\"elementor elementor-16362\" data-elementor-post-type=\"page\">\n\t\t\t\t\t\t<section class=\"elementor-section elementor-top-section elementor-element elementor-element-f9ffff8 elementor-section-boxed elementor-section-height-default elementor-section-height-default qodef-elementor-content-no\" data-id=\"f9ffff8\" data-element_type=\"section\">\n\t\t\t\t\t\t<div class=\"elementor-container elementor-column-gap-default\">\n\t\t\t\t\t<div class=\"elementor-column elementor-col-100 elementor-top-column elementor-element elementor-element-acf7769\" data-id=\"acf7769\" data-element_type=\"column\">\n\t\t\t<div class=\"elementor-widget-wrap elementor-element-populated\">\n\t\t\t\t\t\t<div class=\"elementor-element elementor-element-0af3f93 elementor-hidden-desktop elementor-hidden-tablet elementor-hidden-mobile elementor-widget elementor-widget-text-editor\" data-id=\"0af3f93\" data-element_type=\"widget\" data-widget_type=\"text-editor.default\">\n\t\t\t\t<div class=\"elementor-widget-container\">\n\t\t\t\t\t\t\t<div class=\"monada-top\" style=\"margin-top: -40px;\">\n\n<img decoding=\"async\" src=\"\/files\/2021\/10\/ivf23b.jpg\" alt=\"\" \/>\n<div style=\"position: absolute; bottom: 0; left: 0; background: linear-gradient(to top,rgba(0,0,0,1) 0,rgba(0,0,0,.5) 44%,transparent 100%); height: 35%; width: 100%;\"><\/div>\n<p style=\"position: absolute; bottom: 23px; left: 170px; width: 470px; max-width: 100%; color: #fff; font-size: 26px; line-height: 1.4; font-weight: 500;\">\u03a3\u03c4\u03b7 \u039c\u03bf\u03bd\u03ac\u03b4\u03b1 \u03a5\u0393\u0395\u0399\u0391 IVF \u0395\u03bc\u03b2\u03c1\u03c5\u03bf\u03b3\u03ad\u03bd\u03b5\u03c3\u03b9\u03c2 \u03b5\u03c0\u03b9\u03b8\u03c5\u03bc\u03bf\u03cd\u03bc\u03b5 \u03bd\u03b1 \u03c6\u03ad\u03c1\u03bd\u03bf\u03c5\u03bc\u03b5 \u03c0\u03b5\u03c1\u03b9\u03c3\u03c3\u03cc\u03c4\u03b5\u03c1\u03b7 \u03b1\u03b3\u03ac\u03c0\u03b7 \u03c3\u03c4\u03bf\u03bd \u03ba\u03cc\u03c3\u03bc\u03bf \u03c3\u03b1\u03c2.<\/p>\n<img decoding=\"async\" style=\"width: 50px; position: absolute; bottom: 95px; left: 101px;\" src=\"\/files\/2021\/10\/ivf_icon_white.png\" \/>\n\n<\/div>\t\t\t\t\t\t<\/div>\n\t\t\t\t<\/div>\n\t\t\t\t<section class=\"elementor-section elementor-inner-section elementor-element elementor-element-7e07768 elementor-section-full_width xoroi-first-image elementor-section-height-default elementor-section-height-default qodef-elementor-content-no\" data-id=\"7e07768\" data-element_type=\"section\">\n\t\t\t\t\t\t<div class=\"elementor-container elementor-column-gap-no\">\n\t\t\t\t\t<div class=\"elementor-column elementor-col-50 elementor-inner-column elementor-element elementor-element-4056495 left-image-cl\" data-id=\"4056495\" data-element_type=\"column\" id=\"xoroi-first-image\">\n\t\t\t<div class=\"elementor-widget-wrap elementor-element-populated\">\n\t\t\t\t\t\t<div class=\"elementor-element elementor-element-a7f2c73 elementor-widget elementor-widget-text-editor\" data-id=\"a7f2c73\" data-element_type=\"widget\" data-widget_type=\"text-editor.default\">\n\t\t\t\t<div class=\"elementor-widget-container\">\n\t\t\t\t\t\t\t<div class=\"xoroi-text\" style=\"background-color: #ffffff; padding: 34px 70px;\">\n\n<strong class=\"color-main\" style=\"font-size: 22px;\">Un ambient prietenos, c\u0103lduros si confortabil <\/strong>\n<p style=\"font-size: 17px;\">Toate facilit\u0103\u021bile Unit\u0103\u021bii HYGEIA FIV Embryogenesis au fost proiectate pentru a satisface pe deplin a\u0219tept\u0103rile dumneavoastr\u0103 pentru o experien\u021b\u0103 pl\u0103cut\u0103 \u0219i f\u0103r\u0103 stres.<\/p>\n<p style=\"font-size: 17px;\">Designul s\u0103u de ultim\u0103 genera\u021bie eman\u0103 superioritate, lux \u0219i siguran\u021b\u0103, cu accent pe armonie \u0219i confort total pentru fiecare vizitator.<\/p>\n\n<\/div>\t\t\t\t\t\t<\/div>\n\t\t\t\t<\/div>\n\t\t\t\t\t<\/div>\n\t\t<\/div>\n\t\t\t\t<div class=\"elementor-column elementor-col-50 elementor-inner-column elementor-element elementor-element-9cae6ef right-image-cl\" data-id=\"9cae6ef\" data-element_type=\"column\">\n\t\t\t<div class=\"elementor-widget-wrap elementor-element-populated\">\n\t\t\t\t\t\t<div class=\"elementor-element elementor-element-28cb5e2 elementor-widget elementor-widget-image\" data-id=\"28cb5e2\" data-element_type=\"widget\" data-widget_type=\"image.default\">\n\t\t\t\t<div class=\"elementor-widget-container\">\n\t\t\t\t\t\t\t\t\t\t\t\t\t<img decoding=\"async\" src=\"https:\/\/www.hygeiaivf.gr\/files\/elementor\/thumbs\/034-1-qr9evpptuxpuucpbetk6dttl0lozsdl7lk0mxtlk1g.jpg\" title=\"034\" alt=\"034\" loading=\"lazy\" \/>\t\t\t\t\t\t\t\t\t\t\t\t\t<\/div>\n\t\t\t\t<\/div>\n\t\t\t\t\t<\/div>\n\t\t<\/div>\n\t\t\t\t\t<\/div>\n\t\t<\/section>\n\t\t\t\t\t<\/div>\n\t\t<\/div>\n\t\t\t\t\t<\/div>\n\t\t<\/section>\n\t\t\t\t<section class=\"elementor-section elementor-top-section elementor-element elementor-element-6478f0e elementor-section-full_width elementor-section-height-default elementor-section-height-default qodef-elementor-content-no\" data-id=\"6478f0e\" data-element_type=\"section\">\n\t\t\t\t\t\t<div class=\"elementor-container elementor-column-gap-default\">\n\t\t\t\t\t<div class=\"elementor-column elementor-col-100 elementor-top-column elementor-element elementor-element-5c418dc\" data-id=\"5c418dc\" data-element_type=\"column\">\n\t\t\t<div class=\"elementor-widget-wrap elementor-element-populated\">\n\t\t\t\t\t\t<div class=\"elementor-element elementor-element-df9991c elementor-widget elementor-widget-stal_core_image_gallery\" data-id=\"df9991c\" data-element_type=\"widget\" data-widget_type=\"stal_core_image_gallery.default\">\n\t\t\t\t<div class=\"elementor-widget-container\">\n\t\t\t<div class=\"qodef-shortcode qodef-m  qodef-image-gallery qodef-magnific-popup qodef-popup-gallery qodef-grid qodef-swiper-container  qodef-gutter--small qodef-col-num--4  qodef-responsive--predefined\" data-options=\"{&quot;slidesPerView&quot;:&quot;4&quot;,&quot;spaceBetween&quot;:10,&quot;loop&quot;:true,&quot;autoplay&quot;:true,&quot;speed&quot;:&quot;&quot;,&quot;speedAnimation&quot;:&quot;&quot;}\">\n\t<div class=\"swiper-wrapper\">\n\t\t<div class=\"qodef-e qodef-image-wrapper swiper-slide\">\n\t\t\t<a class=\"qodef-popup-item\" itemprop=\"image\" href=\"https:\/\/www.hygeiaivf.gr\/files\/2021\/12\/008-scaled.jpg\" data-type=\"image\" title=\"\">\n\t\t\t<img fetchpriority=\"high\" decoding=\"async\" src=\"https:\/\/www.hygeiaivf.gr\/files\/2021\/12\/008-scaled-768x550.jpg\" alt=\"\" width=\"768\" height=\"550\" \/>\t\t\t<\/a>\n\t<\/div><div class=\"qodef-e qodef-image-wrapper swiper-slide\">\n\t\t\t<a class=\"qodef-popup-item\" itemprop=\"image\" href=\"https:\/\/www.hygeiaivf.gr\/files\/2021\/12\/26-scaled.jpg\" data-type=\"image\" title=\"\">\n\t\t\t<img decoding=\"async\" src=\"https:\/\/www.hygeiaivf.gr\/files\/2021\/12\/26-scaled-768x550.jpg\" alt=\"\" width=\"768\" height=\"550\" \/>\t\t\t<\/a>\n\t<\/div><div class=\"qodef-e qodef-image-wrapper swiper-slide\">\n\t\t\t<a class=\"qodef-popup-item\" itemprop=\"image\" href=\"https:\/\/www.hygeiaivf.gr\/files\/2021\/12\/034-scaled.jpg\" data-type=\"image\" title=\"\">\n\t\t\t<img decoding=\"async\" src=\"https:\/\/www.hygeiaivf.gr\/files\/2021\/12\/034-scaled-768x550.jpg\" alt=\"\" width=\"768\" height=\"550\" \/>\t\t\t<\/a>\n\t<\/div><div class=\"qodef-e qodef-image-wrapper swiper-slide\">\n\t\t\t<a class=\"qodef-popup-item\" itemprop=\"image\" href=\"https:\/\/www.hygeiaivf.gr\/files\/2021\/12\/041-scaled.jpg\" data-type=\"image\" title=\"\">\n\t\t\t<img loading=\"lazy\" decoding=\"async\" src=\"https:\/\/www.hygeiaivf.gr\/files\/2021\/12\/041-scaled-768x550.jpg\" alt=\"\" width=\"768\" height=\"550\" \/>\t\t\t<\/a>\n\t<\/div><div class=\"qodef-e qodef-image-wrapper swiper-slide\">\n\t\t\t<a class=\"qodef-popup-item\" itemprop=\"image\" href=\"https:\/\/www.hygeiaivf.gr\/files\/2021\/12\/049-scaled.jpg\" data-type=\"image\" title=\"\">\n\t\t\t<img loading=\"lazy\" decoding=\"async\" src=\"https:\/\/www.hygeiaivf.gr\/files\/2021\/12\/049-scaled-768x550.jpg\" alt=\"\" width=\"768\" height=\"550\" \/>\t\t\t<\/a>\n\t<\/div><div class=\"qodef-e qodef-image-wrapper swiper-slide\">\n\t\t\t<a class=\"qodef-popup-item\" itemprop=\"image\" href=\"https:\/\/www.hygeiaivf.gr\/files\/2021\/12\/072-scaled.jpg\" data-type=\"image\" title=\"\">\n\t\t\t<img loading=\"lazy\" decoding=\"async\" src=\"https:\/\/www.hygeiaivf.gr\/files\/2021\/12\/072-scaled-768x550.jpg\" alt=\"\" width=\"768\" height=\"550\" \/>\t\t\t<\/a>\n\t<\/div><div class=\"qodef-e qodef-image-wrapper swiper-slide\">\n\t\t\t<a class=\"qodef-popup-item\" itemprop=\"image\" href=\"https:\/\/www.hygeiaivf.gr\/files\/2021\/12\/081-scaled.jpg\" data-type=\"image\" title=\"\">\n\t\t\t<img loading=\"lazy\" decoding=\"async\" src=\"https:\/\/www.hygeiaivf.gr\/files\/2021\/12\/081-scaled-768x550.jpg\" alt=\"\" width=\"768\" height=\"550\" \/>\t\t\t<\/a>\n\t<\/div><div class=\"qodef-e qodef-image-wrapper swiper-slide\">\n\t\t\t<a class=\"qodef-popup-item\" itemprop=\"image\" href=\"https:\/\/www.hygeiaivf.gr\/files\/2021\/12\/087-scaled.jpg\" data-type=\"image\" title=\"\">\n\t\t\t<img loading=\"lazy\" decoding=\"async\" src=\"https:\/\/www.hygeiaivf.gr\/files\/2021\/12\/087-scaled-768x550.jpg\" alt=\"\" width=\"768\" height=\"550\" \/>\t\t\t<\/a>\n\t<\/div><div class=\"qodef-e qodef-image-wrapper swiper-slide\">\n\t\t\t<a class=\"qodef-popup-item\" itemprop=\"image\" href=\"https:\/\/www.hygeiaivf.gr\/files\/2021\/12\/103-scaled.jpg\" data-type=\"image\" title=\"\">\n\t\t\t<img loading=\"lazy\" decoding=\"async\" src=\"https:\/\/www.hygeiaivf.gr\/files\/2021\/12\/103-scaled-768x550.jpg\" alt=\"\" width=\"768\" height=\"550\" \/>\t\t\t<\/a>\n\t<\/div><div class=\"qodef-e qodef-image-wrapper swiper-slide\">\n\t\t\t<a class=\"qodef-popup-item\" itemprop=\"image\" href=\"https:\/\/www.hygeiaivf.gr\/files\/2021\/12\/120-scaled.jpg\" data-type=\"image\" title=\"\">\n\t\t\t<img loading=\"lazy\" decoding=\"async\" src=\"https:\/\/www.hygeiaivf.gr\/files\/2021\/12\/120-scaled-768x550.jpg\" alt=\"\" width=\"768\" height=\"550\" \/>\t\t\t<\/a>\n\t<\/div>\t<\/div>\n\t\t\t<div class=\"swiper-button-next\"><\/div>\n\t\t<div class=\"swiper-button-prev\"><\/div>\n\t\t<\/div>\t\t<\/div>\n\t\t\t\t<\/div>\n\t\t\t\t\t<\/div>\n\t\t<\/div>\n\t\t\t\t\t<\/div>\n\t\t<\/section>\n\t\t\t\t<\/div>\n\t\t","protected":false},"excerpt":{"rendered":"<p>\u03a3\u03c4\u03b7 \u039c\u03bf\u03bd\u03ac\u03b4\u03b1 \u03a5\u0393\u0395\u0399\u0391 IVF \u0395\u03bc\u03b2\u03c1\u03c5\u03bf\u03b3\u03ad\u03bd\u03b5\u03c3\u03b9\u03c2 \u03b5\u03c0\u03b9\u03b8\u03c5\u03bc\u03bf\u03cd\u03bc\u03b5 \u03bd\u03b1 \u03c6\u03ad\u03c1\u03bd\u03bf\u03c5\u03bc\u03b5 \u03c0\u03b5\u03c1\u03b9\u03c3\u03c3\u03cc\u03c4\u03b5\u03c1\u03b7 \u03b1\u03b3\u03ac\u03c0\u03b7 \u03c3\u03c4\u03bf\u03bd \u03ba\u03cc\u03c3\u03bc\u03bf \u03c3\u03b1\u03c2. Un ambient prietenos, c\u0103lduros si confortabil Toate facilit\u0103\u021bile Unit\u0103\u021bii HYGEIA FIV Embryogenesis au fost proiectate pentru a satisface pe deplin a\u0219tept\u0103rile dumneavoastr\u0103 pentru o experien\u021b\u0103 pl\u0103cut\u0103 \u0219i f\u0103r\u0103 stres. Designul s\u0103u de ultim\u0103 genera\u021bie eman\u0103 superioritate, lux \u0219i siguran\u021b\u0103, cu accent pe [&hellip;]<\/p>\n","protected":false},"author":1,"featured_media":0,"parent":16323,"menu_order":0,"comment_status":"closed","ping_status":"closed","template":"","meta":{"_acf_changed":false,"footnotes":""},"class_list":["post-16362","page","type-page","status-publish","hentry"],"acf":[],"jetpack_sharing_enabled":true,"_links":{"self":[{"href":"https:\/\/www.hygeiaivf.gr\/ro\/wp-json\/wp\/v2\/pages\/16362","targetHints":{"allow":["GET"]}}],"collection":[{"href":"https:\/\/www.hygeiaivf.gr\/ro\/wp-json\/wp\/v2\/pages"}],"about":[{"href":"https:\/\/www.hygeiaivf.gr\/ro\/wp-json\/wp\/v2\/types\/page"}],"author":[{"embeddable":true,"href":"https:\/\/www.hygeiaivf.gr\/ro\/wp-json\/wp\/v2\/users\/1"}],"replies":[{"embeddable":true,"href":"https:\/\/www.hygeiaivf.gr\/ro\/wp-json\/wp\/v2\/comments?post=16362"}],"version-history":[{"count":0,"href":"https:\/\/www.hygeiaivf.gr\/ro\/wp-json\/wp\/v2\/pages\/16362\/revisions"}],"up":[{"embeddable":true,"href":"https:\/\/www.hygeiaivf.gr\/ro\/wp-json\/wp\/v2\/pages\/16323"}],"wp:attachment":[{"href":"https:\/\/www.hygeiaivf.gr\/ro\/wp-json\/wp\/v2\/media?parent=16362"}],"curies":[{"name":"wp","href":"https:\/\/api.w.org\/{rel}","templated":true}]}}