{"id":16377,"date":"2022-06-09T14:24:38","date_gmt":"2022-06-09T11:24:38","guid":{"rendered":"https:\/\/www.hygeiaivf.gr\/?page_id=16377"},"modified":"2022-06-09T14:43:38","modified_gmt":"2022-06-09T11:43:38","slug":"laboratorul-de-embriologie","status":"publish","type":"page","link":"https:\/\/www.hygeiaivf.gr\/ro\/laboratorul-de-embriologie\/","title":{"rendered":"Laboratorul de Embriologie"},"content":{"rendered":"\t\t<div data-elementor-type=\"wp-page\" data-elementor-id=\"16377\" class=\"elementor elementor-16377\" data-elementor-post-type=\"page\">\n\t\t\t\t\t\t<section class=\"elementor-section elementor-top-section elementor-element elementor-element-46ac016 elementor-section-boxed elementor-section-height-default elementor-section-height-default qodef-elementor-content-no\" data-id=\"46ac016\" data-element_type=\"section\">\n\t\t\t\t\t\t<div class=\"elementor-container elementor-column-gap-default\">\n\t\t\t\t\t<div class=\"elementor-column elementor-col-100 elementor-top-column elementor-element elementor-element-b69b0dd\" data-id=\"b69b0dd\" data-element_type=\"column\">\n\t\t\t<div class=\"elementor-widget-wrap elementor-element-populated\">\n\t\t\t\t\t\t<div class=\"elementor-element elementor-element-ac47a69 elementor-widget elementor-widget-image\" data-id=\"ac47a69\" data-element_type=\"widget\" data-widget_type=\"image.default\">\n\t\t\t\t<div class=\"elementor-widget-container\">\n\t\t\t\t\t\t\t\t\t\t\t\t\t<img decoding=\"async\" src=\"https:\/\/www.hygeiaivf.gr\/files\/2022\/05\/lab.jpg\" title=\"lab\" alt=\"lab\" loading=\"lazy\" \/>\t\t\t\t\t\t\t\t\t\t\t\t\t<\/div>\n\t\t\t\t<\/div>\n\t\t\t\t\t<\/div>\n\t\t<\/div>\n\t\t\t\t\t<\/div>\n\t\t<\/section>\n\t\t\t\t<section class=\"elementor-section elementor-top-section elementor-element elementor-element-3e129d48 elementor-section-boxed elementor-section-height-default elementor-section-height-default qodef-elementor-content-no\" data-id=\"3e129d48\" data-element_type=\"section\">\n\t\t\t\t\t\t<div class=\"elementor-container elementor-column-gap-default\">\n\t\t\t\t\t<div class=\"elementor-column elementor-col-100 elementor-top-column elementor-element elementor-element-2ea1d723\" data-id=\"2ea1d723\" data-element_type=\"column\">\n\t\t\t<div class=\"elementor-widget-wrap elementor-element-populated\">\n\t\t\t\t\t\t<div class=\"elementor-element elementor-element-b9ae69a elementor-widget elementor-widget-text-editor\" data-id=\"b9ae69a\" data-element_type=\"widget\" data-widget_type=\"text-editor.default\">\n\t\t\t\t<div class=\"elementor-widget-container\">\n\t\t\t\t\t\t\t<div class=\"emvriologiko\" style=\"background: #ffffff; padding: 70px; margin-bottom: 11px;\">\n<p style=\"font-size: 22px; font-weight: 600;\">Laboratorul de Embriologie a Unit\u0103\u021bii HYGEIA FIV Embryogenesis este cel mai&nbsp; <strong style=\"color: #1d6c63;\">performat laborator \u00een Grecia<\/strong>&nbsp;\u0219i unul dintre cele mai bune \u00een lume.<\/p>\n<p style=\"font-size: 18px;\">Embriologii bine califica\u021bi, cu mul\u021bi ani de experien\u021b\u0103, echipamentele tehnologice de ultim\u0103 genera\u021bie, care func\u021bioneaz\u0103 pe baza celor mai \u00eenalte standarde de siguran\u021b\u0103 \u00een vigoare la nivel mondial, fac ca unitatea HYGEIA FIV Embryogenis s\u0103 fie cea mai fiabil\u0103 alegere pentru fiecare cuplu hipofertil.<\/p>\n<\/div>\n<div class=\"background-main\" style=\"padding: 70px;\">\n<p><strong>Tehnologie Time-lapse<\/strong><\/p>\n<p style=\"font-size: 18px;\">Sistemele time-lapse (de temporizare) const\u0103 \u00een incubatoare specializate care \u00eencorporeaz\u0103 camere de microscopie digitale specifice. Embrionii sunt fotografia\u021bi o dat\u0103 la 5-10 minute, iar aceste fotografii sunt realizate \u00eentr-un material video cu ajutorul unui software special. \u00cen acest fel, avem acum informa\u021bii despre dezvoltarea continu\u0103 a embrionilor pe tot parcursul \u0219ederii lor \u00een laborator. \u0218i toate acestea f\u0103r\u0103 a trebui s\u0103 p\u0103r\u0103seasc\u0103 incubatorul deloc.<\/p>\n<p style=\"font-size: 18px;\">Embrionii r\u0103m\u00e2n permanent \u00een mediul optim al incubatorului, evit\u00e2ndu-se astfel expunerea nedorit\u0103 la condi\u021bii externe suboptime.<\/p>\n<p style=\"font-size: 18px;\">\u00cenregistrarea video \u00een timp real a embrionilor pe m\u0103sur\u0103 ce ace\u0219tia se dezvolt\u0103 \u00een laborator, combinat\u0103 cu software-ul avansat \u0219i cantitatea mare de date generate de sistemele time-lapse, deschide un nou orizont de posibilit\u0103\u021bi. Combina\u021bia de timp-laps cu sistemele inteligente de inteligen\u021b\u0103 artificial\u0103 ((artificial intelligence, AI)), pe care le avem \u00een laboratorul embriologic al Unit\u0103\u021bii HYGEIA FIV, prevede foarte precis care embrioni vor duce la o sarcin\u0103 reu\u0219it\u0103 \u0219i se preconizeaz\u0103 c\u0103 vor cre\u0219te \u0219i mai mult ratele de succes, aduc\u00e2nd laboratorul embrionar \u00een noua er\u0103 a automatiz\u0103rii. De asemenea, time-lapse este un instrument de cercetare foarte util, oferind noi informa\u021bii despre procesele celulare ale embrionilor, care au fost anterior necunoscute oamenilor de \u0219tiin\u021b\u0103 \u00een domeniul reproducerii.<\/p>\n<\/div>\n<div class=\"emvr-images\">\n<p><img fetchpriority=\"high\" decoding=\"async\" class=\"alignnone wp-image-9750 size-large\" src=\"https:\/\/www.hygeiaivf.gr\/files\/2021\/12\/13-1024x683.jpg\" alt=\"\" width=\"1024\" height=\"683\" srcset=\"https:\/\/www.hygeiaivf.gr\/files\/2021\/12\/13-1024x683.jpg 1024w, https:\/\/www.hygeiaivf.gr\/files\/2021\/12\/13-300x200.jpg 300w, https:\/\/www.hygeiaivf.gr\/files\/2021\/12\/13-768x512.jpg 768w, https:\/\/www.hygeiaivf.gr\/files\/2021\/12\/13-1536x1024.jpg 1536w, https:\/\/www.hygeiaivf.gr\/files\/2021\/12\/13-2048x1365.jpg 2048w\" sizes=\"(max-width: 1024px) 100vw, 1024px\" \/><\/p>\n<p><img decoding=\"async\" class=\"alignnone wp-image-9740 size-large\" src=\"https:\/\/www.hygeiaivf.gr\/files\/2021\/12\/03-1024x683.jpg\" alt=\"\" width=\"1024\" height=\"683\" srcset=\"https:\/\/www.hygeiaivf.gr\/files\/2021\/12\/03-1024x683.jpg 1024w, https:\/\/www.hygeiaivf.gr\/files\/2021\/12\/03-300x200.jpg 300w, https:\/\/www.hygeiaivf.gr\/files\/2021\/12\/03-768x512.jpg 768w, https:\/\/www.hygeiaivf.gr\/files\/2021\/12\/03-1536x1024.jpg 1536w, https:\/\/www.hygeiaivf.gr\/files\/2021\/12\/03-2048x1365.jpg 2048w\" sizes=\"(max-width: 1024px) 100vw, 1024px\" \/><\/p>\n<\/div>\n<div class=\"background-main\" style=\"padding: 70px;\">\n<p><strong>Sistem de ventila\u021bie Life Aire IVF \u2013 Unic \u00een Grecia <\/strong><\/p>\n<p style=\"font-size: 18px;\">Puritatea aerului \u00een laboratorul embriologic este esen\u021bial\u0103 pentru dezvoltarea optim\u0103 a embrionilor \u00een timpul cultiv\u0103rii. Este necesar ca mediul de laborator s\u0103 nu con\u021bin\u0103 microorganisme d\u0103un\u0103toare, substan\u021be volatile \u0219i microparticule.<br>\u00cen cadrul laboratorului de embriologie al noii unit\u0103\u021bi, a fost instalat recent, primul din Europa \u0219i unul dintre pu\u021binii din lume, un sistem de purificare a aerului LifeAire IVF de ultim\u0103 genera\u021bie, care elimin\u0103 p\u00e2n\u0103 la 99,99&nbsp;% din contaminan\u021bi \u0219i demonstreaz\u0103 clinic c\u0103 \u00eembun\u0103t\u0103\u021be\u0219te p\u00e2n\u0103 la 14,9&nbsp;% dintre ratele de succes ale fertiliz\u0103rii in vitro. \u00cen special, filtrele IVF avansate LifeAire distrug agen\u021bii patogeni embriotoxici din aer \u0219i capteaz\u0103 p\u00e2n\u0103 la 99,99&nbsp;% din poluan\u021bii biologici \u0219i chimici de mediu, precum \u0219i virusurile, inclusiv coronavirusurile, asigur\u00e2nd puritatea absolut\u0103 \u0219i siguran\u021ba \u00een mediu a laboratorului embriologic \u00een care se dezvolt\u0103 embrionii.<\/p>\n<p style=\"font-size: 18px;\">Este primul sistem din Europa \u0219i unul dintre pu\u021binele \u00een prezent din lume.<\/p>\n<\/div>\n<div class=\"emvr-images\">\n<p><img decoding=\"async\" class=\"alignnone wp-image-9741 size-large\" src=\"https:\/\/www.hygeiaivf.gr\/files\/2021\/12\/04-1024x683.jpg\" alt=\"\" width=\"1024\" height=\"683\" srcset=\"https:\/\/www.hygeiaivf.gr\/files\/2021\/12\/04-1024x683.jpg 1024w, https:\/\/www.hygeiaivf.gr\/files\/2021\/12\/04-300x200.jpg 300w, https:\/\/www.hygeiaivf.gr\/files\/2021\/12\/04-768x512.jpg 768w, https:\/\/www.hygeiaivf.gr\/files\/2021\/12\/04-1536x1024.jpg 1536w, https:\/\/www.hygeiaivf.gr\/files\/2021\/12\/04-2048x1365.jpg 2048w\" sizes=\"(max-width: 1024px) 100vw, 1024px\" \/><\/p>\n<p><img loading=\"lazy\" decoding=\"async\" class=\"alignnone wp-image-9742 size-large\" src=\"https:\/\/www.hygeiaivf.gr\/files\/2021\/12\/05-1024x683.jpg\" alt=\"\" width=\"1024\" height=\"683\" srcset=\"https:\/\/www.hygeiaivf.gr\/files\/2021\/12\/05-1024x683.jpg 1024w, https:\/\/www.hygeiaivf.gr\/files\/2021\/12\/05-300x200.jpg 300w, https:\/\/www.hygeiaivf.gr\/files\/2021\/12\/05-768x512.jpg 768w, https:\/\/www.hygeiaivf.gr\/files\/2021\/12\/05-1536x1024.jpg 1536w, https:\/\/www.hygeiaivf.gr\/files\/2021\/12\/05-2048x1365.jpg 2048w\" sizes=\"(max-width: 1024px) 100vw, 1024px\" \/><\/p>\n<\/div>\n<div class=\"background-main\" style=\"padding: 70px;\">\n<p><strong>Sistemul de urm\u0103rire \u0219i identificare RIWitness<\/strong><\/p>\n<p style=\"font-size: 18px;\">Urm\u0103rirea \u0219i identificarea eficace a ovulelor, a spermei \u0219i a embrionilor cu pacien\u021bii unici respectivi \u00een toate etapele procesului de fertilizare in vitro reprezint\u0103 \u00een prezent o cerin\u021b\u0103 esen\u021bial\u0103, \u00een prezent \u0219i d.p.d.v. legal.<\/p>\n<p style=\"font-size: 18px;\">Sistemul electronic RIWitness, care utilizeaz\u0103 tehnologia RIFD, asigur\u0103 corectitudinea procedurilor pas cu pas \u0219i asigur\u0103 siguran\u021ba deplin\u0103, transparen\u021ba \u0219i, mai presus de toate, \u00eencrederea pacien\u021bilor no\u0219tri.<\/p>\n<\/div>\n<div class=\"emvr-images\">\n<p><img loading=\"lazy\" decoding=\"async\" class=\"alignnone wp-image-9751 size-large\" src=\"https:\/\/www.hygeiaivf.gr\/files\/2021\/12\/16-1024x683.jpg\" alt=\"\" width=\"1024\" height=\"683\" srcset=\"https:\/\/www.hygeiaivf.gr\/files\/2021\/12\/16-1024x683.jpg 1024w, https:\/\/www.hygeiaivf.gr\/files\/2021\/12\/16-300x200.jpg 300w, https:\/\/www.hygeiaivf.gr\/files\/2021\/12\/16-768x512.jpg 768w, https:\/\/www.hygeiaivf.gr\/files\/2021\/12\/16-1536x1024.jpg 1536w, https:\/\/www.hygeiaivf.gr\/files\/2021\/12\/16-2048x1365.jpg 2048w\" sizes=\"(max-width: 1024px) 100vw, 1024px\" \/><\/p>\n<p><img loading=\"lazy\" decoding=\"async\" class=\"alignnone wp-image-9744 size-large\" src=\"https:\/\/www.hygeiaivf.gr\/files\/2021\/12\/07-1024x683.jpg\" alt=\"\" width=\"1024\" height=\"683\" srcset=\"https:\/\/www.hygeiaivf.gr\/files\/2021\/12\/07-1024x683.jpg 1024w, https:\/\/www.hygeiaivf.gr\/files\/2021\/12\/07-300x200.jpg 300w, https:\/\/www.hygeiaivf.gr\/files\/2021\/12\/07-768x512.jpg 768w, https:\/\/www.hygeiaivf.gr\/files\/2021\/12\/07-1536x1024.jpg 1536w, https:\/\/www.hygeiaivf.gr\/files\/2021\/12\/07-2048x1365.jpg 2048w\" sizes=\"(max-width: 1024px) 100vw, 1024px\" \/><\/p>\n<\/div>\n<div class=\"background-main\" style=\"padding: 70px;\">\n<p><strong>Sistem de monitorizare a condi\u021biilor de laborator Log and guard<\/strong><\/p>\n<p style=\"font-size: 18px;\">Stabilitatea condi\u021biilor al laborator ului embriologic se realizeaz\u0103 prin \u00eenregistrarea continu\u0103 \u00een timp real a tuturor parametrilor critici prin sistemul de monitorizare \u201eLogandGuard\u201d. Cu acest sistem avem o eviden\u021b\u0103 continu\u0103 de 24\/7 a tuturor condi\u021biilor critice de laborator (temperatura cuptoarelor de incubator, frigiderelor, \u00eenc\u0103perilor, pH-ul lichidelor \u00een cre\u0219tere, nivelurile de CO2 &nbsp;\u0219i N2 &nbsp;\u00een cuptoarele de incubare, nivelurile de azot lichid din vasele de stocare ale materialului genetic la Banca de Crioconservare).<\/p>\n<\/div>\n<div class=\"emvr-images\">\n<p><img loading=\"lazy\" decoding=\"async\" class=\"alignnone wp-image-9745\" src=\"https:\/\/www.hygeiaivf.gr\/files\/2021\/12\/08-683x1024.jpg\" alt=\"\" width=\"1024\" height=\"1536\" srcset=\"https:\/\/www.hygeiaivf.gr\/files\/2021\/12\/08-683x1024.jpg 683w, https:\/\/www.hygeiaivf.gr\/files\/2021\/12\/08-200x300.jpg 200w, https:\/\/www.hygeiaivf.gr\/files\/2021\/12\/08-768x1152.jpg 768w, https:\/\/www.hygeiaivf.gr\/files\/2021\/12\/08-1024x1536.jpg 1024w, https:\/\/www.hygeiaivf.gr\/files\/2021\/12\/08-1365x2048.jpg 1365w, https:\/\/www.hygeiaivf.gr\/files\/2021\/12\/08-scaled.jpg 1707w\" sizes=\"(max-width: 1024px) 100vw, 1024px\" \/><\/p>\n<p><img loading=\"lazy\" decoding=\"async\" class=\"alignnone wp-image-9746 size-large\" src=\"https:\/\/www.hygeiaivf.gr\/files\/2021\/12\/09-1024x683.jpg\" alt=\"\" width=\"1024\" height=\"683\" srcset=\"https:\/\/www.hygeiaivf.gr\/files\/2021\/12\/09-1024x683.jpg 1024w, https:\/\/www.hygeiaivf.gr\/files\/2021\/12\/09-300x200.jpg 300w, https:\/\/www.hygeiaivf.gr\/files\/2021\/12\/09-768x512.jpg 768w, https:\/\/www.hygeiaivf.gr\/files\/2021\/12\/09-1536x1024.jpg 1536w, https:\/\/www.hygeiaivf.gr\/files\/2021\/12\/09-2048x1365.jpg 2048w\" sizes=\"(max-width: 1024px) 100vw, 1024px\" \/><\/p>\n<\/div>\n<div class=\"background-main\" style=\"padding: 70px;\">\n<p><strong>Sistemul inovator de inteligen\u021b\u0103 artificial\u0103 IVFVision.ai <\/strong><\/p>\n<p style=\"font-size: 18px;\">Cu sistemul inovator de inteligen\u021b\u0103 artificial\u0103 IVFVision.ai, al laboratorului de embriologie, se determin\u0103 cu precizie alegerea celui mai adecvat embrion pentru transfer de embrioni, cresc\u00e2nd astfel probabilitatea de sarcin\u0103 \u00een cuplurile hipofertile.<\/p>\n<p style=\"font-size: 18px;\">Sistemul IVFVision.ai, folosind inteligen\u021ba artificial\u0103 (artificial intelligence) dar \u0219i imagistica de ultim\u0103 genera\u021bie de computer, analizeaz\u0103 morfologia imaginilor de blastocist, (\u0219i anume imagine al ebrionului din a 5a&nbsp;zi)prin prelucrarea unor cantit\u0103\u021bi mari de date pe care mintea uman\u0103 nu le poate gestiona, prezice cu exactitate celulele stem care sunt cel mai probabil s\u0103 fie implantate, precum \u0219i cele mai potrivite pentru crioconservare.<\/p>\n<\/div>\n<div class=\"emvr-images\">\n<p><img loading=\"lazy\" decoding=\"async\" class=\"alignnone wp-image-9747 size-large\" src=\"https:\/\/www.hygeiaivf.gr\/files\/2021\/12\/10-1024x683.jpg\" alt=\"\" width=\"1024\" height=\"683\" srcset=\"https:\/\/www.hygeiaivf.gr\/files\/2021\/12\/10-1024x683.jpg 1024w, https:\/\/www.hygeiaivf.gr\/files\/2021\/12\/10-300x200.jpg 300w, https:\/\/www.hygeiaivf.gr\/files\/2021\/12\/10-768x512.jpg 768w, https:\/\/www.hygeiaivf.gr\/files\/2021\/12\/10-1536x1024.jpg 1536w, https:\/\/www.hygeiaivf.gr\/files\/2021\/12\/10-2048x1365.jpg 2048w\" sizes=\"(max-width: 1024px) 100vw, 1024px\" \/><\/p>\n<p><img loading=\"lazy\" decoding=\"async\" class=\"alignnone wp-image-9748 size-large\" src=\"https:\/\/www.hygeiaivf.gr\/files\/2021\/12\/11-1024x683.jpg\" alt=\"\" width=\"1024\" height=\"683\" srcset=\"https:\/\/www.hygeiaivf.gr\/files\/2021\/12\/11-1024x683.jpg 1024w, https:\/\/www.hygeiaivf.gr\/files\/2021\/12\/11-300x200.jpg 300w, https:\/\/www.hygeiaivf.gr\/files\/2021\/12\/11-768x512.jpg 768w, https:\/\/www.hygeiaivf.gr\/files\/2021\/12\/11-1536x1024.jpg 1536w, https:\/\/www.hygeiaivf.gr\/files\/2021\/12\/11-2048x1365.jpg 2048w\" sizes=\"(max-width: 1024px) 100vw, 1024px\" \/><\/p>\n<\/div>\n<div class=\"background-main\" style=\"padding: 70px;\">\n<p><strong>Banca de congelare<\/strong><\/p>\n<p style=\"font-size: 18px;\">Unitatea HYGEIA FIV Embryogenesis dispune o Banc\u0103 special\u0103 de Congelare, cu autoriza\u021bia oficial\u0103 din partea Autorit\u0103\u021bii Na\u021bionale pentru Reproducerea Uman\u0103 Asistat\u0103 Medical. Banca este situat\u0103 \u00een incinta Unit\u0103\u021bii \u0219i \u00eendepline\u0219te standarde \u00eenalte \u0219i toate normele de securitate. Banca dispune de un sistem electronic avansat de monitorizare 24 de ore din 24 a nivelului de azot lichid din recipientele de depozitare a materialului genetic, precum \u0219i de acces strict limitat personalului autorizat, oferind un mediu complet sigur pentru depozitarea embrionilor, ovulelor \u0219i a spermei congelate.<\/p>\n<\/div>\t\t\t\t\t\t<\/div>\n\t\t\t\t<\/div>\n\t\t\t\t\t<\/div>\n\t\t<\/div>\n\t\t\t\t\t<\/div>\n\t\t<\/section>\n\t\t\t\t<\/div>\n\t\t","protected":false},"excerpt":{"rendered":"<p>Laboratorul de Embriologie a Unit\u0103\u021bii HYGEIA FIV Embryogenesis este cel mai&nbsp; performat laborator \u00een Grecia&nbsp;\u0219i unul dintre cele mai bune \u00een lume. Embriologii bine califica\u021bi, cu mul\u021bi ani de experien\u021b\u0103, echipamentele tehnologice de ultim\u0103 genera\u021bie, care func\u021bioneaz\u0103 pe baza celor mai \u00eenalte standarde de siguran\u021b\u0103 \u00een vigoare la nivel mondial, fac ca unitatea HYGEIA FIV [&hellip;]<\/p>\n","protected":false},"author":1,"featured_media":0,"parent":0,"menu_order":0,"comment_status":"closed","ping_status":"closed","template":"","meta":{"_acf_changed":false,"footnotes":""},"class_list":["post-16377","page","type-page","status-publish","hentry"],"acf":[],"jetpack_sharing_enabled":true,"_links":{"self":[{"href":"https:\/\/www.hygeiaivf.gr\/ro\/wp-json\/wp\/v2\/pages\/16377","targetHints":{"allow":["GET"]}}],"collection":[{"href":"https:\/\/www.hygeiaivf.gr\/ro\/wp-json\/wp\/v2\/pages"}],"about":[{"href":"https:\/\/www.hygeiaivf.gr\/ro\/wp-json\/wp\/v2\/types\/page"}],"author":[{"embeddable":true,"href":"https:\/\/www.hygeiaivf.gr\/ro\/wp-json\/wp\/v2\/users\/1"}],"replies":[{"embeddable":true,"href":"https:\/\/www.hygeiaivf.gr\/ro\/wp-json\/wp\/v2\/comments?post=16377"}],"version-history":[{"count":0,"href":"https:\/\/www.hygeiaivf.gr\/ro\/wp-json\/wp\/v2\/pages\/16377\/revisions"}],"wp:attachment":[{"href":"https:\/\/www.hygeiaivf.gr\/ro\/wp-json\/wp\/v2\/media?parent=16377"}],"curies":[{"name":"wp","href":"https:\/\/api.w.org\/{rel}","templated":true}]}}