{"id":16409,"date":"2022-06-09T15:20:12","date_gmt":"2022-06-09T12:20:12","guid":{"rendered":"https:\/\/www.hygeiaivf.gr\/?page_id=16409"},"modified":"2022-06-09T15:24:43","modified_gmt":"2022-06-09T12:24:43","slug":"managementul-calitatii","status":"publish","type":"page","link":"https:\/\/www.hygeiaivf.gr\/ro\/unitatea\/managementul-calitatii\/","title":{"rendered":"Managementul calit\u0103\u021bii"},"content":{"rendered":"\t\t<div data-elementor-type=\"wp-page\" data-elementor-id=\"16409\" class=\"elementor elementor-16409\" data-elementor-post-type=\"page\">\n\t\t\t\t\t\t<section class=\"elementor-section elementor-top-section elementor-element elementor-element-ba06006 elementor-section-boxed elementor-section-height-default elementor-section-height-default qodef-elementor-content-no\" data-id=\"ba06006\" data-element_type=\"section\">\n\t\t\t\t\t\t<div class=\"elementor-container elementor-column-gap-default\">\n\t\t\t\t\t<div class=\"elementor-column elementor-col-100 elementor-top-column elementor-element elementor-element-1fc830a\" data-id=\"1fc830a\" data-element_type=\"column\">\n\t\t\t<div class=\"elementor-widget-wrap elementor-element-populated\">\n\t\t\t\t\t\t<div class=\"elementor-element elementor-element-b2da13a elementor-widget elementor-widget-text-editor\" data-id=\"b2da13a\" data-element_type=\"widget\" data-widget_type=\"text-editor.default\">\n\t\t\t\t<div class=\"elementor-widget-container\">\n\t\t\t\t\t\t\t<img fetchpriority=\"high\" decoding=\"async\" src=\"https:\/\/www.hygeiaivf.gr\/files\/2022\/01\/PISTOPOISIS.jpg\" alt=\"\" width=\"1920\" height=\"1085\" \/>\n<div style=\"background: #ffffff; padding: 70px; margin-bottom: 11px;\">\n<p style=\"font-size: 22px; font-weight: 600;\">La Unitatea HYGEIA FIV Embryogenesis aplic\u0103m un <strong>Sistem de Management a calit\u0103\u021bii, <\/strong>care acoper\u0103 \u00eentreaga gam\u0103 a serviciilor \u0219i opera\u021biunilor noastre (clinice, administrative, de laborator \u0219i suport).<\/p>\n<p style=\"text-align: center;\"><a href=\"https:\/\/www.hygeiaivf.gr\/files\/2022\/06\/CERT_IVF_15224_2022_GR.pdf\"><img decoding=\"async\" src=\"https:\/\/www.hygeiaivf.gr\/files\/2022\/03\/TUV-300x258.jpg\" alt=\"\" width=\"94\" height=\"78\" \/><\/a>EN 15224 \u2013 Sistem de Management a calit\u0103\u021bii \u2013 EN ISO 9001:2015 pentru asisten\u021b\u0103 medical\u0103<\/p>\n\n<\/div>\t\t\t\t\t\t<\/div>\n\t\t\t\t<\/div>\n\t\t\t\t<div class=\"elementor-element elementor-element-d957861 font-main elementor-widget elementor-widget-text-editor\" data-id=\"d957861\" data-element_type=\"widget\" data-widget_type=\"text-editor.default\">\n\t\t\t\t<div class=\"elementor-widget-container\">\n\t\t\t\t\t\t\t<p style=\"font-size: 22px; font-weight: 600;\">\u00cen cadrul acestui sistem, ne-am asumat urm\u0103toarele angajamente:<\/p><ul><li><strong>R\u0103spundem nevoilor, dorin\u021belor \u0219i a\u0219tept\u0103rilor pacien\u021bilor \u0219i ale rudelor acestora, <\/strong>\u00een vederea satisfacerii lor \u0219i a furniz\u0103rii optime de servicii. Ne propunem s\u0103 \u00eendeplinim cerin\u021bele angaja\u021bilor, partenerilor \u0219i a comunit\u0103\u021bii \u00een general, \u00een ceea ce prive\u0219te furnizarea de servicii de reproducere uman\u0103 asistat\u0103 medical, s\u0103n\u0103tatea \u0219i siguran\u021ba la locul de munc\u0103 \u0219i mediul \u00eenconjur\u0103tor.<\/li><li><strong>\u039de angaj\u0103m s\u0103 oferim servicii excelente <\/strong>dispun\u00e2nd de resursele necesare, de personal bine preg\u0103tit, de tehnologie de v\u00e2rf \u0219i de aplicarea bunelor practici profesionale.<br \/><strong>Respect\u0103m dispozi\u021biile legale \u0219i cerin\u021bele de reglementare aplicabile, care se aplic\u0103 periodic, precum \u0219i obliga\u021biile pe care ni le-am asumat\u00a0\u00een scris <\/strong>privind prestarea de servicii de sarcin\u0103 \u0219i procreare realizate prin alte metode dec\u00e2t uniunea normal\u0103 a unui b\u0103rbat \u0219i unei femeii, \u00eentre\u021binerea, furnizarea de game\u021bi umani, de material ovarian \u0219i testicular \u0219i de zigo\u021bilor \u0219i de ovule fecundate, destinate utiliz\u0103rii \u00een scopuri de cercetare sau \u00een contextul reproducerii umane asistate medical, securitatea \u0219i s\u0103n\u0103tatea lucr\u0103torilor, mediul \u0219i protec\u021bia datelor cu caracter personal.<\/li><\/ul><ul><li><strong>\u00cendeplinim cerin\u021bele standardului pentru care am primit certificare:<\/strong><ul><li>EN 15224 \u2013 Sistem de Management a calit\u0103\u021bii \u2013 EN ISO 9001:2015 pentru asisten\u021b\u0103 medical\u0103<\/li><\/ul><div>\u00a0<\/div><\/li><li><strong>Aplic\u0103m principiul de baz\u0103 al prevenirii <\/strong>\u00een toate activit\u0103\u021bile corporative.<\/li><\/ul><ul><li><strong>Protej\u0103m mediul \u00eenconjur\u0103tor. <\/strong>Ne angaj\u0103m s\u0103 prevenim poluarea, s\u0103 utiliz\u0103m \u00een mod durabil resursele, s\u0103 atenu\u0103m schimb\u0103rile climatice \u0219i s\u0103 ne adapt\u0103m la acestea, precum \u0219i s\u0103 protej\u0103m biodiversitatea \u0219i ecosistemele prin respectarea normelor de drept na\u021bionale \u0219i europene.<\/li><\/ul><ul><li>\u00een scopul prevenirii accidentelor de munc\u0103 \u015fi a bolilor. Ne angaj\u0103m s\u0103 elimin\u0103m riscurile \u0219i s\u0103 reducem riscurile la adresa s\u0103n\u0103t\u0103\u021bii \u0219i securit\u0103\u021bii \u00een munc\u0103. Ne angaj\u0103m s\u0103 sprijinim consultarea \u0219i participarea angaja\u021bilor \u0219i a reprezentan\u021bilor acestora.<\/li><\/ul><ul><li><strong>Asigur\u0103m un climat de \u00eencredere \u0219i de cultur\u0103 a securit\u0103\u021bii pentru personalul nostru, &lt;\/strongcare promoveaz\u0103 comunicarea deschis\u0103, participarea activ\u0103, diversitatea opiniilor, ap\u0103rarea drepturilor,asumarea r\u0103spunderii, siguran\u021ba, responsabilitatea fa\u021b\u0103 de mediu, munca \u00een echip\u0103, educa\u021bia \u0219i dezvoltarea personal\u0103, realizarea obiectivelor \u0219i recunoa\u0219terea atunci c\u00e2nd sunt \u00eendeplinite a\u0219tept\u0103rile.<\/strong><\/li><\/ul><ul><li><strong>Minimaliz\u0103m apari\u021bia devia\u021biilor <\/strong>de la standardul nostru opera\u021bional \u0219i de la practicile bune interna\u021bionale. Atenu\u0103m consecin\u021bele posibilelor incidente, accidente de munc\u0103 \u0219i\/sau de mediu \u0219i ne asigur\u0103m c\u0103 acestea sunt tratate \u00een mod eficace \u0219i rapid.<\/li><\/ul><ul><li><strong>Ne angaj\u0103m s\u0103 \u00eembun\u0103t\u0103\u021bim continuu sistemul de management al calit\u0103\u021bii, <\/strong>pentru a \u00eembun\u0103t\u0103\u021bi performan\u021ba noastr\u0103 \u0219i ca s\u0103 atingem obiectivele noastre strategice pentru excelen\u021ba antreprenorial\u0103.<\/li><\/ul>\t\t\t\t\t\t<\/div>\n\t\t\t\t<\/div>\n\t\t\t\t\t<\/div>\n\t\t<\/div>\n\t\t\t\t\t<\/div>\n\t\t<\/section>\n\t\t\t\t<section class=\"elementor-section elementor-top-section elementor-element elementor-element-a542f85 elementor-section-boxed elementor-section-height-default elementor-section-height-default qodef-elementor-content-no\" data-id=\"a542f85\" data-element_type=\"section\">\n\t\t\t\t\t\t<div class=\"elementor-container elementor-column-gap-default\">\n\t\t\t\t\t<div class=\"elementor-column elementor-col-100 elementor-top-column elementor-element elementor-element-169b794\" data-id=\"169b794\" data-element_type=\"column\">\n\t\t\t<div class=\"elementor-widget-wrap elementor-element-populated\">\n\t\t\t\t\t\t<div class=\"elementor-element elementor-element-960b21c elementor-widget elementor-widget-text-editor\" data-id=\"960b21c\" data-element_type=\"widget\" data-widget_type=\"text-editor.default\">\n\t\t\t\t<div class=\"elementor-widget-container\">\n\t\t\t\t\t\t\t<a href=\"https:\/\/www.hygeiaivf.gr\/files\/2022\/06\/CERT_IVF_15224_2022_GR.pdf\"><img decoding=\"async\" class=\"alignnone wp-image-13451\" src=\"https:\/\/www.hygeiaivf.gr\/files\/2022\/03\/TUV-300x258.jpg\" alt=\"\" width=\"157\" height=\"122\" \/><\/a><span lang=\"EL\"><b> EN 15224 \u2013 Sistem de Management a calit\u0103\u021bii \u2013 EN ISO 9001:2015 pentru asisten\u021b\u0103 medical\u0103<\/b><\/span>\t\t\t\t\t\t<\/div>\n\t\t\t\t<\/div>\n\t\t\t\t\t<\/div>\n\t\t<\/div>\n\t\t\t\t\t<\/div>\n\t\t<\/section>\n\t\t\t\t<\/div>\n\t\t","protected":false},"excerpt":{"rendered":"<p>La Unitatea HYGEIA FIV Embryogenesis aplic\u0103m un Sistem de Management a calit\u0103\u021bii, care acoper\u0103 \u00eentreaga gam\u0103 a serviciilor \u0219i opera\u021biunilor noastre (clinice, administrative, de laborator \u0219i suport). EN 15224 \u2013 Sistem de Management a calit\u0103\u021bii \u2013 EN ISO 9001:2015 pentru asisten\u021b\u0103 medical\u0103 \u00cen cadrul acestui sistem, ne-am asumat urm\u0103toarele angajamente: R\u0103spundem nevoilor, dorin\u021belor \u0219i a\u0219tept\u0103rilor [&hellip;]<\/p>\n","protected":false},"author":1,"featured_media":0,"parent":16323,"menu_order":0,"comment_status":"closed","ping_status":"closed","template":"","meta":{"_acf_changed":false,"footnotes":""},"class_list":["post-16409","page","type-page","status-publish","hentry"],"acf":[],"jetpack_sharing_enabled":true,"_links":{"self":[{"href":"https:\/\/www.hygeiaivf.gr\/ro\/wp-json\/wp\/v2\/pages\/16409","targetHints":{"allow":["GET"]}}],"collection":[{"href":"https:\/\/www.hygeiaivf.gr\/ro\/wp-json\/wp\/v2\/pages"}],"about":[{"href":"https:\/\/www.hygeiaivf.gr\/ro\/wp-json\/wp\/v2\/types\/page"}],"author":[{"embeddable":true,"href":"https:\/\/www.hygeiaivf.gr\/ro\/wp-json\/wp\/v2\/users\/1"}],"replies":[{"embeddable":true,"href":"https:\/\/www.hygeiaivf.gr\/ro\/wp-json\/wp\/v2\/comments?post=16409"}],"version-history":[{"count":0,"href":"https:\/\/www.hygeiaivf.gr\/ro\/wp-json\/wp\/v2\/pages\/16409\/revisions"}],"up":[{"embeddable":true,"href":"https:\/\/www.hygeiaivf.gr\/ro\/wp-json\/wp\/v2\/pages\/16323"}],"wp:attachment":[{"href":"https:\/\/www.hygeiaivf.gr\/ro\/wp-json\/wp\/v2\/media?parent=16409"}],"curies":[{"name":"wp","href":"https:\/\/api.w.org\/{rel}","templated":true}]}}