{"id":16809,"date":"2022-06-14T12:29:56","date_gmt":"2022-06-14T09:29:56","guid":{"rendered":"https:\/\/www.hygeiaivf.gr\/?page_id=16809"},"modified":"2022-06-14T12:30:42","modified_gmt":"2022-06-14T09:30:42","slug":"noutatile-noastre","status":"publish","type":"page","link":"https:\/\/www.hygeiaivf.gr\/ro\/unitatea\/noutatile-noastre\/","title":{"rendered":"Nout\u0103\u021bile noastre"},"content":{"rendered":"\t\t<div data-elementor-type=\"wp-page\" data-elementor-id=\"16809\" class=\"elementor elementor-16809\" data-elementor-post-type=\"page\">\n\t\t\t\t\t\t<section class=\"elementor-section elementor-top-section elementor-element elementor-element-acd1bdf elementor-section-full_width elementor-section-height-default elementor-section-height-default qodef-elementor-content-no\" data-id=\"acd1bdf\" data-element_type=\"section\">\n\t\t\t\t\t\t<div class=\"elementor-container elementor-column-gap-default\">\n\t\t\t\t\t<div class=\"elementor-column elementor-col-100 elementor-top-column elementor-element elementor-element-3ca4441\" data-id=\"3ca4441\" data-element_type=\"column\">\n\t\t\t<div class=\"elementor-widget-wrap elementor-element-populated\">\n\t\t\t\t\t\t<div class=\"elementor-element elementor-element-1d268f1 elementor-widget elementor-widget-stal_core_blog_list\" data-id=\"1d268f1\" data-element_type=\"widget\" data-widget_type=\"stal_core_blog_list.default\">\n\t\t\t\t<div class=\"elementor-widget-container\">\n\t\t\t<div class=\"qodef-shortcode qodef-m ta-nea-mas qodef-blog qodef-item-layout--simple qodef-grid qodef-layout--columns  qodef-gutter--normal qodef-col-num--1 qodef-item-layout--simple qodef-filter--on qodef--no-bottom-space qodef-pagination--off qodef-responsive--predefined\" data-options=\"{&quot;plugin&quot;:&quot;stal_core&quot;,&quot;module&quot;:&quot;blog\\\/shortcodes&quot;,&quot;shortcode&quot;:&quot;blog-list&quot;,&quot;post_type&quot;:&quot;post&quot;,&quot;next_page&quot;:&quot;2&quot;,&quot;custom_class&quot;:&quot;ta-nea-mas&quot;,&quot;behavior&quot;:&quot;columns&quot;,&quot;images_proportion&quot;:&quot;full&quot;,&quot;columns&quot;:&quot;1&quot;,&quot;columns_responsive&quot;:&quot;predefined&quot;,&quot;columns_1440&quot;:&quot;3&quot;,&quot;columns_1366&quot;:&quot;3&quot;,&quot;columns_1024&quot;:&quot;3&quot;,&quot;columns_768&quot;:&quot;3&quot;,&quot;columns_680&quot;:&quot;3&quot;,&quot;columns_480&quot;:&quot;3&quot;,&quot;space&quot;:&quot;normal&quot;,&quot;orderby&quot;:&quot;date&quot;,&quot;order&quot;:&quot;DESC&quot;,&quot;additional_params&quot;:&quot;tax&quot;,&quot;tax&quot;:&quot;category&quot;,&quot;tax_slug&quot;:&quot;deltia-typoy&quot;,&quot;layout&quot;:&quot;simple&quot;,&quot;title_tag&quot;:&quot;h5&quot;,&quot;excerpt_length&quot;:&quot;00&quot;,&quot;enable_filter&quot;:&quot;no&quot;,&quot;pagination_type&quot;:&quot;no-pagination&quot;,&quot;object_class_name&quot;:&quot;StalCoreBlogListShortcode&quot;,&quot;taxonomy_filter&quot;:&quot;category&quot;,&quot;additional_query_args&quot;:{&quot;tax_query&quot;:[{&quot;taxonomy&quot;:&quot;category&quot;,&quot;field&quot;:&quot;slug&quot;,&quot;terms&quot;:&quot;deltia-typoy&quot;}]},&quot;space_value&quot;:15}\">\n\t\t<div class=\"qodef-grid-inner clear\">\n\t\t<article class=\"qodef-e qodef-grid-item qodef-item--full post-16419 post type-post status-publish format-standard has-post-thumbnail hentry category-deltia-typou-ro\">\n\t<div class=\"qodef-e-inner\">\n\t\t\t<div class=\"qodef-e-media-image\">\n\t\t<a itemprop=\"url\" href=\"https:\/\/www.hygeiaivf.gr\/ro\/2022\/01\/03\/unitatea-model-de-reproducere-umana-asistata-medical-hygeia-fiv-embryogenesis-si-a-inceput-activitatea\/\">\n\t\t\t<img fetchpriority=\"high\" decoding=\"async\" width=\"2500\" height=\"1667\" src=\"https:\/\/www.hygeiaivf.gr\/files\/2021\/12\/SLIDER.jpg\" class=\"attachment-full size-full wp-post-image\" alt=\"\" srcset=\"https:\/\/www.hygeiaivf.gr\/files\/2021\/12\/SLIDER.jpg 2500w, https:\/\/www.hygeiaivf.gr\/files\/2021\/12\/SLIDER-300x200.jpg 300w, https:\/\/www.hygeiaivf.gr\/files\/2021\/12\/SLIDER-1024x683.jpg 1024w, https:\/\/www.hygeiaivf.gr\/files\/2021\/12\/SLIDER-768x512.jpg 768w, https:\/\/www.hygeiaivf.gr\/files\/2021\/12\/SLIDER-1536x1024.jpg 1536w, https:\/\/www.hygeiaivf.gr\/files\/2021\/12\/SLIDER-2048x1366.jpg 2048w\" sizes=\"(max-width: 2500px) 100vw, 2500px\" \/>\t\t<\/a>\n\t<\/div>\n\t\t<div class=\"qodef-e-content\">\n\t\t\t<div itemprop=\"dateCreated\" class=\"qodef-e-info-item qodef-e-info-date entry-date \">\n\t<a itemprop=\"url\" href=\"https:\/\/www.hygeiaivf.gr\/ro\/2022\/01\/\">January 3, 2022<\/a>\n\t<meta itemprop=\"interactionCount\" content=\"UserComments: 0\"\/>\n<\/div>\t\t\t<h5 itemprop=\"name\" class=\"qodef-e-title entry-title\" >\n\t<a itemprop=\"url\" class=\"qodef-e-title-link\" href=\"https:\/\/www.hygeiaivf.gr\/ro\/2022\/01\/03\/unitatea-model-de-reproducere-umana-asistata-medical-hygeia-fiv-embryogenesis-si-a-inceput-activitatea\/\">\n\t\tUnitatea model de Reproducere Uman\u0103 Asistat\u0103 Medical, HYGEIA FIV Embryogenesis, \u0219i-a \u00eenceput activitatea.\t<\/a>\n<\/h5>\t\t<\/div>\n\t<\/div>\n<\/article><article class=\"qodef-e qodef-grid-item qodef-item--full post-16420 post type-post status-publish format-standard hentry category-deltia-typou-ro\">\n\t<div class=\"qodef-e-inner\">\n\t\t\t\t<div class=\"qodef-e-content\">\n\t\t\t<div itemprop=\"dateCreated\" class=\"qodef-e-info-item qodef-e-info-date entry-date \">\n\t<a itemprop=\"url\" href=\"https:\/\/www.hygeiaivf.gr\/ro\/2021\/11\/\">November 15, 2021<\/a>\n\t<meta itemprop=\"interactionCount\" content=\"UserComments: 0\"\/>\n<\/div>\t\t\t<h5 itemprop=\"name\" class=\"qodef-e-title entry-title\" >\n\t<a itemprop=\"url\" class=\"qodef-e-title-link\" href=\"https:\/\/www.hygeiaivf.gr\/ro\/2021\/11\/15\/dr-ioannis-zervomanolakis-se-alatura-personalului-medical-a-noii-unitati-de-reproducere-umana-asistata-medical-hygeia-fiv-athens\/\">\n\t\tDr. Ioannis Zervomanolakis  se al\u0103tur\u0103 personalului medical a noii Unit\u0103\u021bi de Reproducere Uman\u0103 Asistat\u0103 Medical HYGEIA FIV Athens\t<\/a>\n<\/h5>\t\t<\/div>\n\t<\/div>\n<\/article><article class=\"qodef-e qodef-grid-item qodef-item--full post-16426 post type-post status-publish format-standard hentry category-deltia-typou-ro\">\n\t<div class=\"qodef-e-inner\">\n\t\t\t\t<div class=\"qodef-e-content\">\n\t\t\t<div itemprop=\"dateCreated\" class=\"qodef-e-info-item qodef-e-info-date entry-date \">\n\t<a itemprop=\"url\" href=\"https:\/\/www.hygeiaivf.gr\/ro\/2021\/11\/\">November 15, 2021<\/a>\n\t<meta itemprop=\"interactionCount\" content=\"UserComments: 0\"\/>\n<\/div>\t\t\t<h5 itemprop=\"name\" class=\"qodef-e-title entry-title\" >\n\t<a itemprop=\"url\" class=\"qodef-e-title-link\" href=\"https:\/\/www.hygeiaivf.gr\/ro\/2021\/11\/15\/hygeia-fiv-athens-cea-mai-mare-investitie-in-unitate-de-reproducere-asistata-din-grecia-in-ultimul-deceniu-de-catre-grupul\/\">\n\t\tHYGEIA FIV \u2013 Athens Cea mai mare investi\u021bie \u00een Unitate de Reproducere Asistat\u0103 din Grecia \u00een ultimul deceniu de c\u0103tre Grupul\t<\/a>\n<\/h5>\t\t<\/div>\n\t<\/div>\n<\/article>\t<\/div>\n\t<\/div>\t\t<\/div>\n\t\t\t\t<\/div>\n\t\t\t\t\t<\/div>\n\t\t<\/div>\n\t\t\t\t\t<\/div>\n\t\t<\/section>\n\t\t\t\t<\/div>\n\t\t","protected":false},"excerpt":{"rendered":"<p>9 \u0399\u03bf\u03c5\u03bd\u03af\u03bf\u03c5, 2022 HYGEIA FIV \u2013 Athens Cea mai mare investi\u021bie \u00een Unitate de Reproducere Asistat\u0103 din Grecia \u00een ultimul deceniu de c\u0103tre Grupul 9 \u0399\u03bf\u03c5\u03bd\u03af\u03bf\u03c5, 2022 Unitatea model de Reproducere Uman\u0103 Asistat\u0103 Medical, HYGEIA FIV Embryogenesis, \u0219i-a \u00eenceput activitatea. 9 \u0399\u03bf\u03c5\u03bd\u03af\u03bf\u03c5, 2022 Dr. Ioannis Zervomanolakis se al\u0103tur\u0103 personalului medical a noii Unit\u0103\u021bi de Reproducere [&hellip;]<\/p>\n","protected":false},"author":1,"featured_media":0,"parent":16323,"menu_order":0,"comment_status":"closed","ping_status":"closed","template":"","meta":{"_acf_changed":false,"footnotes":""},"class_list":["post-16809","page","type-page","status-publish","hentry"],"acf":[],"jetpack_sharing_enabled":true,"_links":{"self":[{"href":"https:\/\/www.hygeiaivf.gr\/ro\/wp-json\/wp\/v2\/pages\/16809","targetHints":{"allow":["GET"]}}],"collection":[{"href":"https:\/\/www.hygeiaivf.gr\/ro\/wp-json\/wp\/v2\/pages"}],"about":[{"href":"https:\/\/www.hygeiaivf.gr\/ro\/wp-json\/wp\/v2\/types\/page"}],"author":[{"embeddable":true,"href":"https:\/\/www.hygeiaivf.gr\/ro\/wp-json\/wp\/v2\/users\/1"}],"replies":[{"embeddable":true,"href":"https:\/\/www.hygeiaivf.gr\/ro\/wp-json\/wp\/v2\/comments?post=16809"}],"version-history":[{"count":0,"href":"https:\/\/www.hygeiaivf.gr\/ro\/wp-json\/wp\/v2\/pages\/16809\/revisions"}],"up":[{"embeddable":true,"href":"https:\/\/www.hygeiaivf.gr\/ro\/wp-json\/wp\/v2\/pages\/16323"}],"wp:attachment":[{"href":"https:\/\/www.hygeiaivf.gr\/ro\/wp-json\/wp\/v2\/media?parent=16809"}],"curies":[{"name":"wp","href":"https:\/\/api.w.org\/{rel}","templated":true}]}}